{"id":984,"date":"2023-02-27T15:06:27","date_gmt":"2023-02-27T15:06:27","guid":{"rendered":"https:\/\/uhryorgues.com\/?page_id=984"},"modified":"2023-04-07T13:51:11","modified_gmt":"2023-04-07T13:51:11","slug":"composition-eichsel-rheinfelden","status":"publish","type":"page","link":"https:\/\/uhryorgues.com\/index.php\/composition-eichsel-rheinfelden\/","title":{"rendered":"COMPOSITION EICHSEL &#8211; RHEINFELDEN"},"content":{"rendered":"\t\t<div data-elementor-type=\"wp-page\" data-elementor-id=\"984\" class=\"elementor elementor-984\">\n\t\t\t\t\t\t<section class=\"elementor-section elementor-top-section elementor-element elementor-element-4be4f12 elementor-section-boxed elementor-section-height-default elementor-section-height-default\" data-id=\"4be4f12\" data-element_type=\"section\" data-e-type=\"section\" data-settings=\"{&quot;background_background&quot;:&quot;classic&quot;}\">\n\t\t\t\t\t\t\t<div class=\"elementor-background-overlay\"><\/div>\n\t\t\t\t\t\t\t<div class=\"elementor-container elementor-column-gap-default\">\n\t\t\t\t\t<div class=\"elementor-column elementor-col-100 elementor-top-column elementor-element elementor-element-1887cbf\" data-id=\"1887cbf\" data-element_type=\"column\" data-e-type=\"column\">\n\t\t\t<div class=\"elementor-widget-wrap elementor-element-populated\">\n\t\t\t\t\t\t<div class=\"elementor-element elementor-element-523b4e0 elementor-widget elementor-widget-heading\" data-id=\"523b4e0\" data-element_type=\"widget\" data-e-type=\"widget\" data-widget_type=\"heading.default\">\n\t\t\t\t<div class=\"elementor-widget-container\">\n\t\t\t\t\t<h1 class=\"elementor-heading-title elementor-size-default\">EICHSEL - RHEINFELDEN<\/h1>\t\t\t\t<\/div>\n\t\t\t\t<\/div>\n\t\t\t\t\t<\/div>\n\t\t<\/div>\n\t\t\t\t\t<\/div>\n\t\t<\/section>\n\t\t\t\t<section class=\"elementor-section elementor-top-section elementor-element elementor-element-09332c9 elementor-section-boxed elementor-section-height-default elementor-section-height-default\" data-id=\"09332c9\" data-element_type=\"section\" data-e-type=\"section\">\n\t\t\t\t\t\t<div class=\"elementor-container elementor-column-gap-default\">\n\t\t\t\t\t<div class=\"elementor-column elementor-col-100 elementor-top-column elementor-element elementor-element-b292cd5\" data-id=\"b292cd5\" data-element_type=\"column\" data-e-type=\"column\">\n\t\t\t<div class=\"elementor-widget-wrap elementor-element-populated\">\n\t\t\t\t\t\t<div class=\"elementor-element elementor-element-b928440 elementor-widget elementor-widget-heading\" data-id=\"b928440\" data-element_type=\"widget\" data-e-type=\"widget\" data-widget_type=\"heading.default\">\n\t\t\t\t<div class=\"elementor-widget-container\">\n\t\t\t\t\t<h6 class=\"elementor-heading-title elementor-size-default\"><span style=\"font-size: 34px\">ORGUE DE L'EGLISE SAINT GALLUS <\/span><br>Facteur d'orgues : Joseph Merklin 1828\/1830<br>Restauration : Fischer + kr\u00e4mer Orgelbau 1981<br>Clavier unique, p\u00e9dalier, 14 registres<br>Traction m\u00e9canique des notes et jeux<br><\/h6>\t\t\t\t<\/div>\n\t\t\t\t<\/div>\n\t\t\t\t\t<\/div>\n\t\t<\/div>\n\t\t\t\t\t<\/div>\n\t\t<\/section>\n\t\t\t\t<section class=\"elementor-section elementor-top-section elementor-element elementor-element-784b49a elementor-section-boxed elementor-section-height-default elementor-section-height-default\" data-id=\"784b49a\" data-element_type=\"section\" data-e-type=\"section\">\n\t\t\t\t\t\t<div class=\"elementor-container elementor-column-gap-default\">\n\t\t\t\t\t<div class=\"elementor-column elementor-col-33 elementor-top-column elementor-element elementor-element-d0c4d9f\" data-id=\"d0c4d9f\" data-element_type=\"column\" data-e-type=\"column\">\n\t\t\t<div class=\"elementor-widget-wrap elementor-element-populated\">\n\t\t\t\t\t\t<div class=\"elementor-element elementor-element-d76c02f elementor-widget elementor-widget-text-editor\" data-id=\"d76c02f\" data-element_type=\"widget\" data-e-type=\"widget\" data-widget_type=\"text-editor.default\">\n\t\t\t\t<div class=\"elementor-widget-container\">\n\t\t\t\t\t\t\t\t\t<h6 style=\"text-align: left;\">Manual<br \/>54 notes C-f<\/h6><h6 style=\"text-align: left;\">Principal 8&prime;<br \/>Octav 4&prime;<br \/>Cornet 5f. 8&prime;<br \/>Bourdon 8&prime; &#8211; 16&prime;<br \/>Flauttravers 8&prime;<br \/>Salicional 8&prime;<br \/>Quinte 3&prime;<br \/>Fl\u00f6te 4&prime;<br \/>Octav 2&prime;<br \/>Mixtur 4 rgs 1&prime;<\/h6><p>\u00a0<\/p>\t\t\t\t\t\t\t\t<\/div>\n\t\t\t\t<\/div>\n\t\t\t\t\t<\/div>\n\t\t<\/div>\n\t\t\t\t<div class=\"elementor-column elementor-col-33 elementor-top-column elementor-element elementor-element-3357b46\" data-id=\"3357b46\" data-element_type=\"column\" data-e-type=\"column\">\n\t\t\t<div class=\"elementor-widget-wrap elementor-element-populated\">\n\t\t\t\t\t\t<div class=\"elementor-element elementor-element-2913799 elementor-widget elementor-widget-text-editor\" data-id=\"2913799\" data-element_type=\"widget\" data-e-type=\"widget\" data-widget_type=\"text-editor.default\">\n\t\t\t\t<div class=\"elementor-widget-container\">\n\t\t\t\t\t\t\t\t\t<h6 style=\"font-style: normal; text-align: left;\">Pedal<br \/>30 notes C-f<\/h6><h6 style=\"font-style: normal; text-align: left;\">Subbass 16&prime;<br \/>Octavbass 8&prime;<br \/>Trompetbass 8&prime;<br \/><span style=\"font-weight: inherit; color: var(--ast-global-color-2); background-color: var(--ast-global-color-4);\">Clairon 4&prime;<\/span><\/h6><p>\u00a0<\/p><p>\u00a0<\/p><h6 style=\"font-style: normal; text-align: left;\">\u00a0<\/h6>\t\t\t\t\t\t\t\t<\/div>\n\t\t\t\t<\/div>\n\t\t\t\t\t<\/div>\n\t\t<\/div>\n\t\t\t\t<div class=\"elementor-column elementor-col-33 elementor-top-column elementor-element elementor-element-529d089\" data-id=\"529d089\" data-element_type=\"column\" data-e-type=\"column\">\n\t\t\t<div class=\"elementor-widget-wrap elementor-element-populated\">\n\t\t\t\t\t\t<div class=\"elementor-element elementor-element-396fae8 elementor-widget elementor-widget-text-editor\" data-id=\"396fae8\" data-element_type=\"widget\" data-e-type=\"widget\" data-widget_type=\"text-editor.default\">\n\t\t\t\t<div class=\"elementor-widget-container\">\n\t\t\t\t\t\t\t\t\t<h6>Accessoires<\/h6><h6><br \/><span style=\"background-color: var(--ast-global-color-4); color: var(--ast-global-color-2); font-size: 0.9375rem; font-style: inherit;\">Choralforte<br \/><\/span>Pedal-Koppel<br \/>Tremblant doux<\/h6>\t\t\t\t\t\t\t\t<\/div>\n\t\t\t\t<\/div>\n\t\t\t\t\t<\/div>\n\t\t<\/div>\n\t\t\t\t\t<\/div>\n\t\t<\/section>\n\t\t\t\t<section class=\"elementor-section elementor-top-section elementor-element elementor-element-9ef1499 elementor-section-boxed elementor-section-height-default elementor-section-height-default\" data-id=\"9ef1499\" data-element_type=\"section\" data-e-type=\"section\">\n\t\t\t\t\t\t<div class=\"elementor-container elementor-column-gap-default\">\n\t\t\t\t\t<div class=\"elementor-column elementor-col-100 elementor-top-column elementor-element elementor-element-2c492fe\" data-id=\"2c492fe\" data-element_type=\"column\" data-e-type=\"column\">\n\t\t\t<div class=\"elementor-widget-wrap elementor-element-populated\">\n\t\t\t\t\t\t<div class=\"elementor-element elementor-element-47eb77e elementor-widget elementor-widget-text-editor\" data-id=\"47eb77e\" data-element_type=\"widget\" data-e-type=\"widget\" data-widget_type=\"text-editor.default\">\n\t\t\t\t<div class=\"elementor-widget-container\">\n\t\t\t\t\t\t\t\t\t<h6 style=\"text-align: center;\"><strong>Temp\u00e9rament Kirnberger III<\/strong><\/h6>\t\t\t\t\t\t\t\t<\/div>\n\t\t\t\t<\/div>\n\t\t\t\t<div class=\"elementor-element elementor-element-a2220b9 elementor-widget elementor-widget-text-editor\" data-id=\"a2220b9\" data-element_type=\"widget\" data-e-type=\"widget\" data-widget_type=\"text-editor.default\">\n\t\t\t\t<div class=\"elementor-widget-container\">\n\t\t\t\t\t\t\t\t\t<h6><b><span style=\"font-size: 11.0pt; mso-bidi-font-size: 12.0pt; font-family: 'Comic Sans MS';\">Maintenance annuelle de l\u2019orgue<\/span><\/b><\/h6>\t\t\t\t\t\t\t\t<\/div>\n\t\t\t\t<\/div>\n\t\t\t\t\t<\/div>\n\t\t<\/div>\n\t\t\t\t\t<\/div>\n\t\t<\/section>\n\t\t\t\t<section class=\"elementor-section elementor-top-section elementor-element elementor-element-3f94825 elementor-section-boxed elementor-section-height-default elementor-section-height-default\" data-id=\"3f94825\" data-element_type=\"section\" data-e-type=\"section\">\n\t\t\t\t\t\t<div class=\"elementor-container elementor-column-gap-default\">\n\t\t\t\t\t<div class=\"elementor-column elementor-col-100 elementor-top-column elementor-element elementor-element-06352cf\" data-id=\"06352cf\" data-element_type=\"column\" data-e-type=\"column\">\n\t\t\t<div class=\"elementor-widget-wrap elementor-element-populated\">\n\t\t\t\t\t\t<div class=\"elementor-element elementor-element-9017c41 elementor-widget elementor-widget-image\" data-id=\"9017c41\" data-element_type=\"widget\" data-e-type=\"widget\" data-widget_type=\"image.default\">\n\t\t\t\t<div class=\"elementor-widget-container\">\n\t\t\t\t\t\t\t\t\t\t\t\t\t\t\t<img fetchpriority=\"high\" decoding=\"async\" width=\"1024\" height=\"768\" src=\"https:\/\/uhryorgues.com\/wp-content\/uploads\/2023\/02\/102_0252-1024x768.jpg\" class=\"attachment-large size-large wp-image-995\" alt=\"\" srcset=\"https:\/\/uhryorgues.com\/wp-content\/uploads\/2023\/02\/102_0252-1024x768.jpg 1024w, https:\/\/uhryorgues.com\/wp-content\/uploads\/2023\/02\/102_0252-300x225.jpg 300w, https:\/\/uhryorgues.com\/wp-content\/uploads\/2023\/02\/102_0252-768x576.jpg 768w, https:\/\/uhryorgues.com\/wp-content\/uploads\/2023\/02\/102_0252-1536x1152.jpg 1536w, https:\/\/uhryorgues.com\/wp-content\/uploads\/2023\/02\/102_0252-2048x1536.jpg 2048w\" sizes=\"(max-width: 1024px) 100vw, 1024px\" \/>\t\t\t\t\t\t\t\t\t\t\t\t\t\t\t<\/div>\n\t\t\t\t<\/div>\n\t\t\t\t\t<\/div>\n\t\t<\/div>\n\t\t\t\t\t<\/div>\n\t\t<\/section>\n\t\t\t\t<\/div>\n\t\t","protected":false},"excerpt":{"rendered":"<p>EICHSEL &#8211; RHEINFELDEN ORGUE DE L&rsquo;EGLISE SAINT GALLUS Facteur d&rsquo;orgues : Joseph Merklin 1828\/1830Restauration : Fischer + kr\u00e4mer Orgelbau 1981Clavier unique, p\u00e9dalier, 14 registresTraction m\u00e9canique des notes et jeux Manual54 notes C-f Principal 8&prime;Octav 4&prime;Cornet 5f. 8&prime;Bourdon 8&prime; &#8211; 16&prime;Flauttravers 8&prime;Salicional 8&prime;Quinte 3&prime;Fl\u00f6te 4&prime;Octav 2&prime;Mixtur 4 rgs 1&prime; \u00a0 Pedal30 notes C-f Subbass 16&prime;Octavbass 8&prime;Trompetbass [&hellip;]<\/p>\n","protected":false},"author":1,"featured_media":0,"parent":0,"menu_order":0,"comment_status":"closed","ping_status":"closed","template":"","meta":{"site-sidebar-layout":"no-sidebar","site-content-layout":"page-builder","ast-site-content-layout":"default","site-content-style":"default","site-sidebar-style":"default","ast-global-header-display":"","ast-banner-title-visibility":"","ast-main-header-display":"","ast-hfb-above-header-display":"","ast-hfb-below-header-display":"","ast-hfb-mobile-header-display":"","site-post-title":"disabled","ast-breadcrumbs-content":"","ast-featured-img":"disabled","footer-sml-layout":"","ast-disable-related-posts":"","theme-transparent-header-meta":"","adv-header-id-meta":"","stick-header-meta":"","header-above-stick-meta":"","header-main-stick-meta":"","header-below-stick-meta":"","astra-migrate-meta-layouts":"default","ast-page-background-enabled":"default","ast-page-background-meta":{"desktop":{"background-color":"","background-image":"","background-repeat":"repeat","background-position":"center center","background-size":"auto","background-attachment":"scroll","background-type":"","background-media":"","overlay-type":"","overlay-color":"","overlay-opacity":"","overlay-gradient":""},"tablet":{"background-color":"","background-image":"","background-repeat":"repeat","background-position":"center center","background-size":"auto","background-attachment":"scroll","background-type":"","background-media":"","overlay-type":"","overlay-color":"","overlay-opacity":"","overlay-gradient":""},"mobile":{"background-color":"","background-image":"","background-repeat":"repeat","background-position":"center center","background-size":"auto","background-attachment":"scroll","background-type":"","background-media":"","overlay-type":"","overlay-color":"","overlay-opacity":"","overlay-gradient":""}},"ast-content-background-meta":{"desktop":{"background-color":"var(--ast-global-color-5)","background-image":"","background-repeat":"repeat","background-position":"center center","background-size":"auto","background-attachment":"scroll","background-type":"","background-media":"","overlay-type":"","overlay-color":"","overlay-opacity":"","overlay-gradient":""},"tablet":{"background-color":"var(--ast-global-color-5)","background-image":"","background-repeat":"repeat","background-position":"center center","background-size":"auto","background-attachment":"scroll","background-type":"","background-media":"","overlay-type":"","overlay-color":"","overlay-opacity":"","overlay-gradient":""},"mobile":{"background-color":"var(--ast-global-color-5)","background-image":"","background-repeat":"repeat","background-position":"center center","background-size":"auto","background-attachment":"scroll","background-type":"","background-media":"","overlay-type":"","overlay-color":"","overlay-opacity":"","overlay-gradient":""}},"footnotes":""},"class_list":["post-984","page","type-page","status-publish","hentry"],"aioseo_notices":[],"_links":{"self":[{"href":"https:\/\/uhryorgues.com\/index.php\/wp-json\/wp\/v2\/pages\/984","targetHints":{"allow":["GET"]}}],"collection":[{"href":"https:\/\/uhryorgues.com\/index.php\/wp-json\/wp\/v2\/pages"}],"about":[{"href":"https:\/\/uhryorgues.com\/index.php\/wp-json\/wp\/v2\/types\/page"}],"author":[{"embeddable":true,"href":"https:\/\/uhryorgues.com\/index.php\/wp-json\/wp\/v2\/users\/1"}],"replies":[{"embeddable":true,"href":"https:\/\/uhryorgues.com\/index.php\/wp-json\/wp\/v2\/comments?post=984"}],"version-history":[{"count":43,"href":"https:\/\/uhryorgues.com\/index.php\/wp-json\/wp\/v2\/pages\/984\/revisions"}],"predecessor-version":[{"id":2228,"href":"https:\/\/uhryorgues.com\/index.php\/wp-json\/wp\/v2\/pages\/984\/revisions\/2228"}],"wp:attachment":[{"href":"https:\/\/uhryorgues.com\/index.php\/wp-json\/wp\/v2\/media?parent=984"}],"curies":[{"name":"wp","href":"https:\/\/api.w.org\/{rel}","templated":true}]}}