{"id":950,"date":"2023-02-27T14:00:02","date_gmt":"2023-02-27T14:00:02","guid":{"rendered":"https:\/\/uhryorgues.com\/?page_id=950"},"modified":"2023-04-07T13:48:19","modified_gmt":"2023-04-07T13:48:19","slug":"composition-bremen","status":"publish","type":"page","link":"https:\/\/uhryorgues.com\/index.php\/composition-bremen\/","title":{"rendered":"COMPOSITION BREMEN"},"content":{"rendered":"\t\t<div data-elementor-type=\"wp-page\" data-elementor-id=\"950\" class=\"elementor elementor-950\">\n\t\t\t\t\t\t<section class=\"elementor-section elementor-top-section elementor-element elementor-element-480cd6f elementor-section-boxed elementor-section-height-default elementor-section-height-default\" data-id=\"480cd6f\" data-element_type=\"section\" data-e-type=\"section\" data-settings=\"{&quot;background_background&quot;:&quot;classic&quot;}\">\n\t\t\t\t\t\t\t<div class=\"elementor-background-overlay\"><\/div>\n\t\t\t\t\t\t\t<div class=\"elementor-container elementor-column-gap-default\">\n\t\t\t\t\t<div class=\"elementor-column elementor-col-100 elementor-top-column elementor-element elementor-element-dc5b4e6\" data-id=\"dc5b4e6\" data-element_type=\"column\" data-e-type=\"column\">\n\t\t\t<div class=\"elementor-widget-wrap elementor-element-populated\">\n\t\t\t\t\t\t<div class=\"elementor-element elementor-element-d735fa8 elementor-widget elementor-widget-heading\" data-id=\"d735fa8\" data-element_type=\"widget\" data-e-type=\"widget\" data-widget_type=\"heading.default\">\n\t\t\t\t<div class=\"elementor-widget-container\">\n\t\t\t\t\t<h1 class=\"elementor-heading-title elementor-size-default\">BREMEN<\/h1>\t\t\t\t<\/div>\n\t\t\t\t<\/div>\n\t\t\t\t\t<\/div>\n\t\t<\/div>\n\t\t\t\t\t<\/div>\n\t\t<\/section>\n\t\t\t\t<section class=\"elementor-section elementor-top-section elementor-element elementor-element-de43571 elementor-section-boxed elementor-section-height-default elementor-section-height-default\" data-id=\"de43571\" data-element_type=\"section\" data-e-type=\"section\">\n\t\t\t\t\t\t<div class=\"elementor-container elementor-column-gap-default\">\n\t\t\t\t\t<div class=\"elementor-column elementor-col-100 elementor-top-column elementor-element elementor-element-b35f4fd\" data-id=\"b35f4fd\" data-element_type=\"column\" data-e-type=\"column\">\n\t\t\t<div class=\"elementor-widget-wrap elementor-element-populated\">\n\t\t\t\t\t\t<div class=\"elementor-element elementor-element-e068ed6 elementor-widget elementor-widget-heading\" data-id=\"e068ed6\" data-element_type=\"widget\" data-e-type=\"widget\" data-widget_type=\"heading.default\">\n\t\t\t\t<div class=\"elementor-widget-container\">\n\t\t\t\t\t<h2 class=\"elementor-heading-title elementor-size-default\">Orgue de l'eglIsE protestante Saint Remberti <\/h2>\t\t\t\t<\/div>\n\t\t\t\t<\/div>\n\t\t\t\t<div class=\"elementor-element elementor-element-1ce6ace elementor-widget elementor-widget-heading\" data-id=\"1ce6ace\" data-element_type=\"widget\" data-e-type=\"widget\" data-widget_type=\"heading.default\">\n\t\t\t\t<div class=\"elementor-widget-container\">\n\t\t\t\t\t<h6 class=\"elementor-heading-title elementor-size-default\"><br>Facteur d'orgues : Fischer + kr\u00e4mer Orgelbau 1994<br>3 claviers, p\u00e9dalier, 33 jeux\n<p class=\"MsoNormal\" style=\"margin-bottom:0cm;line-height:normal\"><br><\/p><p class=\"MsoNormal\" style=\"margin-bottom:0cm;line-height:normal\"><span>Combinateur\n\u00e9lectronique<\/span><\/p>\n\n<p class=\"MsoNormal\" style=\"margin-bottom:0cm;line-height:normal\"><span>Traction\nm\u00e9canique des notes <\/span><\/p>\n\n<p class=\"MsoNormal\" style=\"margin-bottom:0cm;line-height:normal\"><span>Traction\n\u00e9lectrique des jeux <\/span><\/p>\n<p class=\"MsoNormal\" style=\"margin-bottom:0cm;line-height:normal\"><span style=\"background-color: var(--ast-global-color-4);font-size: 0.9375rem;font-style: inherit;font-weight: inherit\"><\/span><\/p><\/h6>\t\t\t\t<\/div>\n\t\t\t\t<\/div>\n\t\t\t\t\t<\/div>\n\t\t<\/div>\n\t\t\t\t\t<\/div>\n\t\t<\/section>\n\t\t\t\t<section class=\"elementor-section elementor-top-section elementor-element elementor-element-2845e0e elementor-section-boxed elementor-section-height-default elementor-section-height-default\" data-id=\"2845e0e\" data-element_type=\"section\" data-e-type=\"section\">\n\t\t\t\t\t\t<div class=\"elementor-container elementor-column-gap-default\">\n\t\t\t\t\t<div class=\"elementor-column elementor-col-20 elementor-top-column elementor-element elementor-element-7a281be\" data-id=\"7a281be\" data-element_type=\"column\" data-e-type=\"column\">\n\t\t\t<div class=\"elementor-widget-wrap elementor-element-populated\">\n\t\t\t\t\t\t<div class=\"elementor-element elementor-element-ce54873 elementor-widget elementor-widget-text-editor\" data-id=\"ce54873\" data-element_type=\"widget\" data-e-type=\"widget\" data-widget_type=\"text-editor.default\">\n\t\t\t\t<div class=\"elementor-widget-container\">\n\t\t\t\t\t\t\t\t\t<h6 style=\"text-align: left;\">I &#8211; Hauptwerk<br \/>56 notes C-g<\/h6><h6>Bourdon 16&prime;<br \/>Prestant 8&prime;<br \/>Rohrfl\u00f6te 8&prime;<br \/>Octav 4&prime;<br \/>Duifl\u00f6te 4&prime;<br \/>Quinte 2 2\/3&prime;<br \/>Octav 2&prime;<br \/>Mixtur 4-5f. 1 1\/3&prime;<br \/>Trompette 8&prime;<\/h6>\t\t\t\t\t\t\t\t<\/div>\n\t\t\t\t<\/div>\n\t\t\t\t\t<\/div>\n\t\t<\/div>\n\t\t\t\t<div class=\"elementor-column elementor-col-20 elementor-top-column elementor-element elementor-element-0f6b117\" data-id=\"0f6b117\" data-element_type=\"column\" data-e-type=\"column\">\n\t\t\t<div class=\"elementor-widget-wrap elementor-element-populated\">\n\t\t\t\t\t\t<div class=\"elementor-element elementor-element-ab7a22d elementor-widget elementor-widget-text-editor\" data-id=\"ab7a22d\" data-element_type=\"widget\" data-e-type=\"widget\" data-widget_type=\"text-editor.default\">\n\t\t\t\t<div class=\"elementor-widget-container\">\n\t\t\t\t\t\t\t\t\t<h6 style=\"font-style: normal; text-align: left;\">II &#8211; Positvwerk<br \/>56 notes C-g<\/h6><h6 style=\"font-style: normal; text-align: left;\">Bourdon 8&prime;<br \/>Fl\u00fcte 4&prime;<br \/>Cornet 3f. 2 2\/3&prime;<br \/>Sifflet 1&prime;<br \/>Cromorne 8&prime;<\/h6><h6>\u00a0<\/h6>\t\t\t\t\t\t\t\t<\/div>\n\t\t\t\t<\/div>\n\t\t\t\t\t<\/div>\n\t\t<\/div>\n\t\t\t\t<div class=\"elementor-column elementor-col-20 elementor-top-column elementor-element elementor-element-844b464\" data-id=\"844b464\" data-element_type=\"column\" data-e-type=\"column\">\n\t\t\t<div class=\"elementor-widget-wrap elementor-element-populated\">\n\t\t\t\t\t\t<div class=\"elementor-element elementor-element-bb00e50 elementor-widget elementor-widget-text-editor\" data-id=\"bb00e50\" data-element_type=\"widget\" data-e-type=\"widget\" data-widget_type=\"text-editor.default\">\n\t\t\t\t<div class=\"elementor-widget-container\">\n\t\t\t\t\t\t\t\t\t<h6 style=\"font-style: normal;\">III &#8211; Schwellwerk<br \/>56 notes C-g<\/h6><h6 style=\"font-style: normal;\">Holhfl\u00f6te 8&prime;<br \/>Viola 8&prime;<br \/>Voix C\u00e9leste 8&prime;<br \/>Principal 4&prime;<br \/>Fl\u00fbte traversi\u00e8re 4&prime;<br \/>Nasard 2 2\/3&prime;<br \/>Waldfl\u00f6te 2&prime;<br \/>Tierce 1 3\/5&prime;<br \/>Fourniture 4f. 3\/5&prime;<br \/>Basson 16&prime;<br \/>Trompette Harmonique 8&prime;<br \/>Hautbois 8&prime;\u00a0<\/h6><h6 style=\"font-style: normal;\">\u00a0<\/h6><h6 style=\"font-style: normal;\">\u00a0<\/h6><h6 style=\"font-style: normal;\">\u00a0<\/h6>\t\t\t\t\t\t\t\t<\/div>\n\t\t\t\t<\/div>\n\t\t\t\t\t<\/div>\n\t\t<\/div>\n\t\t\t\t<div class=\"elementor-column elementor-col-20 elementor-top-column elementor-element elementor-element-03f0d95\" data-id=\"03f0d95\" data-element_type=\"column\" data-e-type=\"column\">\n\t\t\t<div class=\"elementor-widget-wrap elementor-element-populated\">\n\t\t\t\t\t\t<div class=\"elementor-element elementor-element-eb8fbdf elementor-widget elementor-widget-text-editor\" data-id=\"eb8fbdf\" data-element_type=\"widget\" data-e-type=\"widget\" data-widget_type=\"text-editor.default\">\n\t\t\t\t<div class=\"elementor-widget-container\">\n\t\t\t\t\t\t\t\t\t<h6>Pedal<br \/>30 notes<\/h6><h6><span style=\"color: var(--ast-global-color-2); font-size: 0.9375rem; font-style: inherit; background-color: var(--ast-global-color-4);\">Subbass 16&prime;<br \/><\/span><span style=\"color: var(--ast-global-color-2); font-size: 0.9375rem; font-style: inherit; background-color: var(--ast-global-color-4);\">Octav 8&prime;<br \/><\/span>Gedeckt 8&prime;<br \/>Octav 4&prime;<br \/>Hintersatz 4f. 2 2\/3&prime;<br \/>Bombarde 16&prime;<br \/>Trompette 8&prime;<\/h6><p>\u00a0<\/p>\t\t\t\t\t\t\t\t<\/div>\n\t\t\t\t<\/div>\n\t\t\t\t\t<\/div>\n\t\t<\/div>\n\t\t\t\t<div class=\"elementor-column elementor-col-20 elementor-top-column elementor-element elementor-element-a78b5d2\" data-id=\"a78b5d2\" data-element_type=\"column\" data-e-type=\"column\">\n\t\t\t<div class=\"elementor-widget-wrap elementor-element-populated\">\n\t\t\t\t\t\t<div class=\"elementor-element elementor-element-807d3e9 elementor-widget elementor-widget-text-editor\" data-id=\"807d3e9\" data-element_type=\"widget\" data-e-type=\"widget\" data-widget_type=\"text-editor.default\">\n\t\t\t\t<div class=\"elementor-widget-container\">\n\t\t\t\t\t\t\t\t\t<h6>Accessoires<\/h6><h6><span style=\"background-color: var(--ast-global-color-4); color: var(--ast-global-color-2); font-size: 0.9375rem; font-style: inherit;\">Koppel II\/I<br \/><\/span>Koppel III\/I<br \/>Koppel III\/II<br \/>Koppel I\/Pedal<br \/>koppel II\/Pedal<br \/>koppel III\/Pedal<\/h6><h6><br \/>Tr\u00e9molo II<br \/>Tr\u00e9molo III<\/h6>\t\t\t\t\t\t\t\t<\/div>\n\t\t\t\t<\/div>\n\t\t\t\t\t<\/div>\n\t\t<\/div>\n\t\t\t\t\t<\/div>\n\t\t<\/section>\n\t\t\t\t<section class=\"elementor-section elementor-top-section elementor-element elementor-element-d693f4e elementor-section-boxed elementor-section-height-default elementor-section-height-default\" data-id=\"d693f4e\" data-element_type=\"section\" data-e-type=\"section\">\n\t\t\t\t\t\t<div class=\"elementor-container elementor-column-gap-default\">\n\t\t\t\t\t<div class=\"elementor-column elementor-col-100 elementor-top-column elementor-element elementor-element-7aaf9fd\" data-id=\"7aaf9fd\" data-element_type=\"column\" data-e-type=\"column\">\n\t\t\t<div class=\"elementor-widget-wrap elementor-element-populated\">\n\t\t\t\t\t\t<div class=\"elementor-element elementor-element-45fea46 elementor-widget elementor-widget-text-editor\" data-id=\"45fea46\" data-element_type=\"widget\" data-e-type=\"widget\" data-widget_type=\"text-editor.default\">\n\t\t\t\t<div class=\"elementor-widget-container\">\n\t\t\t\t\t\t\t\t\t<h6>R\u00e9vision annuelle de l&rsquo;orgue<br>Repeaussage des soufflets en 2019&nbsp; &nbsp; &nbsp; &nbsp;&nbsp;<\/h6>\t\t\t\t\t\t\t\t<\/div>\n\t\t\t\t<\/div>\n\t\t\t\t\t<\/div>\n\t\t<\/div>\n\t\t\t\t\t<\/div>\n\t\t<\/section>\n\t\t\t\t<\/div>\n\t\t","protected":false},"excerpt":{"rendered":"<p>BREMEN Orgue de l&rsquo;eglIsE protestante Saint Remberti Facteur d&rsquo;orgues : Fischer + kr\u00e4mer Orgelbau 19943 claviers, p\u00e9dalier, 33 jeux Combinateur \u00e9lectronique Traction m\u00e9canique des notes Traction \u00e9lectrique des jeux I &#8211; Hauptwerk56 notes C-g Bourdon 16&prime;Prestant 8&prime;Rohrfl\u00f6te 8&prime;Octav 4&prime;Duifl\u00f6te 4&prime;Quinte 2 2\/3&prime;Octav 2&prime;Mixtur 4-5f. 1 1\/3&prime;Trompette 8&prime; II &#8211; Positvwerk56 notes C-g Bourdon 8&prime;Fl\u00fcte 4&prime;Cornet [&hellip;]<\/p>\n","protected":false},"author":1,"featured_media":0,"parent":0,"menu_order":0,"comment_status":"closed","ping_status":"closed","template":"","meta":{"site-sidebar-layout":"no-sidebar","site-content-layout":"page-builder","ast-site-content-layout":"default","site-content-style":"default","site-sidebar-style":"default","ast-global-header-display":"","ast-banner-title-visibility":"","ast-main-header-display":"","ast-hfb-above-header-display":"","ast-hfb-below-header-display":"","ast-hfb-mobile-header-display":"","site-post-title":"disabled","ast-breadcrumbs-content":"","ast-featured-img":"disabled","footer-sml-layout":"","ast-disable-related-posts":"","theme-transparent-header-meta":"","adv-header-id-meta":"","stick-header-meta":"","header-above-stick-meta":"","header-main-stick-meta":"","header-below-stick-meta":"","astra-migrate-meta-layouts":"default","ast-page-background-enabled":"default","ast-page-background-meta":{"desktop":{"background-color":"","background-image":"","background-repeat":"repeat","background-position":"center center","background-size":"auto","background-attachment":"scroll","background-type":"","background-media":"","overlay-type":"","overlay-color":"","overlay-opacity":"","overlay-gradient":""},"tablet":{"background-color":"","background-image":"","background-repeat":"repeat","background-position":"center center","background-size":"auto","background-attachment":"scroll","background-type":"","background-media":"","overlay-type":"","overlay-color":"","overlay-opacity":"","overlay-gradient":""},"mobile":{"background-color":"","background-image":"","background-repeat":"repeat","background-position":"center center","background-size":"auto","background-attachment":"scroll","background-type":"","background-media":"","overlay-type":"","overlay-color":"","overlay-opacity":"","overlay-gradient":""}},"ast-content-background-meta":{"desktop":{"background-color":"var(--ast-global-color-5)","background-image":"","background-repeat":"repeat","background-position":"center center","background-size":"auto","background-attachment":"scroll","background-type":"","background-media":"","overlay-type":"","overlay-color":"","overlay-opacity":"","overlay-gradient":""},"tablet":{"background-color":"var(--ast-global-color-5)","background-image":"","background-repeat":"repeat","background-position":"center center","background-size":"auto","background-attachment":"scroll","background-type":"","background-media":"","overlay-type":"","overlay-color":"","overlay-opacity":"","overlay-gradient":""},"mobile":{"background-color":"var(--ast-global-color-5)","background-image":"","background-repeat":"repeat","background-position":"center center","background-size":"auto","background-attachment":"scroll","background-type":"","background-media":"","overlay-type":"","overlay-color":"","overlay-opacity":"","overlay-gradient":""}},"footnotes":""},"class_list":["post-950","page","type-page","status-publish","hentry"],"aioseo_notices":[],"_links":{"self":[{"href":"https:\/\/uhryorgues.com\/index.php\/wp-json\/wp\/v2\/pages\/950","targetHints":{"allow":["GET"]}}],"collection":[{"href":"https:\/\/uhryorgues.com\/index.php\/wp-json\/wp\/v2\/pages"}],"about":[{"href":"https:\/\/uhryorgues.com\/index.php\/wp-json\/wp\/v2\/types\/page"}],"author":[{"embeddable":true,"href":"https:\/\/uhryorgues.com\/index.php\/wp-json\/wp\/v2\/users\/1"}],"replies":[{"embeddable":true,"href":"https:\/\/uhryorgues.com\/index.php\/wp-json\/wp\/v2\/comments?post=950"}],"version-history":[{"count":88,"href":"https:\/\/uhryorgues.com\/index.php\/wp-json\/wp\/v2\/pages\/950\/revisions"}],"predecessor-version":[{"id":2222,"href":"https:\/\/uhryorgues.com\/index.php\/wp-json\/wp\/v2\/pages\/950\/revisions\/2222"}],"wp:attachment":[{"href":"https:\/\/uhryorgues.com\/index.php\/wp-json\/wp\/v2\/media?parent=950"}],"curies":[{"name":"wp","href":"https:\/\/api.w.org\/{rel}","templated":true}]}}