{"id":859,"date":"2023-02-26T15:11:52","date_gmt":"2023-02-26T15:11:52","guid":{"rendered":"https:\/\/uhryorgues.com\/?page_id=859"},"modified":"2024-11-13T15:39:19","modified_gmt":"2024-11-13T15:39:19","slug":"me-connaitre","status":"publish","type":"page","link":"https:\/\/uhryorgues.com\/index.php\/me-connaitre\/","title":{"rendered":"ME CONNA\u00ceTRE"},"content":{"rendered":"\t\t<div data-elementor-type=\"wp-page\" data-elementor-id=\"859\" class=\"elementor elementor-859\">\n\t\t\t\t\t\t<section class=\"elementor-section elementor-top-section elementor-element elementor-element-7a60380 elementor-section-boxed elementor-section-height-default elementor-section-height-default\" data-id=\"7a60380\" data-element_type=\"section\" data-e-type=\"section\">\n\t\t\t\t\t\t<div class=\"elementor-container elementor-column-gap-default\">\n\t\t\t\t\t<div class=\"elementor-column elementor-col-100 elementor-top-column elementor-element elementor-element-cdded02\" data-id=\"cdded02\" data-element_type=\"column\" data-e-type=\"column\">\n\t\t\t<div class=\"elementor-widget-wrap elementor-element-populated\">\n\t\t\t\t\t\t<div class=\"elementor-element elementor-element-27bda8d elementor-widget elementor-widget-heading\" data-id=\"27bda8d\" data-element_type=\"widget\" data-e-type=\"widget\" data-widget_type=\"heading.default\">\n\t\t\t\t<div class=\"elementor-widget-container\">\n\t\t\t\t\t<h2 class=\"elementor-heading-title elementor-size-default\">Me conna\u00eetre<\/h2>\t\t\t\t<\/div>\n\t\t\t\t<\/div>\n\t\t\t\t<div class=\"elementor-element elementor-element-941630b elementor-widget elementor-widget-image\" data-id=\"941630b\" data-element_type=\"widget\" data-e-type=\"widget\" data-widget_type=\"image.default\">\n\t\t\t\t<div class=\"elementor-widget-container\">\n\t\t\t\t\t\t\t\t\t\t\t\t\t\t\t<img fetchpriority=\"high\" decoding=\"async\" width=\"419\" height=\"385\" src=\"https:\/\/uhryorgues.com\/wp-content\/uploads\/2023\/03\/outillages.jpg\" class=\"attachment-medium_large size-medium_large wp-image-2025\" alt=\"\" srcset=\"https:\/\/uhryorgues.com\/wp-content\/uploads\/2023\/03\/outillages.jpg 419w, https:\/\/uhryorgues.com\/wp-content\/uploads\/2023\/03\/outillages-300x276.jpg 300w\" sizes=\"(max-width: 419px) 100vw, 419px\" \/>\t\t\t\t\t\t\t\t\t\t\t\t\t\t\t<\/div>\n\t\t\t\t<\/div>\n\t\t\t\t\t<\/div>\n\t\t<\/div>\n\t\t\t\t\t<\/div>\n\t\t<\/section>\n\t\t\t\t<section class=\"elementor-section elementor-top-section elementor-element elementor-element-08b4de0 elementor-section-boxed elementor-section-height-default elementor-section-height-default\" data-id=\"08b4de0\" data-element_type=\"section\" data-e-type=\"section\">\n\t\t\t\t\t\t<div class=\"elementor-container elementor-column-gap-default\">\n\t\t\t\t\t<div class=\"elementor-column elementor-col-20 elementor-top-column elementor-element elementor-element-ea19f8b\" data-id=\"ea19f8b\" data-element_type=\"column\" data-e-type=\"column\">\n\t\t\t<div class=\"elementor-widget-wrap elementor-element-populated\">\n\t\t\t\t\t\t<div class=\"elementor-element elementor-element-9eca311 elementor-widget elementor-widget-image\" data-id=\"9eca311\" data-element_type=\"widget\" data-e-type=\"widget\" data-widget_type=\"image.default\">\n\t\t\t\t<div class=\"elementor-widget-container\">\n\t\t\t\t\t\t\t\t\t\t\t\t\t\t\t\t<a href=\"https:\/\/uhryorgues.com\/wp-content\/uploads\/2023\/03\/011-Ohnenheim-Relevage-de-lorgue-V1-scaled.jpg\" data-elementor-open-lightbox=\"yes\" data-elementor-lightbox-title=\"011 Ohnenheim Relevage de l&#039;orgue V1\" data-e-action-hash=\"#elementor-action%3Aaction%3Dlightbox%26settings%3DeyJpZCI6MjAyOCwidXJsIjoiaHR0cHM6XC9cL3Vocnlvcmd1ZXMuY29tXC93cC1jb250ZW50XC91cGxvYWRzXC8yMDIzXC8wM1wvMDExLU9obmVuaGVpbS1SZWxldmFnZS1kZS1sb3JndWUtVjEtc2NhbGVkLmpwZyJ9\">\n\t\t\t\t\t\t\t<img decoding=\"async\" width=\"729\" height=\"1024\" src=\"https:\/\/uhryorgues.com\/wp-content\/uploads\/2023\/03\/011-Ohnenheim-Relevage-de-lorgue-V1-729x1024.jpg\" class=\"attachment-large size-large wp-image-2028\" alt=\"\" srcset=\"https:\/\/uhryorgues.com\/wp-content\/uploads\/2023\/03\/011-Ohnenheim-Relevage-de-lorgue-V1-729x1024.jpg 729w, https:\/\/uhryorgues.com\/wp-content\/uploads\/2023\/03\/011-Ohnenheim-Relevage-de-lorgue-V1-214x300.jpg 214w, https:\/\/uhryorgues.com\/wp-content\/uploads\/2023\/03\/011-Ohnenheim-Relevage-de-lorgue-V1-768x1079.jpg 768w, https:\/\/uhryorgues.com\/wp-content\/uploads\/2023\/03\/011-Ohnenheim-Relevage-de-lorgue-V1-1093x1536.jpg 1093w, https:\/\/uhryorgues.com\/wp-content\/uploads\/2023\/03\/011-Ohnenheim-Relevage-de-lorgue-V1-1458x2048.jpg 1458w, https:\/\/uhryorgues.com\/wp-content\/uploads\/2023\/03\/011-Ohnenheim-Relevage-de-lorgue-V1-scaled.jpg 1822w\" sizes=\"(max-width: 729px) 100vw, 729px\" \/>\t\t\t\t\t\t\t\t<\/a>\n\t\t\t\t\t\t\t\t\t\t\t\t\t\t\t<\/div>\n\t\t\t\t<\/div>\n\t\t\t\t\t<\/div>\n\t\t<\/div>\n\t\t\t\t<div class=\"elementor-column elementor-col-20 elementor-top-column elementor-element elementor-element-2136f7c\" data-id=\"2136f7c\" data-element_type=\"column\" data-e-type=\"column\">\n\t\t\t<div class=\"elementor-widget-wrap elementor-element-populated\">\n\t\t\t\t\t\t<div class=\"elementor-element elementor-element-d668a9b elementor-widget elementor-widget-image\" data-id=\"d668a9b\" data-element_type=\"widget\" data-e-type=\"widget\" data-widget_type=\"image.default\">\n\t\t\t\t<div class=\"elementor-widget-container\">\n\t\t\t\t\t\t\t\t\t\t\t\t\t\t\t\t<a href=\"https:\/\/uhryorgues.com\/wp-content\/uploads\/2023\/02\/IMG_20200311_170514.jpg\" data-elementor-open-lightbox=\"yes\" data-elementor-lightbox-title=\"IMG_20200311_170514\" data-e-action-hash=\"#elementor-action%3Aaction%3Dlightbox%26settings%3DeyJpZCI6OTMxLCJ1cmwiOiJodHRwczpcL1wvdWhyeW9yZ3Vlcy5jb21cL3dwLWNvbnRlbnRcL3VwbG9hZHNcLzIwMjNcLzAyXC9JTUdfMjAyMDAzMTFfMTcwNTE0LmpwZyJ9\">\n\t\t\t\t\t\t\t<img decoding=\"async\" src=\"https:\/\/uhryorgues.com\/wp-content\/uploads\/2023\/02\/IMG_20200311_170514-144x144.jpg\" title=\"IMG_20200311_170514\" alt=\"IMG_20200311_170514\" loading=\"lazy\" \/>\t\t\t\t\t\t\t\t<\/a>\n\t\t\t\t\t\t\t\t\t\t\t\t\t\t\t<\/div>\n\t\t\t\t<\/div>\n\t\t\t\t\t<\/div>\n\t\t<\/div>\n\t\t\t\t<div class=\"elementor-column elementor-col-20 elementor-top-column elementor-element elementor-element-f13a257\" data-id=\"f13a257\" data-element_type=\"column\" data-e-type=\"column\">\n\t\t\t<div class=\"elementor-widget-wrap elementor-element-populated\">\n\t\t\t\t\t\t<div class=\"elementor-element elementor-element-ab36e17 elementor-widget elementor-widget-image\" data-id=\"ab36e17\" data-element_type=\"widget\" data-e-type=\"widget\" data-widget_type=\"image.default\">\n\t\t\t\t<div class=\"elementor-widget-container\">\n\t\t\t\t\t\t\t\t\t\t\t\t\t\t\t\t<a href=\"https:\/\/uhryorgues.com\/wp-content\/uploads\/2023\/02\/20210107_162815.jpg\" data-elementor-open-lightbox=\"yes\" data-elementor-lightbox-title=\"20210107_162815\" data-e-action-hash=\"#elementor-action%3Aaction%3Dlightbox%26settings%3DeyJpZCI6MjUsInVybCI6Imh0dHBzOlwvXC91aHJ5b3JndWVzLmNvbVwvd3AtY29udGVudFwvdXBsb2Fkc1wvMjAyM1wvMDJcLzIwMjEwMTA3XzE2MjgxNS5qcGcifQ%3D%3D\">\n\t\t\t\t\t\t\t<img decoding=\"async\" width=\"1024\" height=\"768\" src=\"https:\/\/uhryorgues.com\/wp-content\/uploads\/2023\/02\/20210107_162815-1024x768.jpg\" class=\"attachment-large size-large wp-image-25\" alt=\"\" srcset=\"https:\/\/uhryorgues.com\/wp-content\/uploads\/2023\/02\/20210107_162815-1024x768.jpg 1024w, https:\/\/uhryorgues.com\/wp-content\/uploads\/2023\/02\/20210107_162815-300x225.jpg 300w, https:\/\/uhryorgues.com\/wp-content\/uploads\/2023\/02\/20210107_162815-768x576.jpg 768w, https:\/\/uhryorgues.com\/wp-content\/uploads\/2023\/02\/20210107_162815.jpg 1305w\" sizes=\"(max-width: 1024px) 100vw, 1024px\" \/>\t\t\t\t\t\t\t\t<\/a>\n\t\t\t\t\t\t\t\t\t\t\t\t\t\t\t<\/div>\n\t\t\t\t<\/div>\n\t\t\t\t\t<\/div>\n\t\t<\/div>\n\t\t\t\t<div class=\"elementor-column elementor-col-20 elementor-top-column elementor-element elementor-element-aff10ea\" data-id=\"aff10ea\" data-element_type=\"column\" data-e-type=\"column\">\n\t\t\t<div class=\"elementor-widget-wrap elementor-element-populated\">\n\t\t\t\t\t\t<div class=\"elementor-element elementor-element-103c067 elementor-widget elementor-widget-image\" data-id=\"103c067\" data-element_type=\"widget\" data-e-type=\"widget\" data-widget_type=\"image.default\">\n\t\t\t\t<div class=\"elementor-widget-container\">\n\t\t\t\t\t\t\t\t\t\t\t\t\t\t\t\t<a href=\"https:\/\/uhryorgues.com\/wp-content\/uploads\/2023\/03\/le-facteur-d-orgue-emmanuel-uhry-scrute-minutieusement-l-orgue-callinet-avant-de-proceder-a-son-depoussierage-1660742961.jpg\" data-elementor-open-lightbox=\"yes\" data-elementor-lightbox-title=\"le-facteur-d-orgue-emmanuel-uhry-scrute-minutieusement-l-orgue-callinet-avant-de-proceder-a-son-depoussierage-1660742961\" data-e-action-hash=\"#elementor-action%3Aaction%3Dlightbox%26settings%3DeyJpZCI6MjAyNiwidXJsIjoiaHR0cHM6XC9cL3Vocnlvcmd1ZXMuY29tXC93cC1jb250ZW50XC91cGxvYWRzXC8yMDIzXC8wM1wvbGUtZmFjdGV1ci1kLW9yZ3VlLWVtbWFudWVsLXVocnktc2NydXRlLW1pbnV0aWV1c2VtZW50LWwtb3JndWUtY2FsbGluZXQtYXZhbnQtZGUtcHJvY2VkZXItYS1zb24tZGVwb3Vzc2llcmFnZS0xNjYwNzQyOTYxLmpwZyJ9\">\n\t\t\t\t\t\t\t<img loading=\"lazy\" decoding=\"async\" width=\"1024\" height=\"768\" src=\"https:\/\/uhryorgues.com\/wp-content\/uploads\/2023\/03\/le-facteur-d-orgue-emmanuel-uhry-scrute-minutieusement-l-orgue-callinet-avant-de-proceder-a-son-depoussierage-1660742961-1024x768.jpg\" class=\"attachment-large size-large wp-image-2026\" alt=\"\" srcset=\"https:\/\/uhryorgues.com\/wp-content\/uploads\/2023\/03\/le-facteur-d-orgue-emmanuel-uhry-scrute-minutieusement-l-orgue-callinet-avant-de-proceder-a-son-depoussierage-1660742961-1024x768.jpg 1024w, https:\/\/uhryorgues.com\/wp-content\/uploads\/2023\/03\/le-facteur-d-orgue-emmanuel-uhry-scrute-minutieusement-l-orgue-callinet-avant-de-proceder-a-son-depoussierage-1660742961-300x225.jpg 300w, https:\/\/uhryorgues.com\/wp-content\/uploads\/2023\/03\/le-facteur-d-orgue-emmanuel-uhry-scrute-minutieusement-l-orgue-callinet-avant-de-proceder-a-son-depoussierage-1660742961-768x576.jpg 768w, https:\/\/uhryorgues.com\/wp-content\/uploads\/2023\/03\/le-facteur-d-orgue-emmanuel-uhry-scrute-minutieusement-l-orgue-callinet-avant-de-proceder-a-son-depoussierage-1660742961-1536x1152.jpg 1536w, https:\/\/uhryorgues.com\/wp-content\/uploads\/2023\/03\/le-facteur-d-orgue-emmanuel-uhry-scrute-minutieusement-l-orgue-callinet-avant-de-proceder-a-son-depoussierage-1660742961.jpg 1600w\" sizes=\"(max-width: 1024px) 100vw, 1024px\" \/>\t\t\t\t\t\t\t\t<\/a>\n\t\t\t\t\t\t\t\t\t\t\t\t\t\t\t<\/div>\n\t\t\t\t<\/div>\n\t\t\t\t\t<\/div>\n\t\t<\/div>\n\t\t\t\t<div class=\"elementor-column elementor-col-20 elementor-top-column elementor-element elementor-element-b901aed\" data-id=\"b901aed\" data-element_type=\"column\" data-e-type=\"column\">\n\t\t\t<div class=\"elementor-widget-wrap elementor-element-populated\">\n\t\t\t\t\t\t<div class=\"elementor-element elementor-element-bbdbce4 elementor-widget elementor-widget-image\" data-id=\"bbdbce4\" data-element_type=\"widget\" data-e-type=\"widget\" data-widget_type=\"image.default\">\n\t\t\t\t<div class=\"elementor-widget-container\">\n\t\t\t\t\t\t\t\t\t\t\t\t\t\t\t\t<a href=\"https:\/\/uhryorgues.com\/wp-content\/uploads\/2023\/03\/20211025_143545-scaled.jpg\" data-elementor-open-lightbox=\"yes\" data-elementor-lightbox-title=\"20211025_143545\" data-e-action-hash=\"#elementor-action%3Aaction%3Dlightbox%26settings%3DeyJpZCI6MjAyNywidXJsIjoiaHR0cHM6XC9cL3Vocnlvcmd1ZXMuY29tXC93cC1jb250ZW50XC91cGxvYWRzXC8yMDIzXC8wM1wvMjAyMTEwMjVfMTQzNTQ1LXNjYWxlZC5qcGcifQ%3D%3D\">\n\t\t\t\t\t\t\t<img loading=\"lazy\" decoding=\"async\" width=\"768\" height=\"1024\" src=\"https:\/\/uhryorgues.com\/wp-content\/uploads\/2023\/03\/20211025_143545-768x1024.jpg\" class=\"attachment-large size-large wp-image-2027\" alt=\"\" srcset=\"https:\/\/uhryorgues.com\/wp-content\/uploads\/2023\/03\/20211025_143545-768x1024.jpg 768w, https:\/\/uhryorgues.com\/wp-content\/uploads\/2023\/03\/20211025_143545-225x300.jpg 225w, https:\/\/uhryorgues.com\/wp-content\/uploads\/2023\/03\/20211025_143545-1152x1536.jpg 1152w, https:\/\/uhryorgues.com\/wp-content\/uploads\/2023\/03\/20211025_143545-1536x2048.jpg 1536w, https:\/\/uhryorgues.com\/wp-content\/uploads\/2023\/03\/20211025_143545-scaled.jpg 1920w\" sizes=\"(max-width: 768px) 100vw, 768px\" \/>\t\t\t\t\t\t\t\t<\/a>\n\t\t\t\t\t\t\t\t\t\t\t\t\t\t\t<\/div>\n\t\t\t\t<\/div>\n\t\t\t\t\t<\/div>\n\t\t<\/div>\n\t\t\t\t\t<\/div>\n\t\t<\/section>\n\t\t\t\t<section class=\"elementor-section elementor-top-section elementor-element elementor-element-1f49c4f elementor-section-boxed elementor-section-height-default elementor-section-height-default\" data-id=\"1f49c4f\" data-element_type=\"section\" data-e-type=\"section\">\n\t\t\t\t\t\t<div class=\"elementor-container elementor-column-gap-default\">\n\t\t\t\t\t<div class=\"elementor-column elementor-col-100 elementor-top-column elementor-element elementor-element-f730711\" data-id=\"f730711\" data-element_type=\"column\" data-e-type=\"column\">\n\t\t\t<div class=\"elementor-widget-wrap elementor-element-populated\">\n\t\t\t\t\t\t<div class=\"elementor-element elementor-element-e3c914d elementor-widget elementor-widget-text-editor\" data-id=\"e3c914d\" data-element_type=\"widget\" data-e-type=\"widget\" data-widget_type=\"text-editor.default\">\n\t\t\t\t<div class=\"elementor-widget-container\">\n\t\t\t\t\t\t\t\t\t<h6 style=\"text-align: left;\">J&rsquo;ai cr\u00e9\u00e9 mon entreprise en 2001 apr\u00e8s avoir exercer le m\u00e9tier de facteur d&rsquo;orgues, d&rsquo;abord chez J-Georges et Yves Koenig \u00e0 Sarre-Union (Alsace), puis chez Fischer + Kr\u00e4mer Orgelbau \u00e0 Endingen am Kaiserstuhl (Allemagne).<\/h6>\n<h6 style=\"text-align: left;\">Je fais principalement des relevages (nettoyage\/d\u00e9poussi\u00e9rage), des restaurations, de la maintenance et des accords d&rsquo;orgues \u00e0 tuyaux, qu&rsquo;ils soient \u00e0 traction m\u00e9canique, \u00e0 transmissions pneumatiques ou \u00e9lectriques.<\/h6>\n<h6 style=\"text-align: left;\">Je travaille depuis de nombreuses ann\u00e9es avec des conf\u00e8res allemands . Je fais appel \u00e0 leurs services en fonction de la nature des travaux demand\u00e9s.<br>L&rsquo;essentiel de mon travail est effectu\u00e9 sur place.<\/h6>\t\t\t\t\t\t\t\t<\/div>\n\t\t\t\t<\/div>\n\t\t\t\t\t<\/div>\n\t\t<\/div>\n\t\t\t\t\t<\/div>\n\t\t<\/section>\n\t\t\t\t<\/div>\n\t\t","protected":false},"excerpt":{"rendered":"<p>Me conna\u00eetre J&rsquo;ai cr\u00e9\u00e9 mon entreprise en 2001 apr\u00e8s avoir exercer le m\u00e9tier de facteur d&rsquo;orgues, d&rsquo;abord chez J-Georges et Yves Koenig \u00e0 Sarre-Union (Alsace), puis chez Fischer + Kr\u00e4mer Orgelbau \u00e0 Endingen am Kaiserstuhl (Allemagne). Je fais principalement des relevages (nettoyage\/d\u00e9poussi\u00e9rage), des restaurations, de la maintenance et des accords d&rsquo;orgues \u00e0 tuyaux, qu&rsquo;ils soient [&hellip;]<\/p>\n","protected":false},"author":1,"featured_media":0,"parent":0,"menu_order":0,"comment_status":"closed","ping_status":"closed","template":"","meta":{"site-sidebar-layout":"no-sidebar","site-content-layout":"page-builder","ast-site-content-layout":"default","site-content-style":"default","site-sidebar-style":"default","ast-global-header-display":"","ast-banner-title-visibility":"","ast-main-header-display":"","ast-hfb-above-header-display":"","ast-hfb-below-header-display":"","ast-hfb-mobile-header-display":"","site-post-title":"disabled","ast-breadcrumbs-content":"","ast-featured-img":"disabled","footer-sml-layout":"","ast-disable-related-posts":"","theme-transparent-header-meta":"","adv-header-id-meta":"","stick-header-meta":"","header-above-stick-meta":"","header-main-stick-meta":"","header-below-stick-meta":"","astra-migrate-meta-layouts":"default","ast-page-background-enabled":"default","ast-page-background-meta":{"desktop":{"background-color":"","background-image":"","background-repeat":"repeat","background-position":"center center","background-size":"auto","background-attachment":"scroll","background-type":"","background-media":"","overlay-type":"","overlay-color":"","overlay-opacity":"","overlay-gradient":""},"tablet":{"background-color":"","background-image":"","background-repeat":"repeat","background-position":"center center","background-size":"auto","background-attachment":"scroll","background-type":"","background-media":"","overlay-type":"","overlay-color":"","overlay-opacity":"","overlay-gradient":""},"mobile":{"background-color":"","background-image":"","background-repeat":"repeat","background-position":"center center","background-size":"auto","background-attachment":"scroll","background-type":"","background-media":"","overlay-type":"","overlay-color":"","overlay-opacity":"","overlay-gradient":""}},"ast-content-background-meta":{"desktop":{"background-color":"var(--ast-global-color-5)","background-image":"","background-repeat":"repeat","background-position":"center center","background-size":"auto","background-attachment":"scroll","background-type":"","background-media":"","overlay-type":"","overlay-color":"","overlay-opacity":"","overlay-gradient":""},"tablet":{"background-color":"var(--ast-global-color-5)","background-image":"","background-repeat":"repeat","background-position":"center center","background-size":"auto","background-attachment":"scroll","background-type":"","background-media":"","overlay-type":"","overlay-color":"","overlay-opacity":"","overlay-gradient":""},"mobile":{"background-color":"var(--ast-global-color-5)","background-image":"","background-repeat":"repeat","background-position":"center center","background-size":"auto","background-attachment":"scroll","background-type":"","background-media":"","overlay-type":"","overlay-color":"","overlay-opacity":"","overlay-gradient":""}},"footnotes":""},"class_list":["post-859","page","type-page","status-publish","hentry"],"aioseo_notices":[],"_links":{"self":[{"href":"https:\/\/uhryorgues.com\/index.php\/wp-json\/wp\/v2\/pages\/859","targetHints":{"allow":["GET"]}}],"collection":[{"href":"https:\/\/uhryorgues.com\/index.php\/wp-json\/wp\/v2\/pages"}],"about":[{"href":"https:\/\/uhryorgues.com\/index.php\/wp-json\/wp\/v2\/types\/page"}],"author":[{"embeddable":true,"href":"https:\/\/uhryorgues.com\/index.php\/wp-json\/wp\/v2\/users\/1"}],"replies":[{"embeddable":true,"href":"https:\/\/uhryorgues.com\/index.php\/wp-json\/wp\/v2\/comments?post=859"}],"version-history":[{"count":50,"href":"https:\/\/uhryorgues.com\/index.php\/wp-json\/wp\/v2\/pages\/859\/revisions"}],"predecessor-version":[{"id":3208,"href":"https:\/\/uhryorgues.com\/index.php\/wp-json\/wp\/v2\/pages\/859\/revisions\/3208"}],"wp:attachment":[{"href":"https:\/\/uhryorgues.com\/index.php\/wp-json\/wp\/v2\/media?parent=859"}],"curies":[{"name":"wp","href":"https:\/\/api.w.org\/{rel}","templated":true}]}}