{"id":578,"date":"2023-02-21T16:50:27","date_gmt":"2023-02-21T16:50:27","guid":{"rendered":"https:\/\/uhryorgues.com\/?page_id=578"},"modified":"2023-03-08T14:31:24","modified_gmt":"2023-03-08T14:31:24","slug":"les-orgues","status":"publish","type":"page","link":"https:\/\/uhryorgues.com\/index.php\/les-orgues\/","title":{"rendered":"LES ORGUES"},"content":{"rendered":"\t\t<div data-elementor-type=\"wp-page\" data-elementor-id=\"578\" class=\"elementor elementor-578\">\n\t\t\t\t\t\t<section class=\"elementor-section elementor-top-section elementor-element elementor-element-fd9fad1 elementor-section-boxed elementor-section-height-default elementor-section-height-default\" data-id=\"fd9fad1\" data-element_type=\"section\" data-e-type=\"section\">\n\t\t\t\t\t\t<div class=\"elementor-container elementor-column-gap-default\">\n\t\t\t\t\t<div class=\"elementor-column elementor-col-100 elementor-top-column elementor-element elementor-element-28560d9\" data-id=\"28560d9\" data-element_type=\"column\" data-e-type=\"column\">\n\t\t\t<div class=\"elementor-widget-wrap elementor-element-populated\">\n\t\t\t\t\t\t<div class=\"elementor-element elementor-element-78d23b0 elementor-widget elementor-widget-heading\" data-id=\"78d23b0\" data-element_type=\"widget\" data-e-type=\"widget\" data-widget_type=\"heading.default\">\n\t\t\t\t<div class=\"elementor-widget-container\">\n\t\t\t\t\t<h1 class=\"elementor-heading-title elementor-size-default\">LES ORGUES<\/h1>\t\t\t\t<\/div>\n\t\t\t\t<\/div>\n\t\t\t\t<div class=\"elementor-element elementor-element-7346e34 elementor-widget elementor-widget-text-editor\" data-id=\"7346e34\" data-element_type=\"widget\" data-e-type=\"widget\" data-widget_type=\"text-editor.default\">\n\t\t\t\t<div class=\"elementor-widget-container\">\n\t\t\t\t\t\t\t\t\t<p style=\"text-align: center;\">Vous trouverez un descriptif de chaque orgues dont j&rsquo;ai r\u00e9alis\u00e9 le relevage et\/ou que j&rsquo;entretiens.<\/p>\n<p style=\"text-align: center;\">C&rsquo;est un m\u00e9tier d&rsquo;art incluant de nombreuses disciplines et d&rsquo;un savoir-faire ancestral.&nbsp;<\/p>\n<p style=\"text-align: center;\">Pour le relevage d&rsquo;un instrument, je travaille le bois, l&rsquo;\u00e9tain, le cuir et il faut bien \u00e9videmment avoir des connaissances musicales et avoir l&rsquo;oreille.<\/p>\n<p style=\"text-align: center;\">\n<\/p>\t\t\t\t\t\t\t\t<\/div>\n\t\t\t\t<\/div>\n\t\t\t\t\t<\/div>\n\t\t<\/div>\n\t\t\t\t\t<\/div>\n\t\t<\/section>\n\t\t\t\t<section class=\"elementor-section elementor-top-section elementor-element elementor-element-515441a elementor-section-boxed elementor-section-height-default elementor-section-height-default\" data-id=\"515441a\" data-element_type=\"section\" data-e-type=\"section\">\n\t\t\t\t\t\t<div class=\"elementor-container elementor-column-gap-default\">\n\t\t\t\t\t<div class=\"elementor-column elementor-col-100 elementor-top-column elementor-element elementor-element-5a4c763\" data-id=\"5a4c763\" data-element_type=\"column\" data-e-type=\"column\">\n\t\t\t<div class=\"elementor-widget-wrap elementor-element-populated\">\n\t\t\t\t\t\t<div class=\"elementor-element elementor-element-88d69e5 elementor-arrows-position-inside elementor-pagination-position-outside elementor-widget elementor-widget-image-carousel\" data-id=\"88d69e5\" data-element_type=\"widget\" data-e-type=\"widget\" data-settings=\"{&quot;speed&quot;:1500,&quot;slides_to_show&quot;:&quot;3&quot;,&quot;autoplay_speed&quot;:2000,&quot;navigation&quot;:&quot;both&quot;,&quot;autoplay&quot;:&quot;yes&quot;,&quot;pause_on_hover&quot;:&quot;yes&quot;,&quot;pause_on_interaction&quot;:&quot;yes&quot;,&quot;infinite&quot;:&quot;yes&quot;}\" data-widget_type=\"image-carousel.default\">\n\t\t\t\t<div class=\"elementor-widget-container\">\n\t\t\t\t\t\t\t<div class=\"elementor-image-carousel-wrapper swiper\" role=\"region\" aria-roledescription=\"carousel\" aria-label=\"Carrousel d\u2019images\" dir=\"ltr\">\n\t\t\t<div class=\"elementor-image-carousel swiper-wrapper\" aria-live=\"off\">\n\t\t\t\t\t\t\t\t<div class=\"swiper-slide\" role=\"group\" aria-roledescription=\"slide\" aria-label=\"1 sur 10\"><a data-elementor-open-lightbox=\"yes\" data-elementor-lightbox-slideshow=\"88d69e5\" data-elementor-lightbox-title=\"P1066843\" data-e-action-hash=\"#elementor-action%3Aaction%3Dlightbox%26settings%3DeyJpZCI6MTQ1LCJ1cmwiOiJodHRwczpcL1wvdWhyeW9yZ3Vlcy5jb21cL3dwLWNvbnRlbnRcL3VwbG9hZHNcLzIwMjNcLzAyXC9QMTA2Njg0My1zY2FsZWQuanBnIiwic2xpZGVzaG93IjoiODhkNjllNSJ9\" href=\"https:\/\/uhryorgues.com\/wp-content\/uploads\/2023\/02\/P1066843-scaled.jpg\"><figure class=\"swiper-slide-inner\"><img decoding=\"async\" class=\"swiper-slide-image\" src=\"https:\/\/uhryorgues.com\/wp-content\/uploads\/2023\/02\/P1066843-200x300.jpg\" alt=\"P1066843\" \/><\/figure><\/a><\/div><div class=\"swiper-slide\" role=\"group\" aria-roledescription=\"slide\" aria-label=\"2 sur 10\"><a data-elementor-open-lightbox=\"yes\" data-elementor-lightbox-slideshow=\"88d69e5\" data-elementor-lightbox-title=\"P1066878\" data-e-action-hash=\"#elementor-action%3Aaction%3Dlightbox%26settings%3DeyJpZCI6MTUwLCJ1cmwiOiJodHRwczpcL1wvdWhyeW9yZ3Vlcy5jb21cL3dwLWNvbnRlbnRcL3VwbG9hZHNcLzIwMjNcLzAyXC9QMTA2Njg3OC1zY2FsZWQuanBnIiwic2xpZGVzaG93IjoiODhkNjllNSJ9\" href=\"https:\/\/uhryorgues.com\/wp-content\/uploads\/2023\/02\/P1066878-scaled.jpg\"><figure class=\"swiper-slide-inner\"><img decoding=\"async\" class=\"swiper-slide-image\" src=\"https:\/\/uhryorgues.com\/wp-content\/uploads\/2023\/02\/P1066878-300x200.jpg\" alt=\"P1066878\" \/><\/figure><\/a><\/div><div class=\"swiper-slide\" role=\"group\" aria-roledescription=\"slide\" aria-label=\"3 sur 10\"><a data-elementor-open-lightbox=\"yes\" data-elementor-lightbox-slideshow=\"88d69e5\" data-elementor-lightbox-title=\"IMG_6082 p\u00e9dale\" data-e-action-hash=\"#elementor-action%3Aaction%3Dlightbox%26settings%3DeyJpZCI6MTA0LCJ1cmwiOiJodHRwczpcL1wvdWhyeW9yZ3Vlcy5jb21cL3dwLWNvbnRlbnRcL3VwbG9hZHNcLzIwMjNcLzAyXC9JTUdfNjA4Mi1wZWRhbGUtc2NhbGVkLmpwZyIsInNsaWRlc2hvdyI6Ijg4ZDY5ZTUifQ%3D%3D\" href=\"https:\/\/uhryorgues.com\/wp-content\/uploads\/2023\/02\/IMG_6082-pedale-scaled.jpg\"><figure class=\"swiper-slide-inner\"><img decoding=\"async\" class=\"swiper-slide-image\" src=\"https:\/\/uhryorgues.com\/wp-content\/uploads\/2023\/02\/IMG_6082-pedale-300x200.jpg\" alt=\"IMG_6082 p\u00e9dale\" \/><\/figure><\/a><\/div><div class=\"swiper-slide\" role=\"group\" aria-roledescription=\"slide\" aria-label=\"4 sur 10\"><a data-elementor-open-lightbox=\"yes\" data-elementor-lightbox-slideshow=\"88d69e5\" data-elementor-lightbox-title=\"IMG_6092 Quarte 2 C &amp; Cs\" data-e-action-hash=\"#elementor-action%3Aaction%3Dlightbox%26settings%3DeyJpZCI6MTE1LCJ1cmwiOiJodHRwczpcL1wvdWhyeW9yZ3Vlcy5jb21cL3dwLWNvbnRlbnRcL3VwbG9hZHNcLzIwMjNcLzAyXC9JTUdfNjA5Mi1RdWFydGUtMi1DLUNzLXNjYWxlZC5qcGciLCJzbGlkZXNob3ciOiI4OGQ2OWU1In0%3D\" href=\"https:\/\/uhryorgues.com\/wp-content\/uploads\/2023\/02\/IMG_6092-Quarte-2-C-Cs-scaled.jpg\"><figure class=\"swiper-slide-inner\"><img decoding=\"async\" class=\"swiper-slide-image\" src=\"https:\/\/uhryorgues.com\/wp-content\/uploads\/2023\/02\/IMG_6092-Quarte-2-C-Cs-200x300.jpg\" alt=\"IMG_6092 Quarte 2 C &amp; Cs\" \/><\/figure><\/a><\/div><div class=\"swiper-slide\" role=\"group\" aria-roledescription=\"slide\" aria-label=\"5 sur 10\"><a data-elementor-open-lightbox=\"yes\" data-elementor-lightbox-slideshow=\"88d69e5\" data-elementor-lightbox-title=\"IMG_6088\" data-e-action-hash=\"#elementor-action%3Aaction%3Dlightbox%26settings%3DeyJpZCI6MTEwLCJ1cmwiOiJodHRwczpcL1wvdWhyeW9yZ3Vlcy5jb21cL3dwLWNvbnRlbnRcL3VwbG9hZHNcLzIwMjNcLzAyXC9JTUdfNjA4OC1zY2FsZWQuanBnIiwic2xpZGVzaG93IjoiODhkNjllNSJ9\" href=\"https:\/\/uhryorgues.com\/wp-content\/uploads\/2023\/02\/IMG_6088-scaled.jpg\"><figure class=\"swiper-slide-inner\"><img decoding=\"async\" class=\"swiper-slide-image\" src=\"https:\/\/uhryorgues.com\/wp-content\/uploads\/2023\/02\/IMG_6088-300x200.jpg\" alt=\"IMG_6088\" \/><\/figure><\/a><\/div><div class=\"swiper-slide\" role=\"group\" aria-roledescription=\"slide\" aria-label=\"6 sur 10\"><a data-elementor-open-lightbox=\"yes\" data-elementor-lightbox-slideshow=\"88d69e5\" data-elementor-lightbox-title=\"IMG_6086\" data-e-action-hash=\"#elementor-action%3Aaction%3Dlightbox%26settings%3DeyJpZCI6MTA4LCJ1cmwiOiJodHRwczpcL1wvdWhyeW9yZ3Vlcy5jb21cL3dwLWNvbnRlbnRcL3VwbG9hZHNcLzIwMjNcLzAyXC9JTUdfNjA4Ni1zY2FsZWQuanBnIiwic2xpZGVzaG93IjoiODhkNjllNSJ9\" href=\"https:\/\/uhryorgues.com\/wp-content\/uploads\/2023\/02\/IMG_6086-scaled.jpg\"><figure class=\"swiper-slide-inner\"><img decoding=\"async\" class=\"swiper-slide-image\" src=\"https:\/\/uhryorgues.com\/wp-content\/uploads\/2023\/02\/IMG_6086-300x200.jpg\" alt=\"IMG_6086\" \/><\/figure><\/a><\/div><div class=\"swiper-slide\" role=\"group\" aria-roledescription=\"slide\" aria-label=\"7 sur 10\"><a data-elementor-open-lightbox=\"yes\" data-elementor-lightbox-slideshow=\"88d69e5\" data-elementor-lightbox-title=\"IMG_6091 Quarte 2\" data-e-action-hash=\"#elementor-action%3Aaction%3Dlightbox%26settings%3DeyJpZCI6MTEzLCJ1cmwiOiJodHRwczpcL1wvdWhyeW9yZ3Vlcy5jb21cL3dwLWNvbnRlbnRcL3VwbG9hZHNcLzIwMjNcLzAyXC9JTUdfNjA5MS1RdWFydGUtMi1zY2FsZWQuanBnIiwic2xpZGVzaG93IjoiODhkNjllNSJ9\" href=\"https:\/\/uhryorgues.com\/wp-content\/uploads\/2023\/02\/IMG_6091-Quarte-2-scaled.jpg\"><figure class=\"swiper-slide-inner\"><img decoding=\"async\" class=\"swiper-slide-image\" src=\"https:\/\/uhryorgues.com\/wp-content\/uploads\/2023\/02\/IMG_6091-Quarte-2-300x200.jpg\" alt=\"IMG_6091 Quarte 2\" \/><\/figure><\/a><\/div><div class=\"swiper-slide\" role=\"group\" aria-roledescription=\"slide\" aria-label=\"8 sur 10\"><a data-elementor-open-lightbox=\"yes\" data-elementor-lightbox-slideshow=\"88d69e5\" data-elementor-lightbox-title=\"IMG_20190709_121123\" data-e-action-hash=\"#elementor-action%3Aaction%3Dlightbox%26settings%3DeyJpZCI6ODY5LCJ1cmwiOiJodHRwczpcL1wvdWhyeW9yZ3Vlcy5jb21cL3dwLWNvbnRlbnRcL3VwbG9hZHNcLzIwMjNcLzAyXC9JTUdfMjAxOTA3MDlfMTIxMTIzLXNjYWxlZC5qcGciLCJzbGlkZXNob3ciOiI4OGQ2OWU1In0%3D\" href=\"https:\/\/uhryorgues.com\/wp-content\/uploads\/2023\/02\/IMG_20190709_121123-scaled.jpg\"><figure class=\"swiper-slide-inner\"><img decoding=\"async\" class=\"swiper-slide-image\" src=\"https:\/\/uhryorgues.com\/wp-content\/uploads\/2023\/02\/IMG_20190709_121123-300x233.jpg\" alt=\"IMG_20190709_121123\" \/><\/figure><\/a><\/div><div class=\"swiper-slide\" role=\"group\" aria-roledescription=\"slide\" aria-label=\"9 sur 10\"><a data-elementor-open-lightbox=\"yes\" data-elementor-lightbox-slideshow=\"88d69e5\" data-elementor-lightbox-title=\"DSCN2995\" data-e-action-hash=\"#elementor-action%3Aaction%3Dlightbox%26settings%3DeyJpZCI6ODcwLCJ1cmwiOiJodHRwczpcL1wvdWhyeW9yZ3Vlcy5jb21cL3dwLWNvbnRlbnRcL3VwbG9hZHNcLzIwMjNcLzAyXC9EU0NOMjk5NS1zY2FsZWQuanBnIiwic2xpZGVzaG93IjoiODhkNjllNSJ9\" href=\"https:\/\/uhryorgues.com\/wp-content\/uploads\/2023\/02\/DSCN2995-scaled.jpg\"><figure class=\"swiper-slide-inner\"><img decoding=\"async\" class=\"swiper-slide-image\" src=\"https:\/\/uhryorgues.com\/wp-content\/uploads\/2023\/02\/DSCN2995-300x225.jpg\" alt=\"DSCN2995\" \/><\/figure><\/a><\/div><div class=\"swiper-slide\" role=\"group\" aria-roledescription=\"slide\" aria-label=\"10 sur 10\"><a data-elementor-open-lightbox=\"yes\" data-elementor-lightbox-slideshow=\"88d69e5\" data-elementor-lightbox-title=\"DSCN2957\" data-e-action-hash=\"#elementor-action%3Aaction%3Dlightbox%26settings%3DeyJpZCI6ODcxLCJ1cmwiOiJodHRwczpcL1wvdWhyeW9yZ3Vlcy5jb21cL3dwLWNvbnRlbnRcL3VwbG9hZHNcLzIwMjNcLzAyXC9EU0NOMjk1Ny1zY2FsZWQuanBnIiwic2xpZGVzaG93IjoiODhkNjllNSJ9\" href=\"https:\/\/uhryorgues.com\/wp-content\/uploads\/2023\/02\/DSCN2957-scaled.jpg\"><figure class=\"swiper-slide-inner\"><img decoding=\"async\" class=\"swiper-slide-image\" src=\"https:\/\/uhryorgues.com\/wp-content\/uploads\/2023\/02\/DSCN2957-300x225.jpg\" alt=\"DSCN2957\" \/><\/figure><\/a><\/div>\t\t\t<\/div>\n\t\t\t\t\t\t\t\t\t\t\t\t<div class=\"elementor-swiper-button elementor-swiper-button-prev\" role=\"button\" tabindex=\"0\">\n\t\t\t\t\t\t<i aria-hidden=\"true\" class=\"eicon-chevron-left\"><\/i>\t\t\t\t\t<\/div>\n\t\t\t\t\t<div class=\"elementor-swiper-button elementor-swiper-button-next\" role=\"button\" tabindex=\"0\">\n\t\t\t\t\t\t<i aria-hidden=\"true\" class=\"eicon-chevron-right\"><\/i>\t\t\t\t\t<\/div>\n\t\t\t\t\n\t\t\t\t\t\t\t\t\t<div class=\"swiper-pagination\"><\/div>\n\t\t\t\t\t\t\t\t\t<\/div>\n\t\t\t\t\t\t<\/div>\n\t\t\t\t<\/div>\n\t\t\t\t\t<\/div>\n\t\t<\/div>\n\t\t\t\t\t<\/div>\n\t\t<\/section>\n\t\t\t\t<section class=\"elementor-section elementor-top-section elementor-element elementor-element-b1fcaf3 elementor-section-boxed elementor-section-height-default elementor-section-height-default\" data-id=\"b1fcaf3\" data-element_type=\"section\" data-e-type=\"section\">\n\t\t\t\t\t\t<div class=\"elementor-container elementor-column-gap-default\">\n\t\t\t\t\t<div class=\"elementor-column elementor-col-50 elementor-top-column elementor-element elementor-element-5ddb7f5\" data-id=\"5ddb7f5\" data-element_type=\"column\" data-e-type=\"column\">\n\t\t\t<div class=\"elementor-widget-wrap elementor-element-populated\">\n\t\t\t\t\t\t<div class=\"elementor-element elementor-element-a860e68 elementor-widget elementor-widget-image\" data-id=\"a860e68\" data-element_type=\"widget\" data-e-type=\"widget\" data-widget_type=\"image.default\">\n\t\t\t\t<div class=\"elementor-widget-container\">\n\t\t\t\t\t\t\t\t\t\t\t\t\t\t\t\t<a href=\"https:\/\/uhryorgues.com\/wp-content\/uploads\/2023\/03\/102_0340-scaled.jpg\" data-elementor-open-lightbox=\"yes\" data-elementor-lightbox-description=\"NEUBOIS\" data-e-action-hash=\"#elementor-action%3Aaction%3Dlightbox%26settings%3DeyJpZCI6MjAwOSwidXJsIjoiaHR0cHM6XC9cL3Vocnlvcmd1ZXMuY29tXC93cC1jb250ZW50XC91cGxvYWRzXC8yMDIzXC8wM1wvMTAyXzAzNDAtc2NhbGVkLmpwZyJ9\">\n\t\t\t\t\t\t\t<img decoding=\"async\" src=\"https:\/\/uhryorgues.com\/wp-content\/uploads\/2023\/03\/102_0340-144x144.jpg\" title=\"\" alt=\"\" loading=\"lazy\" \/>\t\t\t\t\t\t\t\t<\/a>\n\t\t\t\t\t\t\t\t\t\t\t\t\t\t\t<\/div>\n\t\t\t\t<\/div>\n\t\t\t\t\t<\/div>\n\t\t<\/div>\n\t\t\t\t<div class=\"elementor-column elementor-col-50 elementor-top-column elementor-element elementor-element-94efbe1\" data-id=\"94efbe1\" data-element_type=\"column\" data-e-type=\"column\">\n\t\t\t<div class=\"elementor-widget-wrap elementor-element-populated\">\n\t\t\t\t\t\t<div class=\"elementor-element elementor-element-d7d3050 elementor-widget elementor-widget-text-editor\" data-id=\"d7d3050\" data-element_type=\"widget\" data-e-type=\"widget\" data-widget_type=\"text-editor.default\">\n\t\t\t\t<div class=\"elementor-widget-container\">\n\t\t\t\t\t\t\t\t\t<h6 style=\"text-align: left;\"><br><\/h6><h6 style=\"text-align: left;\">Pour voir les orgues en France :&nbsp;<\/h6>\n<h6><a href=\"https:\/\/uhryorgues.com\/index.php\/les-orgues-en-france\/\" target=\"_blank\" rel=\"noopener\">https:\/\/uhryorgues.com\/index.php\/les-orgues-en-france\/<\/a><\/h6>\n<p><\/p>\t\t\t\t\t\t\t\t<\/div>\n\t\t\t\t<\/div>\n\t\t\t\t\t<\/div>\n\t\t<\/div>\n\t\t\t\t\t<\/div>\n\t\t<\/section>\n\t\t\t\t<section class=\"elementor-section elementor-top-section elementor-element elementor-element-bb15026 elementor-section-boxed elementor-section-height-default elementor-section-height-default\" data-id=\"bb15026\" data-element_type=\"section\" data-e-type=\"section\">\n\t\t\t\t\t\t<div class=\"elementor-container elementor-column-gap-default\">\n\t\t\t\t\t<div class=\"elementor-column elementor-col-50 elementor-top-column elementor-element elementor-element-85be941\" data-id=\"85be941\" data-element_type=\"column\" data-e-type=\"column\">\n\t\t\t<div class=\"elementor-widget-wrap elementor-element-populated\">\n\t\t\t\t\t\t<div class=\"elementor-element elementor-element-5f5762c elementor-widget elementor-widget-image\" data-id=\"5f5762c\" data-element_type=\"widget\" data-e-type=\"widget\" data-widget_type=\"image.default\">\n\t\t\t\t<div class=\"elementor-widget-container\">\n\t\t\t\t\t\t\t\t\t\t\t\t\t\t\t\t<a href=\"https:\/\/uhryorgues.com\/wp-content\/uploads\/2023\/03\/102_0246-scaled.jpg\" data-elementor-open-lightbox=\"yes\" data-elementor-lightbox-title=\"KODAK Digital Still Camera\" data-e-action-hash=\"#elementor-action%3Aaction%3Dlightbox%26settings%3DeyJpZCI6MjAxNCwidXJsIjoiaHR0cHM6XC9cL3Vocnlvcmd1ZXMuY29tXC93cC1jb250ZW50XC91cGxvYWRzXC8yMDIzXC8wM1wvMTAyXzAyNDYtc2NhbGVkLmpwZyJ9\">\n\t\t\t\t\t\t\t<img decoding=\"async\" src=\"https:\/\/uhryorgues.com\/wp-content\/uploads\/2023\/03\/102_0246-144x144.jpg\" title=\"KODAK Digital Still Camera\" alt=\"KODAK Digital Still Camera\" loading=\"lazy\" \/>\t\t\t\t\t\t\t\t<\/a>\n\t\t\t\t\t\t\t\t\t\t\t\t\t\t\t<\/div>\n\t\t\t\t<\/div>\n\t\t\t\t\t<\/div>\n\t\t<\/div>\n\t\t\t\t<div class=\"elementor-column elementor-col-50 elementor-top-column elementor-element elementor-element-c2ca3c3\" data-id=\"c2ca3c3\" data-element_type=\"column\" data-e-type=\"column\">\n\t\t\t<div class=\"elementor-widget-wrap elementor-element-populated\">\n\t\t\t\t\t\t<div class=\"elementor-element elementor-element-8448ba9 elementor-widget elementor-widget-text-editor\" data-id=\"8448ba9\" data-element_type=\"widget\" data-e-type=\"widget\" data-widget_type=\"text-editor.default\">\n\t\t\t\t<div class=\"elementor-widget-container\">\n\t\t\t\t\t\t\t\t\t<p>\u00a0<\/p><h6>Pour voir les orgues en Allemagne :\u00a0<\/h6><h6><br \/><a href=\"https:\/\/uhryorgues.com\/index.php\/les-orgues-en-allemagne\/\" target=\"_blank\" rel=\"noopener\">https:\/\/uhryorgues.com\/index.php\/les-orgues-en-allemagne\/<\/a><\/h6>\t\t\t\t\t\t\t\t<\/div>\n\t\t\t\t<\/div>\n\t\t\t\t\t<\/div>\n\t\t<\/div>\n\t\t\t\t\t<\/div>\n\t\t<\/section>\n\t\t\t\t<\/div>\n\t\t","protected":false},"excerpt":{"rendered":"<p>LES ORGUES Vous trouverez un descriptif de chaque orgues dont j&rsquo;ai r\u00e9alis\u00e9 le relevage et\/ou que j&rsquo;entretiens. C&rsquo;est un m\u00e9tier d&rsquo;art incluant de nombreuses disciplines et d&rsquo;un savoir-faire ancestral.&nbsp; Pour le relevage d&rsquo;un instrument, je travaille le bois, l&rsquo;\u00e9tain, le cuir et il faut bien \u00e9videmment avoir des connaissances musicales et avoir l&rsquo;oreille. Pr\u00e9c\u00e9dent Suivant [&hellip;]<\/p>\n","protected":false},"author":1,"featured_media":0,"parent":0,"menu_order":0,"comment_status":"closed","ping_status":"closed","template":"","meta":{"site-sidebar-layout":"no-sidebar","site-content-layout":"page-builder","ast-site-content-layout":"default","site-content-style":"default","site-sidebar-style":"default","ast-global-header-display":"","ast-banner-title-visibility":"","ast-main-header-display":"","ast-hfb-above-header-display":"","ast-hfb-below-header-display":"","ast-hfb-mobile-header-display":"","site-post-title":"disabled","ast-breadcrumbs-content":"","ast-featured-img":"disabled","footer-sml-layout":"","ast-disable-related-posts":"","theme-transparent-header-meta":"","adv-header-id-meta":"","stick-header-meta":"","header-above-stick-meta":"","header-main-stick-meta":"","header-below-stick-meta":"","astra-migrate-meta-layouts":"default","ast-page-background-enabled":"default","ast-page-background-meta":{"desktop":{"background-color":"","background-image":"","background-repeat":"repeat","background-position":"center center","background-size":"auto","background-attachment":"scroll","background-type":"","background-media":"","overlay-type":"","overlay-color":"","overlay-opacity":"","overlay-gradient":""},"tablet":{"background-color":"","background-image":"","background-repeat":"repeat","background-position":"center center","background-size":"auto","background-attachment":"scroll","background-type":"","background-media":"","overlay-type":"","overlay-color":"","overlay-opacity":"","overlay-gradient":""},"mobile":{"background-color":"","background-image":"","background-repeat":"repeat","background-position":"center center","background-size":"auto","background-attachment":"scroll","background-type":"","background-media":"","overlay-type":"","overlay-color":"","overlay-opacity":"","overlay-gradient":""}},"ast-content-background-meta":{"desktop":{"background-color":"var(--ast-global-color-5)","background-image":"","background-repeat":"repeat","background-position":"center center","background-size":"auto","background-attachment":"scroll","background-type":"","background-media":"","overlay-type":"","overlay-color":"","overlay-opacity":"","overlay-gradient":""},"tablet":{"background-color":"var(--ast-global-color-5)","background-image":"","background-repeat":"repeat","background-position":"center center","background-size":"auto","background-attachment":"scroll","background-type":"","background-media":"","overlay-type":"","overlay-color":"","overlay-opacity":"","overlay-gradient":""},"mobile":{"background-color":"var(--ast-global-color-5)","background-image":"","background-repeat":"repeat","background-position":"center center","background-size":"auto","background-attachment":"scroll","background-type":"","background-media":"","overlay-type":"","overlay-color":"","overlay-opacity":"","overlay-gradient":""}},"footnotes":""},"class_list":["post-578","page","type-page","status-publish","hentry"],"aioseo_notices":[],"_links":{"self":[{"href":"https:\/\/uhryorgues.com\/index.php\/wp-json\/wp\/v2\/pages\/578","targetHints":{"allow":["GET"]}}],"collection":[{"href":"https:\/\/uhryorgues.com\/index.php\/wp-json\/wp\/v2\/pages"}],"about":[{"href":"https:\/\/uhryorgues.com\/index.php\/wp-json\/wp\/v2\/types\/page"}],"author":[{"embeddable":true,"href":"https:\/\/uhryorgues.com\/index.php\/wp-json\/wp\/v2\/users\/1"}],"replies":[{"embeddable":true,"href":"https:\/\/uhryorgues.com\/index.php\/wp-json\/wp\/v2\/comments?post=578"}],"version-history":[{"count":52,"href":"https:\/\/uhryorgues.com\/index.php\/wp-json\/wp\/v2\/pages\/578\/revisions"}],"predecessor-version":[{"id":2020,"href":"https:\/\/uhryorgues.com\/index.php\/wp-json\/wp\/v2\/pages\/578\/revisions\/2020"}],"wp:attachment":[{"href":"https:\/\/uhryorgues.com\/index.php\/wp-json\/wp\/v2\/media?parent=578"}],"curies":[{"name":"wp","href":"https:\/\/api.w.org\/{rel}","templated":true}]}}