{"id":542,"date":"2018-11-27T09:17:28","date_gmt":"2018-11-27T09:17:28","guid":{"rendered":"https:\/\/uhryorgues.com\/index.php\/services\/"},"modified":"2026-03-18T14:32:34","modified_gmt":"2026-03-18T14:32:34","slug":"services","status":"publish","type":"page","link":"https:\/\/uhryorgues.com\/index.php\/services\/","title":{"rendered":"TRAVAUX EN COURS"},"content":{"rendered":"\t\t<div data-elementor-type=\"wp-post\" data-elementor-id=\"542\" class=\"elementor elementor-542\">\n\t\t\t\t\t\t<section class=\"elementor-section elementor-top-section elementor-element elementor-element-33a79095 elementor-section-boxed elementor-section-height-default elementor-section-height-default\" data-id=\"33a79095\" data-element_type=\"section\" data-e-type=\"section\" data-settings=\"{&quot;background_background&quot;:&quot;classic&quot;}\">\n\t\t\t\t\t\t\t<div class=\"elementor-background-overlay\"><\/div>\n\t\t\t\t\t\t\t<div class=\"elementor-container elementor-column-gap-default\">\n\t\t\t\t\t<div class=\"elementor-column elementor-col-100 elementor-top-column elementor-element elementor-element-3706530d\" data-id=\"3706530d\" data-element_type=\"column\" data-e-type=\"column\">\n\t\t\t<div class=\"elementor-widget-wrap elementor-element-populated\">\n\t\t\t\t\t\t<div class=\"elementor-element elementor-element-537de1f elementor-widget elementor-widget-heading\" data-id=\"537de1f\" data-element_type=\"widget\" data-e-type=\"widget\" data-widget_type=\"heading.default\">\n\t\t\t\t<div class=\"elementor-widget-container\">\n\t\t\t\t\t<h1 class=\"elementor-heading-title elementor-size-default\">Travaux en cours<\/h1>\t\t\t\t<\/div>\n\t\t\t\t<\/div>\n\t\t\t\t\t<\/div>\n\t\t<\/div>\n\t\t\t\t\t<\/div>\n\t\t<\/section>\n\t\t\t\t<section class=\"elementor-section elementor-top-section elementor-element elementor-element-ceb6e35 elementor-section-boxed elementor-section-height-default elementor-section-height-default\" data-id=\"ceb6e35\" data-element_type=\"section\" data-e-type=\"section\">\n\t\t\t\t\t\t<div class=\"elementor-container elementor-column-gap-default\">\n\t\t\t\t\t<div class=\"elementor-column elementor-col-100 elementor-top-column elementor-element elementor-element-71343fb\" data-id=\"71343fb\" data-element_type=\"column\" data-e-type=\"column\">\n\t\t\t<div class=\"elementor-widget-wrap elementor-element-populated\">\n\t\t\t\t\t\t<div class=\"elementor-element elementor-element-b181bf9 elementor-widget elementor-widget-heading\" data-id=\"b181bf9\" data-element_type=\"widget\" data-e-type=\"widget\" data-widget_type=\"heading.default\">\n\t\t\t\t<div class=\"elementor-widget-container\">\n\t\t\t\t\t<h2 class=\"elementor-heading-title elementor-size-default\">Entretiens des instruments<\/h2>\t\t\t\t<\/div>\n\t\t\t\t<\/div>\n\t\t\t\t\t<\/div>\n\t\t<\/div>\n\t\t\t\t\t<\/div>\n\t\t<\/section>\n\t\t\t\t<section class=\"elementor-section elementor-top-section elementor-element elementor-element-8a81c6d elementor-section-boxed elementor-section-height-default elementor-section-height-default\" data-id=\"8a81c6d\" data-element_type=\"section\" data-e-type=\"section\">\n\t\t\t\t\t\t<div class=\"elementor-container elementor-column-gap-default\">\n\t\t\t\t\t<div class=\"elementor-column elementor-col-100 elementor-top-column elementor-element elementor-element-0c526df\" data-id=\"0c526df\" data-element_type=\"column\" data-e-type=\"column\">\n\t\t\t<div class=\"elementor-widget-wrap elementor-element-populated\">\n\t\t\t\t\t\t<div class=\"elementor-element elementor-element-ce9d2e3 elementor-widget elementor-widget-image\" data-id=\"ce9d2e3\" data-element_type=\"widget\" data-e-type=\"widget\" data-widget_type=\"image.default\">\n\t\t\t\t<div class=\"elementor-widget-container\">\n\t\t\t\t\t\t\t\t\t\t\t\t\t\t\t<img fetchpriority=\"high\" decoding=\"async\" width=\"2560\" height=\"1142\" src=\"https:\/\/uhryorgues.com\/wp-content\/uploads\/2024\/06\/20240523_162323-scaled.jpg\" class=\"attachment-full size-full wp-image-3137\" alt=\"\" srcset=\"https:\/\/uhryorgues.com\/wp-content\/uploads\/2024\/06\/20240523_162323-scaled.jpg 2560w, https:\/\/uhryorgues.com\/wp-content\/uploads\/2024\/06\/20240523_162323-300x134.jpg 300w, https:\/\/uhryorgues.com\/wp-content\/uploads\/2024\/06\/20240523_162323-1024x457.jpg 1024w, https:\/\/uhryorgues.com\/wp-content\/uploads\/2024\/06\/20240523_162323-768x343.jpg 768w, https:\/\/uhryorgues.com\/wp-content\/uploads\/2024\/06\/20240523_162323-1536x685.jpg 1536w, https:\/\/uhryorgues.com\/wp-content\/uploads\/2024\/06\/20240523_162323-2048x914.jpg 2048w\" sizes=\"(max-width: 2560px) 100vw, 2560px\" \/>\t\t\t\t\t\t\t\t\t\t\t\t\t\t\t<\/div>\n\t\t\t\t<\/div>\n\t\t\t\t<div class=\"elementor-element elementor-element-f54cf1f elementor-widget elementor-widget-text-editor\" data-id=\"f54cf1f\" data-element_type=\"widget\" data-e-type=\"widget\" data-widget_type=\"text-editor.default\">\n\t\t\t\t<div class=\"elementor-widget-container\">\n\t\t\t\t\t\t\t\t\t<h4>La p\u00e9riode de chauffage dans les \u00e9glises se termine, c\u2019est le d\u00e9but des entretiens des orgues.<br \/>Pour cela, je me d\u00e9place en France et en Allemagne.<br \/>Indispensable pour l\u2019instrument, l\u2019entretien permet de corriger les dysfonctionnements sur le plan sonore et m\u00e9canique.<br \/>C\u2019est le moment de r\u00e9accorder les jeux d\u2019anches et de r\u00e9viser les jeux de fonds.<br \/>Il permet \u00e9galement de rem\u00e9dier aux d\u00e9r\u00e8glements de la m\u00e9canique, des claviers\u2026 et permet \u00e9galement de d\u00e9tecter toute avarie susceptible d\u2019alt\u00e9rer le bon fonctionnement et l\u2019\u00e9tat g\u00e9n\u00e9ral de l\u2019orgue.<\/h4>\t\t\t\t\t\t\t\t<\/div>\n\t\t\t\t<\/div>\n\t\t\t\t\t<\/div>\n\t\t<\/div>\n\t\t\t\t\t<\/div>\n\t\t<\/section>\n\t\t\t\t<section class=\"elementor-section elementor-top-section elementor-element elementor-element-43cfeb0 elementor-section-boxed elementor-section-height-default elementor-section-height-default\" data-id=\"43cfeb0\" data-element_type=\"section\" data-e-type=\"section\">\n\t\t\t\t\t\t<div class=\"elementor-container elementor-column-gap-default\">\n\t\t\t\t\t<div class=\"elementor-column elementor-col-100 elementor-top-column elementor-element elementor-element-cfaf6ef\" data-id=\"cfaf6ef\" data-element_type=\"column\" data-e-type=\"column\">\n\t\t\t<div class=\"elementor-widget-wrap\">\n\t\t\t\t\t\t\t<\/div>\n\t\t<\/div>\n\t\t\t\t\t<\/div>\n\t\t<\/section>\n\t\t\t\t<\/div>\n\t\t","protected":false},"excerpt":{"rendered":"<p>Travaux en cours Entretiens des instruments La p\u00e9riode de chauffage dans les \u00e9glises se termine, c\u2019est le d\u00e9but des entretiens des orgues.Pour cela, je me d\u00e9place en France et en Allemagne.Indispensable pour l\u2019instrument, l\u2019entretien permet de corriger les dysfonctionnements sur le plan sonore et m\u00e9canique.C\u2019est le moment de r\u00e9accorder les jeux d\u2019anches et de r\u00e9viser [&hellip;]<\/p>\n","protected":false},"author":1,"featured_media":0,"parent":0,"menu_order":0,"comment_status":"closed","ping_status":"closed","template":"","meta":{"site-sidebar-layout":"no-sidebar","site-content-layout":"page-builder","ast-site-content-layout":"default","site-content-style":"default","site-sidebar-style":"default","ast-global-header-display":"","ast-banner-title-visibility":"","ast-main-header-display":"","ast-hfb-above-header-display":"","ast-hfb-below-header-display":"","ast-hfb-mobile-header-display":"","site-post-title":"disabled","ast-breadcrumbs-content":"","ast-featured-img":"disabled","footer-sml-layout":"","ast-disable-related-posts":"","theme-transparent-header-meta":"enabled","adv-header-id-meta":"","stick-header-meta":"","header-above-stick-meta":"","header-main-stick-meta":"","header-below-stick-meta":"","astra-migrate-meta-layouts":"default","ast-page-background-enabled":"default","ast-page-background-meta":{"desktop":{"background-color":"","background-image":"","background-repeat":"repeat","background-position":"center center","background-size":"auto","background-attachment":"scroll","background-type":"","background-media":"","overlay-type":"","overlay-color":"","overlay-opacity":"","overlay-gradient":""},"tablet":{"background-color":"","background-image":"","background-repeat":"repeat","background-position":"center center","background-size":"auto","background-attachment":"scroll","background-type":"","background-media":"","overlay-type":"","overlay-color":"","overlay-opacity":"","overlay-gradient":""},"mobile":{"background-color":"","background-image":"","background-repeat":"repeat","background-position":"center center","background-size":"auto","background-attachment":"scroll","background-type":"","background-media":"","overlay-type":"","overlay-color":"","overlay-opacity":"","overlay-gradient":""}},"ast-content-background-meta":{"desktop":{"background-color":"var(--ast-global-color-5)","background-image":"","background-repeat":"repeat","background-position":"center center","background-size":"auto","background-attachment":"scroll","background-type":"","background-media":"","overlay-type":"","overlay-color":"","overlay-opacity":"","overlay-gradient":""},"tablet":{"background-color":"var(--ast-global-color-5)","background-image":"","background-repeat":"repeat","background-position":"center center","background-size":"auto","background-attachment":"scroll","background-type":"","background-media":"","overlay-type":"","overlay-color":"","overlay-opacity":"","overlay-gradient":""},"mobile":{"background-color":"var(--ast-global-color-5)","background-image":"","background-repeat":"repeat","background-position":"center center","background-size":"auto","background-attachment":"scroll","background-type":"","background-media":"","overlay-type":"","overlay-color":"","overlay-opacity":"","overlay-gradient":""}},"footnotes":""},"class_list":["post-542","page","type-page","status-publish","hentry"],"aioseo_notices":[],"_links":{"self":[{"href":"https:\/\/uhryorgues.com\/index.php\/wp-json\/wp\/v2\/pages\/542","targetHints":{"allow":["GET"]}}],"collection":[{"href":"https:\/\/uhryorgues.com\/index.php\/wp-json\/wp\/v2\/pages"}],"about":[{"href":"https:\/\/uhryorgues.com\/index.php\/wp-json\/wp\/v2\/types\/page"}],"author":[{"embeddable":true,"href":"https:\/\/uhryorgues.com\/index.php\/wp-json\/wp\/v2\/users\/1"}],"replies":[{"embeddable":true,"href":"https:\/\/uhryorgues.com\/index.php\/wp-json\/wp\/v2\/comments?post=542"}],"version-history":[{"count":165,"href":"https:\/\/uhryorgues.com\/index.php\/wp-json\/wp\/v2\/pages\/542\/revisions"}],"predecessor-version":[{"id":3716,"href":"https:\/\/uhryorgues.com\/index.php\/wp-json\/wp\/v2\/pages\/542\/revisions\/3716"}],"wp:attachment":[{"href":"https:\/\/uhryorgues.com\/index.php\/wp-json\/wp\/v2\/media?parent=542"}],"curies":[{"name":"wp","href":"https:\/\/api.w.org\/{rel}","templated":true}]}}