{"id":3374,"date":"2025-03-26T14:01:16","date_gmt":"2025-03-26T14:01:16","guid":{"rendered":"https:\/\/uhryorgues.com\/?page_id=3374"},"modified":"2025-04-21T14:36:19","modified_gmt":"2025-04-21T14:36:19","slug":"albe","status":"publish","type":"page","link":"https:\/\/uhryorgues.com\/index.php\/albe\/","title":{"rendered":"ALBE"},"content":{"rendered":"\t\t<div data-elementor-type=\"wp-page\" data-elementor-id=\"3374\" class=\"elementor elementor-3374\">\n\t\t\t\t\t\t<section class=\"elementor-section elementor-top-section elementor-element elementor-element-df0d0b9 elementor-section-boxed elementor-section-height-default elementor-section-height-default\" data-id=\"df0d0b9\" data-element_type=\"section\" data-e-type=\"section\" data-settings=\"{&quot;background_background&quot;:&quot;classic&quot;}\">\n\t\t\t\t\t\t\t<div class=\"elementor-background-overlay\"><\/div>\n\t\t\t\t\t\t\t<div class=\"elementor-container elementor-column-gap-default\">\n\t\t\t\t\t<div class=\"elementor-column elementor-col-100 elementor-top-column elementor-element elementor-element-d4afef9\" data-id=\"d4afef9\" data-element_type=\"column\" data-e-type=\"column\">\n\t\t\t<div class=\"elementor-widget-wrap elementor-element-populated\">\n\t\t\t\t\t\t<div class=\"elementor-element elementor-element-04c5cc1 elementor-widget elementor-widget-heading\" data-id=\"04c5cc1\" data-element_type=\"widget\" data-e-type=\"widget\" data-widget_type=\"heading.default\">\n\t\t\t\t<div class=\"elementor-widget-container\">\n\t\t\t\t\t<h1 class=\"elementor-heading-title elementor-size-default\">ALBE<\/h1>\t\t\t\t<\/div>\n\t\t\t\t<\/div>\n\t\t\t\t\t<\/div>\n\t\t<\/div>\n\t\t\t\t\t<\/div>\n\t\t<\/section>\n\t\t\t\t<section class=\"elementor-section elementor-top-section elementor-element elementor-element-acdbc96 elementor-section-boxed elementor-section-height-default elementor-section-height-default\" data-id=\"acdbc96\" data-element_type=\"section\" data-e-type=\"section\">\n\t\t\t\t\t\t<div class=\"elementor-container elementor-column-gap-default\">\n\t\t\t\t\t<div class=\"elementor-column elementor-col-100 elementor-top-column elementor-element elementor-element-dfe674d\" data-id=\"dfe674d\" data-element_type=\"column\" data-e-type=\"column\">\n\t\t\t<div class=\"elementor-widget-wrap elementor-element-populated\">\n\t\t\t\t\t\t<div class=\"elementor-element elementor-element-a8cbe1b elementor-widget__width-initial elementor-widget elementor-widget-heading\" data-id=\"a8cbe1b\" data-element_type=\"widget\" data-e-type=\"widget\" data-widget_type=\"heading.default\">\n\t\t\t\t<div class=\"elementor-widget-container\">\n\t\t\t\t\t<h6 class=\"elementor-heading-title elementor-size-default\"><span style=\"color: var(--ast-global-color-2);font-size: 2.125rem;background-color: var(--ast-global-color-4)\">REPARATION SUR LA TRANSMISSION <\/span><br><br><br><span style=\"color: var(--ast-global-color-2);font-size: 2.125rem;background-color: var(--ast-global-color-4)\">PNEUMATIQUE DE<\/span><br><br><span style=\"color: var(--ast-global-color-2);font-size: 2.125rem;background-color: var(--ast-global-color-4)\"> <\/span><br><span style=\"color: var(--ast-global-color-2);font-size: 2.125rem;background-color: var(--ast-global-color-4)\">L'ORGUE DE L'EGLISE ST WENDELIN<\/span><br><br>Facteurs d'orgues : 1918 orgue neuf de Franz KRIESS construit dans un buffet STIEHR (1839)<br>2 claviers, p\u00e9dalier, 16 registres<br>Transmission pneumatique<br><br><\/h6>\t\t\t\t<\/div>\n\t\t\t\t<\/div>\n\t\t\t\t\t<\/div>\n\t\t<\/div>\n\t\t\t\t\t<\/div>\n\t\t<\/section>\n\t\t\t\t<section class=\"elementor-section elementor-top-section elementor-element elementor-element-b18460a elementor-section-boxed elementor-section-height-default elementor-section-height-default\" data-id=\"b18460a\" data-element_type=\"section\" data-e-type=\"section\">\n\t\t\t\t\t\t<div class=\"elementor-container elementor-column-gap-default\">\n\t\t\t\t\t<div class=\"elementor-column elementor-col-100 elementor-top-column elementor-element elementor-element-053e31f\" data-id=\"053e31f\" data-element_type=\"column\" data-e-type=\"column\">\n\t\t\t<div class=\"elementor-widget-wrap elementor-element-populated\">\n\t\t\t\t\t\t<div class=\"elementor-element elementor-element-91ed3ca elementor-widget elementor-widget-text-editor\" data-id=\"91ed3ca\" data-element_type=\"widget\" data-e-type=\"widget\" data-widget_type=\"text-editor.default\">\n\t\t\t\t<div class=\"elementor-widget-container\">\n\t\t\t\t\t\t\t\t\t<h6>Travaux effectu\u00e9s :<\/h6><ul><li>Remplacement des membranes d\u00e9fectueuses<\/li><li>Accord partiel<\/li><\/ul>\t\t\t\t\t\t\t\t<\/div>\n\t\t\t\t<\/div>\n\t\t\t\t\t<\/div>\n\t\t<\/div>\n\t\t\t\t\t<\/div>\n\t\t<\/section>\n\t\t\t\t<section class=\"elementor-section elementor-top-section elementor-element elementor-element-a7417e2 elementor-section-boxed elementor-section-height-default elementor-section-height-default\" data-id=\"a7417e2\" data-element_type=\"section\" data-e-type=\"section\">\n\t\t\t\t\t\t<div class=\"elementor-container elementor-column-gap-default\">\n\t\t\t\t\t<div class=\"elementor-column elementor-col-100 elementor-top-column elementor-element elementor-element-3c33ad3\" data-id=\"3c33ad3\" data-element_type=\"column\" data-e-type=\"column\">\n\t\t\t<div class=\"elementor-widget-wrap elementor-element-populated\">\n\t\t\t\t\t\t<div class=\"elementor-element elementor-element-82dc763 elementor-widget elementor-widget-image\" data-id=\"82dc763\" data-element_type=\"widget\" data-e-type=\"widget\" data-widget_type=\"image.default\">\n\t\t\t\t<div class=\"elementor-widget-container\">\n\t\t\t\t\t\t\t\t\t\t\t\t\t\t\t\t<a href=\"https:\/\/uhryorgues.com\/wp-content\/uploads\/2025\/03\/20240510_141148-scaled.jpg\" data-elementor-open-lightbox=\"yes\" data-elementor-lightbox-description=\"ALBE\" data-e-action-hash=\"#elementor-action%3Aaction%3Dlightbox%26settings%3DeyJpZCI6MzM0OCwidXJsIjoiaHR0cHM6XC9cL3Vocnlvcmd1ZXMuY29tXC93cC1jb250ZW50XC91cGxvYWRzXC8yMDI1XC8wM1wvMjAyNDA1MTBfMTQxMTQ4LXNjYWxlZC5qcGcifQ%3D%3D\">\n\t\t\t\t\t\t\t<img decoding=\"async\" src=\"https:\/\/uhryorgues.com\/wp-content\/uploads\/elementor\/thumbs\/20240510_141148-scaled-r3fhhj8dhlh1xgnc85uc1ed5j31p3s1mqp7puwqau0.jpg\" title=\"\" alt=\"\" loading=\"lazy\" \/>\t\t\t\t\t\t\t\t<\/a>\n\t\t\t\t\t\t\t\t\t\t\t\t\t\t\t<\/div>\n\t\t\t\t<\/div>\n\t\t\t\t\t<\/div>\n\t\t<\/div>\n\t\t\t\t\t<\/div>\n\t\t<\/section>\n\t\t\t\t<section class=\"elementor-section elementor-top-section elementor-element elementor-element-91a97e1 elementor-section-boxed elementor-section-height-default elementor-section-height-default\" data-id=\"91a97e1\" data-element_type=\"section\" data-e-type=\"section\">\n\t\t\t\t\t\t<div class=\"elementor-container elementor-column-gap-default\">\n\t\t\t\t\t<div class=\"elementor-column elementor-col-100 elementor-top-column elementor-element elementor-element-46e9af9\" data-id=\"46e9af9\" data-element_type=\"column\" data-e-type=\"column\">\n\t\t\t<div class=\"elementor-widget-wrap elementor-element-populated\">\n\t\t\t\t\t\t<div class=\"elementor-element elementor-element-18efd19 elementor-arrows-position-inside elementor-pagination-position-outside elementor-widget elementor-widget-image-carousel\" data-id=\"18efd19\" data-element_type=\"widget\" data-e-type=\"widget\" data-settings=\"{&quot;slides_to_show&quot;:&quot;2&quot;,&quot;autoplay_speed&quot;:2000,&quot;speed&quot;:1500,&quot;navigation&quot;:&quot;both&quot;,&quot;autoplay&quot;:&quot;yes&quot;,&quot;pause_on_hover&quot;:&quot;yes&quot;,&quot;pause_on_interaction&quot;:&quot;yes&quot;,&quot;infinite&quot;:&quot;yes&quot;}\" data-widget_type=\"image-carousel.default\">\n\t\t\t\t<div class=\"elementor-widget-container\">\n\t\t\t\t\t\t\t<div class=\"elementor-image-carousel-wrapper swiper\" role=\"region\" aria-roledescription=\"carousel\" aria-label=\"Carrousel d\u2019images\" dir=\"ltr\">\n\t\t\t<div class=\"elementor-image-carousel swiper-wrapper\" aria-live=\"off\">\n\t\t\t\t\t\t\t\t<div class=\"swiper-slide\" role=\"group\" aria-roledescription=\"slide\" aria-label=\"1 sur 9\"><a data-elementor-open-lightbox=\"yes\" data-elementor-lightbox-slideshow=\"18efd19\" data-elementor-lightbox-description=\"ALBE\" data-e-action-hash=\"#elementor-action%3Aaction%3Dlightbox%26settings%3DeyJpZCI6MzM0OSwidXJsIjoiaHR0cHM6XC9cL3Vocnlvcmd1ZXMuY29tXC93cC1jb250ZW50XC91cGxvYWRzXC8yMDI1XC8wM1wvMjAyNDA1MTBfMTUxNDUzLXNjYWxlZC5qcGciLCJzbGlkZXNob3ciOiIxOGVmZDE5In0%3D\" href=\"https:\/\/uhryorgues.com\/wp-content\/uploads\/2025\/03\/20240510_151453-scaled.jpg\"><figure class=\"swiper-slide-inner\"><img decoding=\"async\" class=\"swiper-slide-image\" src=\"https:\/\/uhryorgues.com\/wp-content\/uploads\/2025\/03\/20240510_151453-134x300.jpg\" alt=\"\" \/><\/figure><\/a><\/div><div class=\"swiper-slide\" role=\"group\" aria-roledescription=\"slide\" aria-label=\"2 sur 9\"><a data-elementor-open-lightbox=\"yes\" data-elementor-lightbox-slideshow=\"18efd19\" data-elementor-lightbox-description=\"ALBE\" data-e-action-hash=\"#elementor-action%3Aaction%3Dlightbox%26settings%3DeyJpZCI6MzM1MiwidXJsIjoiaHR0cHM6XC9cL3Vocnlvcmd1ZXMuY29tXC93cC1jb250ZW50XC91cGxvYWRzXC8yMDI1XC8wM1wvMjAyNDA1MTBfMTU1ODQ4LXNjYWxlZC5qcGciLCJzbGlkZXNob3ciOiIxOGVmZDE5In0%3D\" href=\"https:\/\/uhryorgues.com\/wp-content\/uploads\/2025\/03\/20240510_155848-scaled.jpg\"><figure class=\"swiper-slide-inner\"><img decoding=\"async\" class=\"swiper-slide-image\" src=\"https:\/\/uhryorgues.com\/wp-content\/uploads\/2025\/03\/20240510_155848-134x300.jpg\" alt=\"\" \/><\/figure><\/a><\/div><div class=\"swiper-slide\" role=\"group\" aria-roledescription=\"slide\" aria-label=\"3 sur 9\"><a data-elementor-open-lightbox=\"yes\" data-elementor-lightbox-slideshow=\"18efd19\" data-elementor-lightbox-description=\"ALBE\" data-e-action-hash=\"#elementor-action%3Aaction%3Dlightbox%26settings%3DeyJpZCI6MzM1MywidXJsIjoiaHR0cHM6XC9cL3Vocnlvcmd1ZXMuY29tXC93cC1jb250ZW50XC91cGxvYWRzXC8yMDI1XC8wM1wvMjAyNDA1MTBfMTU1ODU3LXNjYWxlZC5qcGciLCJzbGlkZXNob3ciOiIxOGVmZDE5In0%3D\" href=\"https:\/\/uhryorgues.com\/wp-content\/uploads\/2025\/03\/20240510_155857-scaled.jpg\"><figure class=\"swiper-slide-inner\"><img decoding=\"async\" class=\"swiper-slide-image\" src=\"https:\/\/uhryorgues.com\/wp-content\/uploads\/2025\/03\/20240510_155857-134x300.jpg\" alt=\"\" \/><\/figure><\/a><\/div><div class=\"swiper-slide\" role=\"group\" aria-roledescription=\"slide\" aria-label=\"4 sur 9\"><a data-elementor-open-lightbox=\"yes\" data-elementor-lightbox-slideshow=\"18efd19\" data-elementor-lightbox-description=\"ALBE\" data-e-action-hash=\"#elementor-action%3Aaction%3Dlightbox%26settings%3DeyJpZCI6MzM1NCwidXJsIjoiaHR0cHM6XC9cL3Vocnlvcmd1ZXMuY29tXC93cC1jb250ZW50XC91cGxvYWRzXC8yMDI1XC8wM1wvMjAyNDA4MDZfMTQ1NTM1LXNjYWxlZC5qcGciLCJzbGlkZXNob3ciOiIxOGVmZDE5In0%3D\" href=\"https:\/\/uhryorgues.com\/wp-content\/uploads\/2025\/03\/20240806_145535-scaled.jpg\"><figure class=\"swiper-slide-inner\"><img decoding=\"async\" class=\"swiper-slide-image\" src=\"https:\/\/uhryorgues.com\/wp-content\/uploads\/2025\/03\/20240806_145535-134x300.jpg\" alt=\"\" \/><\/figure><\/a><\/div><div class=\"swiper-slide\" role=\"group\" aria-roledescription=\"slide\" aria-label=\"5 sur 9\"><a data-elementor-open-lightbox=\"yes\" data-elementor-lightbox-slideshow=\"18efd19\" data-elementor-lightbox-description=\"ALBE\" data-e-action-hash=\"#elementor-action%3Aaction%3Dlightbox%26settings%3DeyJpZCI6MzM1NSwidXJsIjoiaHR0cHM6XC9cL3Vocnlvcmd1ZXMuY29tXC93cC1jb250ZW50XC91cGxvYWRzXC8yMDI1XC8wM1wvMjAyNDA4MDZfMTQ1NjA1LXNjYWxlZC5qcGciLCJzbGlkZXNob3ciOiIxOGVmZDE5In0%3D\" href=\"https:\/\/uhryorgues.com\/wp-content\/uploads\/2025\/03\/20240806_145605-scaled.jpg\"><figure class=\"swiper-slide-inner\"><img decoding=\"async\" class=\"swiper-slide-image\" src=\"https:\/\/uhryorgues.com\/wp-content\/uploads\/2025\/03\/20240806_145605-134x300.jpg\" alt=\"\" \/><\/figure><\/a><\/div><div class=\"swiper-slide\" role=\"group\" aria-roledescription=\"slide\" aria-label=\"6 sur 9\"><a data-elementor-open-lightbox=\"yes\" data-elementor-lightbox-slideshow=\"18efd19\" data-elementor-lightbox-description=\"ALBE\" data-e-action-hash=\"#elementor-action%3Aaction%3Dlightbox%26settings%3DeyJpZCI6MzM1NiwidXJsIjoiaHR0cHM6XC9cL3Vocnlvcmd1ZXMuY29tXC93cC1jb250ZW50XC91cGxvYWRzXC8yMDI1XC8wM1wvMjAyNDA4MDZfMTQ1NjQ2LXNjYWxlZC5qcGciLCJzbGlkZXNob3ciOiIxOGVmZDE5In0%3D\" href=\"https:\/\/uhryorgues.com\/wp-content\/uploads\/2025\/03\/20240806_145646-scaled.jpg\"><figure class=\"swiper-slide-inner\"><img decoding=\"async\" class=\"swiper-slide-image\" src=\"https:\/\/uhryorgues.com\/wp-content\/uploads\/2025\/03\/20240806_145646-134x300.jpg\" alt=\"\" \/><\/figure><\/a><\/div><div class=\"swiper-slide\" role=\"group\" aria-roledescription=\"slide\" aria-label=\"7 sur 9\"><a data-elementor-open-lightbox=\"yes\" data-elementor-lightbox-slideshow=\"18efd19\" data-elementor-lightbox-description=\"ALBE\" data-e-action-hash=\"#elementor-action%3Aaction%3Dlightbox%26settings%3DeyJpZCI6MzM1NywidXJsIjoiaHR0cHM6XC9cL3Vocnlvcmd1ZXMuY29tXC93cC1jb250ZW50XC91cGxvYWRzXC8yMDI1XC8wM1wvMjAyNDA4MDZfMTQ1NzExLXNjYWxlZC5qcGciLCJzbGlkZXNob3ciOiIxOGVmZDE5In0%3D\" href=\"https:\/\/uhryorgues.com\/wp-content\/uploads\/2025\/03\/20240806_145711-scaled.jpg\"><figure class=\"swiper-slide-inner\"><img decoding=\"async\" class=\"swiper-slide-image\" src=\"https:\/\/uhryorgues.com\/wp-content\/uploads\/2025\/03\/20240806_145711-134x300.jpg\" alt=\"\" \/><\/figure><\/a><\/div><div class=\"swiper-slide\" role=\"group\" aria-roledescription=\"slide\" aria-label=\"8 sur 9\"><a data-elementor-open-lightbox=\"yes\" data-elementor-lightbox-slideshow=\"18efd19\" data-elementor-lightbox-description=\"ALBE\" data-e-action-hash=\"#elementor-action%3Aaction%3Dlightbox%26settings%3DeyJpZCI6MzM1OCwidXJsIjoiaHR0cHM6XC9cL3Vocnlvcmd1ZXMuY29tXC93cC1jb250ZW50XC91cGxvYWRzXC8yMDI1XC8wM1wvMjAyNDA4MDZfMTQ1ODQ5LXNjYWxlZC5qcGciLCJzbGlkZXNob3ciOiIxOGVmZDE5In0%3D\" href=\"https:\/\/uhryorgues.com\/wp-content\/uploads\/2025\/03\/20240806_145849-scaled.jpg\"><figure class=\"swiper-slide-inner\"><img decoding=\"async\" class=\"swiper-slide-image\" src=\"https:\/\/uhryorgues.com\/wp-content\/uploads\/2025\/03\/20240806_145849-134x300.jpg\" alt=\"\" \/><\/figure><\/a><\/div><div class=\"swiper-slide\" role=\"group\" aria-roledescription=\"slide\" aria-label=\"9 sur 9\"><a data-elementor-open-lightbox=\"yes\" data-elementor-lightbox-slideshow=\"18efd19\" data-elementor-lightbox-title=\"20240807_102645\" data-e-action-hash=\"#elementor-action%3Aaction%3Dlightbox%26settings%3DeyJpZCI6MzM1OSwidXJsIjoiaHR0cHM6XC9cL3Vocnlvcmd1ZXMuY29tXC93cC1jb250ZW50XC91cGxvYWRzXC8yMDI1XC8wM1wvMjAyNDA4MDdfMTAyNjQ1LXNjYWxlZC5qcGciLCJzbGlkZXNob3ciOiIxOGVmZDE5In0%3D\" href=\"https:\/\/uhryorgues.com\/wp-content\/uploads\/2025\/03\/20240807_102645-scaled.jpg\"><figure class=\"swiper-slide-inner\"><img decoding=\"async\" class=\"swiper-slide-image\" src=\"https:\/\/uhryorgues.com\/wp-content\/uploads\/2025\/03\/20240807_102645-134x300.jpg\" alt=\"20240807_102645\" \/><\/figure><\/a><\/div>\t\t\t<\/div>\n\t\t\t\t\t\t\t\t\t\t\t\t<div class=\"elementor-swiper-button elementor-swiper-button-prev\" role=\"button\" tabindex=\"0\">\n\t\t\t\t\t\t<i aria-hidden=\"true\" class=\"eicon-chevron-left\"><\/i>\t\t\t\t\t<\/div>\n\t\t\t\t\t<div class=\"elementor-swiper-button elementor-swiper-button-next\" role=\"button\" tabindex=\"0\">\n\t\t\t\t\t\t<i aria-hidden=\"true\" class=\"eicon-chevron-right\"><\/i>\t\t\t\t\t<\/div>\n\t\t\t\t\n\t\t\t\t\t\t\t\t\t<div class=\"swiper-pagination\"><\/div>\n\t\t\t\t\t\t\t\t\t<\/div>\n\t\t\t\t\t\t<\/div>\n\t\t\t\t<\/div>\n\t\t\t\t\t<\/div>\n\t\t<\/div>\n\t\t\t\t\t<\/div>\n\t\t<\/section>\n\t\t\t\t<\/div>\n\t\t","protected":false},"excerpt":{"rendered":"<p>ALBE REPARATION SUR LA TRANSMISSION PNEUMATIQUE DE L&rsquo;ORGUE DE L&rsquo;EGLISE ST WENDELIN Facteurs d&rsquo;orgues : 1918 orgue neuf de Franz KRIESS construit dans un buffet STIEHR (1839)2 claviers, p\u00e9dalier, 16 registresTransmission pneumatique Travaux effectu\u00e9s : Remplacement des membranes d\u00e9fectueuses Accord partiel<\/p>\n","protected":false},"author":1,"featured_media":0,"parent":0,"menu_order":0,"comment_status":"closed","ping_status":"closed","template":"","meta":{"site-sidebar-layout":"no-sidebar","site-content-layout":"page-builder","ast-site-content-layout":"full-width-container","site-content-style":"default","site-sidebar-style":"default","ast-global-header-display":"","ast-banner-title-visibility":"","ast-main-header-display":"","ast-hfb-above-header-display":"","ast-hfb-below-header-display":"","ast-hfb-mobile-header-display":"","site-post-title":"disabled","ast-breadcrumbs-content":"","ast-featured-img":"disabled","footer-sml-layout":"","ast-disable-related-posts":"","theme-transparent-header-meta":"","adv-header-id-meta":"","stick-header-meta":"","header-above-stick-meta":"","header-main-stick-meta":"","header-below-stick-meta":"","astra-migrate-meta-layouts":"set","ast-page-background-enabled":"default","ast-page-background-meta":{"desktop":{"background-color":"","background-image":"","background-repeat":"repeat","background-position":"center center","background-size":"auto","background-attachment":"scroll","background-type":"","background-media":"","overlay-type":"","overlay-color":"","overlay-opacity":"","overlay-gradient":""},"tablet":{"background-color":"","background-image":"","background-repeat":"repeat","background-position":"center center","background-size":"auto","background-attachment":"scroll","background-type":"","background-media":"","overlay-type":"","overlay-color":"","overlay-opacity":"","overlay-gradient":""},"mobile":{"background-color":"","background-image":"","background-repeat":"repeat","background-position":"center center","background-size":"auto","background-attachment":"scroll","background-type":"","background-media":"","overlay-type":"","overlay-color":"","overlay-opacity":"","overlay-gradient":""}},"ast-content-background-meta":{"desktop":{"background-color":"var(--ast-global-color-5)","background-image":"","background-repeat":"repeat","background-position":"center center","background-size":"auto","background-attachment":"scroll","background-type":"","background-media":"","overlay-type":"","overlay-color":"","overlay-opacity":"","overlay-gradient":""},"tablet":{"background-color":"var(--ast-global-color-5)","background-image":"","background-repeat":"repeat","background-position":"center center","background-size":"auto","background-attachment":"scroll","background-type":"","background-media":"","overlay-type":"","overlay-color":"","overlay-opacity":"","overlay-gradient":""},"mobile":{"background-color":"var(--ast-global-color-5)","background-image":"","background-repeat":"repeat","background-position":"center center","background-size":"auto","background-attachment":"scroll","background-type":"","background-media":"","overlay-type":"","overlay-color":"","overlay-opacity":"","overlay-gradient":""}},"footnotes":""},"class_list":["post-3374","page","type-page","status-publish","hentry"],"aioseo_notices":[],"_links":{"self":[{"href":"https:\/\/uhryorgues.com\/index.php\/wp-json\/wp\/v2\/pages\/3374","targetHints":{"allow":["GET"]}}],"collection":[{"href":"https:\/\/uhryorgues.com\/index.php\/wp-json\/wp\/v2\/pages"}],"about":[{"href":"https:\/\/uhryorgues.com\/index.php\/wp-json\/wp\/v2\/types\/page"}],"author":[{"embeddable":true,"href":"https:\/\/uhryorgues.com\/index.php\/wp-json\/wp\/v2\/users\/1"}],"replies":[{"embeddable":true,"href":"https:\/\/uhryorgues.com\/index.php\/wp-json\/wp\/v2\/comments?post=3374"}],"version-history":[{"count":22,"href":"https:\/\/uhryorgues.com\/index.php\/wp-json\/wp\/v2\/pages\/3374\/revisions"}],"predecessor-version":[{"id":3412,"href":"https:\/\/uhryorgues.com\/index.php\/wp-json\/wp\/v2\/pages\/3374\/revisions\/3412"}],"wp:attachment":[{"href":"https:\/\/uhryorgues.com\/index.php\/wp-json\/wp\/v2\/media?parent=3374"}],"curies":[{"name":"wp","href":"https:\/\/api.w.org\/{rel}","templated":true}]}}