{"id":2759,"date":"2023-07-05T14:43:22","date_gmt":"2023-07-05T14:43:22","guid":{"rendered":"https:\/\/uhryorgues.com\/?page_id=2759"},"modified":"2023-09-08T14:11:36","modified_gmt":"2023-09-08T14:11:36","slug":"composition-klingenthal","status":"publish","type":"page","link":"https:\/\/uhryorgues.com\/index.php\/composition-klingenthal\/","title":{"rendered":"COMPOSITION KLINGENTHAL"},"content":{"rendered":"\t\t<div data-elementor-type=\"wp-page\" data-elementor-id=\"2759\" class=\"elementor elementor-2759\">\n\t\t\t\t\t\t<section class=\"elementor-section elementor-top-section elementor-element elementor-element-ea5d9c9 elementor-section-boxed elementor-section-height-default elementor-section-height-default\" data-id=\"ea5d9c9\" data-element_type=\"section\" data-e-type=\"section\" data-settings=\"{&quot;background_background&quot;:&quot;classic&quot;}\">\n\t\t\t\t\t\t\t<div class=\"elementor-background-overlay\"><\/div>\n\t\t\t\t\t\t\t<div class=\"elementor-container elementor-column-gap-default\">\n\t\t\t\t\t<div class=\"elementor-column elementor-col-100 elementor-top-column elementor-element elementor-element-95dfb3f\" data-id=\"95dfb3f\" data-element_type=\"column\" data-e-type=\"column\">\n\t\t\t<div class=\"elementor-widget-wrap elementor-element-populated\">\n\t\t\t\t\t\t<div class=\"elementor-element elementor-element-b78d4b9 elementor-widget elementor-widget-heading\" data-id=\"b78d4b9\" data-element_type=\"widget\" data-e-type=\"widget\" data-widget_type=\"heading.default\">\n\t\t\t\t<div class=\"elementor-widget-container\">\n\t\t\t\t\t<h1 class=\"elementor-heading-title elementor-size-default\">KLINGENTHAL<\/h1>\t\t\t\t<\/div>\n\t\t\t\t<\/div>\n\t\t\t\t\t<\/div>\n\t\t<\/div>\n\t\t\t\t\t<\/div>\n\t\t<\/section>\n\t\t\t\t<section class=\"elementor-section elementor-top-section elementor-element elementor-element-86cde99 elementor-section-boxed elementor-section-height-default elementor-section-height-default\" data-id=\"86cde99\" data-element_type=\"section\" data-e-type=\"section\">\n\t\t\t\t\t\t<div class=\"elementor-container elementor-column-gap-default\">\n\t\t\t\t\t<div class=\"elementor-column elementor-col-100 elementor-top-column elementor-element elementor-element-e73ef73\" data-id=\"e73ef73\" data-element_type=\"column\" data-e-type=\"column\">\n\t\t\t<div class=\"elementor-widget-wrap elementor-element-populated\">\n\t\t\t\t\t\t<div class=\"elementor-element elementor-element-0aac4cd elementor-widget elementor-widget-heading\" data-id=\"0aac4cd\" data-element_type=\"widget\" data-e-type=\"widget\" data-widget_type=\"heading.default\">\n\t\t\t\t<div class=\"elementor-widget-container\">\n\t\t\t\t\t<h2 class=\"elementor-heading-title elementor-size-default\">Relevage de l'orgue de l'\u00e9glise CATHOLIQUE  Saint-Louis de Klingenthal<\/h2>\t\t\t\t<\/div>\n\t\t\t\t<\/div>\n\t\t\t\t<div class=\"elementor-element elementor-element-179e05f elementor-widget elementor-widget-text-editor\" data-id=\"179e05f\" data-element_type=\"widget\" data-e-type=\"widget\" data-widget_type=\"text-editor.default\">\n\t\t\t\t<div class=\"elementor-widget-container\">\n\t\t\t\t\t\t\t\t\t<h6 style=\"text-align: center;\">Facteur d&rsquo;orgues : Max ROETHINGER (1968)<br \/>Transmission m\u00e9canique<br \/>2 claviers, p\u00e9dalier, 7 registres<br \/>Relevage effectu\u00e9 en juin 2023<\/h6>\t\t\t\t\t\t\t\t<\/div>\n\t\t\t\t<\/div>\n\t\t\t\t\t<\/div>\n\t\t<\/div>\n\t\t\t\t\t<\/div>\n\t\t<\/section>\n\t\t\t\t<section class=\"elementor-section elementor-top-section elementor-element elementor-element-a2b35b3 elementor-section-boxed elementor-section-height-default elementor-section-height-default\" data-id=\"a2b35b3\" data-element_type=\"section\" data-e-type=\"section\">\n\t\t\t\t\t\t<div class=\"elementor-container elementor-column-gap-default\">\n\t\t\t\t\t<div class=\"elementor-column elementor-col-25 elementor-top-column elementor-element elementor-element-5824734\" data-id=\"5824734\" data-element_type=\"column\" data-e-type=\"column\">\n\t\t\t<div class=\"elementor-widget-wrap elementor-element-populated\">\n\t\t\t\t\t\t<div class=\"elementor-element elementor-element-25a321b elementor-widget elementor-widget-text-editor\" data-id=\"25a321b\" data-element_type=\"widget\" data-e-type=\"widget\" data-widget_type=\"text-editor.default\">\n\t\t\t\t<div class=\"elementor-widget-container\">\n\t\t\t\t\t\t\t\t\t<h6 style=\"text-align: left;\">I &#8211; Grand-Orgue<br \/>56 notes C- g<\/h6><h6>Fl\u00fbte conique 8&prime;<br \/>Principal 4&prime;<br \/>Plein-jeu 3 rgs<\/h6>\t\t\t\t\t\t\t\t<\/div>\n\t\t\t\t<\/div>\n\t\t\t\t\t<\/div>\n\t\t<\/div>\n\t\t\t\t<div class=\"elementor-column elementor-col-25 elementor-top-column elementor-element elementor-element-0a12d2e\" data-id=\"0a12d2e\" data-element_type=\"column\" data-e-type=\"column\">\n\t\t\t<div class=\"elementor-widget-wrap elementor-element-populated\">\n\t\t\t\t\t\t<div class=\"elementor-element elementor-element-05dd965 elementor-widget__width-initial elementor-widget elementor-widget-text-editor\" data-id=\"05dd965\" data-element_type=\"widget\" data-e-type=\"widget\" data-widget_type=\"text-editor.default\">\n\t\t\t\t<div class=\"elementor-widget-container\">\n\t\t\t\t\t\t\t\t\t<h6 style=\"font-style: normal; text-align: left;\">II &#8211; Positif int\u00e9rieur<br \/>56 notes C &#8211; g<\/h6><h6>Bourdon 8&prime;<br \/>Fl\u00fbte \u00e0 chemin\u00e9e 4&prime;<br \/>Doublette 2&prime;\u00a0<\/h6>\t\t\t\t\t\t\t\t<\/div>\n\t\t\t\t<\/div>\n\t\t\t\t\t<\/div>\n\t\t<\/div>\n\t\t\t\t<div class=\"elementor-column elementor-col-25 elementor-top-column elementor-element elementor-element-62522ad\" data-id=\"62522ad\" data-element_type=\"column\" data-e-type=\"column\">\n\t\t\t<div class=\"elementor-widget-wrap elementor-element-populated\">\n\t\t\t\t\t\t<div class=\"elementor-element elementor-element-d8bf057 elementor-widget elementor-widget-text-editor\" data-id=\"d8bf057\" data-element_type=\"widget\" data-e-type=\"widget\" data-widget_type=\"text-editor.default\">\n\t\t\t\t<div class=\"elementor-widget-container\">\n\t\t\t\t\t\t\t\t\t<h6 style=\"text-align: left;\">Pedale<br \/>27 notes C &#8211; d&rsquo;<\/h6><h6>Soubasse 16&prime;<br \/><br \/><\/h6><h6>\u00a0<\/h6>\t\t\t\t\t\t\t\t<\/div>\n\t\t\t\t<\/div>\n\t\t\t\t\t<\/div>\n\t\t<\/div>\n\t\t\t\t<div class=\"elementor-column elementor-col-25 elementor-top-column elementor-element elementor-element-f224889\" data-id=\"f224889\" data-element_type=\"column\" data-e-type=\"column\">\n\t\t\t<div class=\"elementor-widget-wrap elementor-element-populated\">\n\t\t\t\t\t\t<div class=\"elementor-element elementor-element-176f9e7 elementor-widget__width-initial elementor-widget elementor-widget-text-editor\" data-id=\"176f9e7\" data-element_type=\"widget\" data-e-type=\"widget\" data-widget_type=\"text-editor.default\">\n\t\t\t\t<div class=\"elementor-widget-container\">\n\t\t\t\t\t\t\t\t\t<h6 style=\"text-align: left;\">Accessoires<\/h6><h6>Accouplement II\/I<\/h6><h6>Tirasse I\/P<br \/>Tirasse II\/P<\/h6><h6>\u00a0<\/h6>\t\t\t\t\t\t\t\t<\/div>\n\t\t\t\t<\/div>\n\t\t\t\t\t<\/div>\n\t\t<\/div>\n\t\t\t\t\t<\/div>\n\t\t<\/section>\n\t\t\t\t<section class=\"elementor-section elementor-top-section elementor-element elementor-element-e833cbd elementor-section-boxed elementor-section-height-default elementor-section-height-default\" data-id=\"e833cbd\" data-element_type=\"section\" data-e-type=\"section\">\n\t\t\t\t\t\t<div class=\"elementor-container elementor-column-gap-default\">\n\t\t\t\t\t<div class=\"elementor-column elementor-col-100 elementor-top-column elementor-element elementor-element-f9dcbeb\" data-id=\"f9dcbeb\" data-element_type=\"column\" data-e-type=\"column\">\n\t\t\t<div class=\"elementor-widget-wrap elementor-element-populated\">\n\t\t\t\t\t\t<div class=\"elementor-element elementor-element-69740a3 elementor-arrows-position-inside elementor-pagination-position-outside elementor-widget elementor-widget-image-carousel\" data-id=\"69740a3\" data-element_type=\"widget\" data-e-type=\"widget\" data-settings=\"{&quot;slides_to_show&quot;:&quot;2&quot;,&quot;autoplay_speed&quot;:2000,&quot;speed&quot;:1500,&quot;navigation&quot;:&quot;both&quot;,&quot;autoplay&quot;:&quot;yes&quot;,&quot;pause_on_hover&quot;:&quot;yes&quot;,&quot;pause_on_interaction&quot;:&quot;yes&quot;,&quot;infinite&quot;:&quot;yes&quot;}\" data-widget_type=\"image-carousel.default\">\n\t\t\t\t<div class=\"elementor-widget-container\">\n\t\t\t\t\t\t\t<div class=\"elementor-image-carousel-wrapper swiper\" role=\"region\" aria-roledescription=\"carousel\" aria-label=\"Carrousel d\u2019images\" dir=\"ltr\">\n\t\t\t<div class=\"elementor-image-carousel swiper-wrapper\" aria-live=\"off\">\n\t\t\t\t\t\t\t\t<div class=\"swiper-slide\" role=\"group\" aria-roledescription=\"slide\" aria-label=\"1 sur 9\"><a data-elementor-open-lightbox=\"yes\" data-elementor-lightbox-slideshow=\"69740a3\" data-elementor-lightbox-description=\"Klingenthal\" data-e-action-hash=\"#elementor-action%3Aaction%3Dlightbox%26settings%3DeyJpZCI6MjcxMywidXJsIjoiaHR0cHM6XC9cL3Vocnlvcmd1ZXMuY29tXC93cC1jb250ZW50XC91cGxvYWRzXC8yMDIzXC8wNlwvMTAyXzA2MDYtc2NhbGVkLmpwZyIsInNsaWRlc2hvdyI6IjY5NzQwYTMifQ%3D%3D\" href=\"https:\/\/uhryorgues.com\/wp-content\/uploads\/2023\/06\/102_0606-scaled.jpg\"><figure class=\"swiper-slide-inner\"><img decoding=\"async\" class=\"swiper-slide-image\" src=\"https:\/\/uhryorgues.com\/wp-content\/uploads\/2023\/06\/102_0606-225x300.jpg\" alt=\"\" \/><\/figure><\/a><\/div><div class=\"swiper-slide\" role=\"group\" aria-roledescription=\"slide\" aria-label=\"2 sur 9\"><a data-elementor-open-lightbox=\"yes\" data-elementor-lightbox-slideshow=\"69740a3\" data-elementor-lightbox-description=\"Klingenthal\" data-e-action-hash=\"#elementor-action%3Aaction%3Dlightbox%26settings%3DeyJpZCI6MjcxNCwidXJsIjoiaHR0cHM6XC9cL3Vocnlvcmd1ZXMuY29tXC93cC1jb250ZW50XC91cGxvYWRzXC8yMDIzXC8wNlwvMTAyXzA2MDgtc2NhbGVkLmpwZyIsInNsaWRlc2hvdyI6IjY5NzQwYTMifQ%3D%3D\" href=\"https:\/\/uhryorgues.com\/wp-content\/uploads\/2023\/06\/102_0608-scaled.jpg\"><figure class=\"swiper-slide-inner\"><img decoding=\"async\" class=\"swiper-slide-image\" src=\"https:\/\/uhryorgues.com\/wp-content\/uploads\/2023\/06\/102_0608-225x300.jpg\" alt=\"\" \/><\/figure><\/a><\/div><div class=\"swiper-slide\" role=\"group\" aria-roledescription=\"slide\" aria-label=\"3 sur 9\"><a data-elementor-open-lightbox=\"yes\" data-elementor-lightbox-slideshow=\"69740a3\" data-elementor-lightbox-description=\"Klingenthal\" data-e-action-hash=\"#elementor-action%3Aaction%3Dlightbox%26settings%3DeyJpZCI6MjcxMSwidXJsIjoiaHR0cHM6XC9cL3Vocnlvcmd1ZXMuY29tXC93cC1jb250ZW50XC91cGxvYWRzXC8yMDIzXC8wNlwvMTAyXzA2MDQtc2NhbGVkLmpwZyIsInNsaWRlc2hvdyI6IjY5NzQwYTMifQ%3D%3D\" href=\"https:\/\/uhryorgues.com\/wp-content\/uploads\/2023\/06\/102_0604-scaled.jpg\"><figure class=\"swiper-slide-inner\"><img decoding=\"async\" class=\"swiper-slide-image\" src=\"https:\/\/uhryorgues.com\/wp-content\/uploads\/2023\/06\/102_0604-225x300.jpg\" alt=\"\" \/><\/figure><\/a><\/div><div class=\"swiper-slide\" role=\"group\" aria-roledescription=\"slide\" aria-label=\"4 sur 9\"><a data-elementor-open-lightbox=\"yes\" data-elementor-lightbox-slideshow=\"69740a3\" data-elementor-lightbox-description=\"Klingenthal\" data-e-action-hash=\"#elementor-action%3Aaction%3Dlightbox%26settings%3DeyJpZCI6MjcxMCwidXJsIjoiaHR0cHM6XC9cL3Vocnlvcmd1ZXMuY29tXC93cC1jb250ZW50XC91cGxvYWRzXC8yMDIzXC8wNlwvMTAyXzA2MDMtc2NhbGVkLmpwZyIsInNsaWRlc2hvdyI6IjY5NzQwYTMifQ%3D%3D\" href=\"https:\/\/uhryorgues.com\/wp-content\/uploads\/2023\/06\/102_0603-scaled.jpg\"><figure class=\"swiper-slide-inner\"><img decoding=\"async\" class=\"swiper-slide-image\" src=\"https:\/\/uhryorgues.com\/wp-content\/uploads\/2023\/06\/102_0603-225x300.jpg\" alt=\"\" \/><\/figure><\/a><\/div><div class=\"swiper-slide\" role=\"group\" aria-roledescription=\"slide\" aria-label=\"5 sur 9\"><a data-elementor-open-lightbox=\"yes\" data-elementor-lightbox-slideshow=\"69740a3\" data-elementor-lightbox-description=\"Klingenthal\" data-e-action-hash=\"#elementor-action%3Aaction%3Dlightbox%26settings%3DeyJpZCI6MjcwOSwidXJsIjoiaHR0cHM6XC9cL3Vocnlvcmd1ZXMuY29tXC93cC1jb250ZW50XC91cGxvYWRzXC8yMDIzXC8wNlwvMTAyXzA2MDItc2NhbGVkLmpwZyIsInNsaWRlc2hvdyI6IjY5NzQwYTMifQ%3D%3D\" href=\"https:\/\/uhryorgues.com\/wp-content\/uploads\/2023\/06\/102_0602-scaled.jpg\"><figure class=\"swiper-slide-inner\"><img decoding=\"async\" class=\"swiper-slide-image\" src=\"https:\/\/uhryorgues.com\/wp-content\/uploads\/2023\/06\/102_0602-225x300.jpg\" alt=\"\" \/><\/figure><\/a><\/div><div class=\"swiper-slide\" role=\"group\" aria-roledescription=\"slide\" aria-label=\"6 sur 9\"><a data-elementor-open-lightbox=\"yes\" data-elementor-lightbox-slideshow=\"69740a3\" data-elementor-lightbox-description=\"Klingenthal\" data-e-action-hash=\"#elementor-action%3Aaction%3Dlightbox%26settings%3DeyJpZCI6MjcwOCwidXJsIjoiaHR0cHM6XC9cL3Vocnlvcmd1ZXMuY29tXC93cC1jb250ZW50XC91cGxvYWRzXC8yMDIzXC8wNlwvMTAyXzA2MDEtc2NhbGVkLmpwZyIsInNsaWRlc2hvdyI6IjY5NzQwYTMifQ%3D%3D\" href=\"https:\/\/uhryorgues.com\/wp-content\/uploads\/2023\/06\/102_0601-scaled.jpg\"><figure class=\"swiper-slide-inner\"><img decoding=\"async\" class=\"swiper-slide-image\" src=\"https:\/\/uhryorgues.com\/wp-content\/uploads\/2023\/06\/102_0601-300x225.jpg\" alt=\"\" \/><\/figure><\/a><\/div><div class=\"swiper-slide\" role=\"group\" aria-roledescription=\"slide\" aria-label=\"7 sur 9\"><a data-elementor-open-lightbox=\"yes\" data-elementor-lightbox-slideshow=\"69740a3\" data-elementor-lightbox-description=\"Klingenthal\" data-e-action-hash=\"#elementor-action%3Aaction%3Dlightbox%26settings%3DeyJpZCI6MjcwNywidXJsIjoiaHR0cHM6XC9cL3Vocnlvcmd1ZXMuY29tXC93cC1jb250ZW50XC91cGxvYWRzXC8yMDIzXC8wNlwvMTAyXzA2MDAtc2NhbGVkLmpwZyIsInNsaWRlc2hvdyI6IjY5NzQwYTMifQ%3D%3D\" href=\"https:\/\/uhryorgues.com\/wp-content\/uploads\/2023\/06\/102_0600-scaled.jpg\"><figure class=\"swiper-slide-inner\"><img decoding=\"async\" class=\"swiper-slide-image\" src=\"https:\/\/uhryorgues.com\/wp-content\/uploads\/2023\/06\/102_0600-300x225.jpg\" alt=\"\" \/><\/figure><\/a><\/div><div class=\"swiper-slide\" role=\"group\" aria-roledescription=\"slide\" aria-label=\"8 sur 9\"><a data-elementor-open-lightbox=\"yes\" data-elementor-lightbox-slideshow=\"69740a3\" data-elementor-lightbox-description=\"Klingenthal\" data-e-action-hash=\"#elementor-action%3Aaction%3Dlightbox%26settings%3DeyJpZCI6MjcwNCwidXJsIjoiaHR0cHM6XC9cL3Vocnlvcmd1ZXMuY29tXC93cC1jb250ZW50XC91cGxvYWRzXC8yMDIzXC8wNlwvMTAyXzA1OTctc2NhbGVkLmpwZyIsInNsaWRlc2hvdyI6IjY5NzQwYTMifQ%3D%3D\" href=\"https:\/\/uhryorgues.com\/wp-content\/uploads\/2023\/06\/102_0597-scaled.jpg\"><figure class=\"swiper-slide-inner\"><img decoding=\"async\" class=\"swiper-slide-image\" src=\"https:\/\/uhryorgues.com\/wp-content\/uploads\/2023\/06\/102_0597-225x300.jpg\" alt=\"\" \/><\/figure><\/a><\/div><div class=\"swiper-slide\" role=\"group\" aria-roledescription=\"slide\" aria-label=\"9 sur 9\"><a data-elementor-open-lightbox=\"yes\" data-elementor-lightbox-slideshow=\"69740a3\" data-e-action-hash=\"#elementor-action%3Aaction%3Dlightbox%26settings%3DeyJpZCI6MjcxOCwidXJsIjoiaHR0cHM6XC9cL3Vocnlvcmd1ZXMuY29tXC93cC1jb250ZW50XC91cGxvYWRzXC8yMDIzXC8wNlwvMTAyXzA2MTMtc2NhbGVkLmpwZyIsInNsaWRlc2hvdyI6IjY5NzQwYTMifQ%3D%3D\" href=\"https:\/\/uhryorgues.com\/wp-content\/uploads\/2023\/06\/102_0613-scaled.jpg\"><figure class=\"swiper-slide-inner\"><img decoding=\"async\" class=\"swiper-slide-image\" src=\"https:\/\/uhryorgues.com\/wp-content\/uploads\/2023\/06\/102_0613-300x225.jpg\" alt=\"\" \/><\/figure><\/a><\/div>\t\t\t<\/div>\n\t\t\t\t\t\t\t\t\t\t\t\t<div class=\"elementor-swiper-button elementor-swiper-button-prev\" role=\"button\" tabindex=\"0\">\n\t\t\t\t\t\t<i aria-hidden=\"true\" class=\"eicon-chevron-left\"><\/i>\t\t\t\t\t<\/div>\n\t\t\t\t\t<div class=\"elementor-swiper-button elementor-swiper-button-next\" role=\"button\" tabindex=\"0\">\n\t\t\t\t\t\t<i aria-hidden=\"true\" class=\"eicon-chevron-right\"><\/i>\t\t\t\t\t<\/div>\n\t\t\t\t\n\t\t\t\t\t\t\t\t\t<div class=\"swiper-pagination\"><\/div>\n\t\t\t\t\t\t\t\t\t<\/div>\n\t\t\t\t\t\t<\/div>\n\t\t\t\t<\/div>\n\t\t\t\t<div class=\"elementor-element elementor-element-66a8c2f elementor-widget elementor-widget-text-editor\" data-id=\"66a8c2f\" data-element_type=\"widget\" data-e-type=\"widget\" data-widget_type=\"text-editor.default\">\n\t\t\t\t<div class=\"elementor-widget-container\">\n\t\t\t\t\t\t\t\t\t<h6><br \/>Nettoyage complet de l&rsquo;intrument<br \/>R\u00e9visions de la tuyauterie en m\u00e9tal et en bois<br \/>R\u00e9vision de la transmission des notes et des jeux<br \/>Re-feurtrage du p\u00e9dalier<br \/>R\u00e9vision de l&rsquo;harmonie et de l&rsquo;accord\u00a0<\/h6>\t\t\t\t\t\t\t\t<\/div>\n\t\t\t\t<\/div>\n\t\t\t\t\t<\/div>\n\t\t<\/div>\n\t\t\t\t\t<\/div>\n\t\t<\/section>\n\t\t\t\t<\/div>\n\t\t","protected":false},"excerpt":{"rendered":"<p>KLINGENTHAL Relevage de l&rsquo;orgue de l&rsquo;\u00e9glise CATHOLIQUE Saint-Louis de Klingenthal Facteur d&rsquo;orgues : Max ROETHINGER (1968)Transmission m\u00e9canique2 claviers, p\u00e9dalier, 7 registresRelevage effectu\u00e9 en juin 2023 I &#8211; Grand-Orgue56 notes C- g Fl\u00fbte conique 8&prime;Principal 4&prime;Plein-jeu 3 rgs II &#8211; Positif int\u00e9rieur56 notes C &#8211; g Bourdon 8&prime;Fl\u00fbte \u00e0 chemin\u00e9e 4&prime;Doublette 2&prime;\u00a0 Pedale27 notes C &#8211; [&hellip;]<\/p>\n","protected":false},"author":1,"featured_media":0,"parent":0,"menu_order":0,"comment_status":"closed","ping_status":"closed","template":"","meta":{"site-sidebar-layout":"no-sidebar","site-content-layout":"page-builder","ast-site-content-layout":"default","site-content-style":"default","site-sidebar-style":"default","ast-global-header-display":"","ast-banner-title-visibility":"","ast-main-header-display":"","ast-hfb-above-header-display":"","ast-hfb-below-header-display":"","ast-hfb-mobile-header-display":"","site-post-title":"disabled","ast-breadcrumbs-content":"","ast-featured-img":"disabled","footer-sml-layout":"","ast-disable-related-posts":"","theme-transparent-header-meta":"","adv-header-id-meta":"","stick-header-meta":"","header-above-stick-meta":"","header-main-stick-meta":"","header-below-stick-meta":"","astra-migrate-meta-layouts":"default","ast-page-background-enabled":"default","ast-page-background-meta":{"desktop":{"background-color":"","background-image":"","background-repeat":"repeat","background-position":"center center","background-size":"auto","background-attachment":"scroll","background-type":"","background-media":"","overlay-type":"","overlay-color":"","overlay-opacity":"","overlay-gradient":""},"tablet":{"background-color":"","background-image":"","background-repeat":"repeat","background-position":"center center","background-size":"auto","background-attachment":"scroll","background-type":"","background-media":"","overlay-type":"","overlay-color":"","overlay-opacity":"","overlay-gradient":""},"mobile":{"background-color":"","background-image":"","background-repeat":"repeat","background-position":"center center","background-size":"auto","background-attachment":"scroll","background-type":"","background-media":"","overlay-type":"","overlay-color":"","overlay-opacity":"","overlay-gradient":""}},"ast-content-background-meta":{"desktop":{"background-color":"var(--ast-global-color-5)","background-image":"","background-repeat":"repeat","background-position":"center center","background-size":"auto","background-attachment":"scroll","background-type":"","background-media":"","overlay-type":"","overlay-color":"","overlay-opacity":"","overlay-gradient":""},"tablet":{"background-color":"var(--ast-global-color-5)","background-image":"","background-repeat":"repeat","background-position":"center center","background-size":"auto","background-attachment":"scroll","background-type":"","background-media":"","overlay-type":"","overlay-color":"","overlay-opacity":"","overlay-gradient":""},"mobile":{"background-color":"var(--ast-global-color-5)","background-image":"","background-repeat":"repeat","background-position":"center center","background-size":"auto","background-attachment":"scroll","background-type":"","background-media":"","overlay-type":"","overlay-color":"","overlay-opacity":"","overlay-gradient":""}},"footnotes":""},"class_list":["post-2759","page","type-page","status-publish","hentry"],"aioseo_notices":[],"_links":{"self":[{"href":"https:\/\/uhryorgues.com\/index.php\/wp-json\/wp\/v2\/pages\/2759","targetHints":{"allow":["GET"]}}],"collection":[{"href":"https:\/\/uhryorgues.com\/index.php\/wp-json\/wp\/v2\/pages"}],"about":[{"href":"https:\/\/uhryorgues.com\/index.php\/wp-json\/wp\/v2\/types\/page"}],"author":[{"embeddable":true,"href":"https:\/\/uhryorgues.com\/index.php\/wp-json\/wp\/v2\/users\/1"}],"replies":[{"embeddable":true,"href":"https:\/\/uhryorgues.com\/index.php\/wp-json\/wp\/v2\/comments?post=2759"}],"version-history":[{"count":7,"href":"https:\/\/uhryorgues.com\/index.php\/wp-json\/wp\/v2\/pages\/2759\/revisions"}],"predecessor-version":[{"id":2854,"href":"https:\/\/uhryorgues.com\/index.php\/wp-json\/wp\/v2\/pages\/2759\/revisions\/2854"}],"wp:attachment":[{"href":"https:\/\/uhryorgues.com\/index.php\/wp-json\/wp\/v2\/media?parent=2759"}],"curies":[{"name":"wp","href":"https:\/\/api.w.org\/{rel}","templated":true}]}}