{"id":2127,"date":"2023-03-16T16:53:36","date_gmt":"2023-03-16T16:53:36","guid":{"rendered":"https:\/\/uhryorgues.com\/?page_id=2127"},"modified":"2023-03-21T16:00:10","modified_gmt":"2023-03-21T16:00:10","slug":"mentions-legales-et-donnees-personnelles","status":"publish","type":"page","link":"https:\/\/uhryorgues.com\/index.php\/mentions-legales-et-donnees-personnelles\/","title":{"rendered":"Mentions l\u00e9gales et donn\u00e9es personnelles"},"content":{"rendered":"\t\t<div data-elementor-type=\"wp-page\" data-elementor-id=\"2127\" class=\"elementor elementor-2127\">\n\t\t\t\t\t\t<section class=\"elementor-section elementor-top-section elementor-element elementor-element-67f749f elementor-section-boxed elementor-section-height-default elementor-section-height-default\" data-id=\"67f749f\" data-element_type=\"section\" data-e-type=\"section\">\n\t\t\t\t\t\t<div class=\"elementor-container elementor-column-gap-default\">\n\t\t\t\t\t<div class=\"elementor-column elementor-col-100 elementor-top-column elementor-element elementor-element-ec9132d\" data-id=\"ec9132d\" data-element_type=\"column\" data-e-type=\"column\">\n\t\t\t<div class=\"elementor-widget-wrap elementor-element-populated\">\n\t\t\t\t\t\t<div class=\"elementor-element elementor-element-d2ad134 elementor-widget elementor-widget-heading\" data-id=\"d2ad134\" data-element_type=\"widget\" data-e-type=\"widget\" data-widget_type=\"heading.default\">\n\t\t\t\t<div class=\"elementor-widget-container\">\n\t\t\t\t\t<h2 class=\"elementor-heading-title elementor-size-default\">mentions l\u00e9gales et donn\u00e9es personnelles<\/h2>\t\t\t\t<\/div>\n\t\t\t\t<\/div>\n\t\t\t\t\t<\/div>\n\t\t<\/div>\n\t\t\t\t\t<\/div>\n\t\t<\/section>\n\t\t\t\t<section class=\"elementor-section elementor-top-section elementor-element elementor-element-6091970 elementor-section-boxed elementor-section-height-default elementor-section-height-default\" data-id=\"6091970\" data-element_type=\"section\" data-e-type=\"section\">\n\t\t\t\t\t\t<div class=\"elementor-container elementor-column-gap-default\">\n\t\t\t\t\t<div class=\"elementor-column elementor-col-100 elementor-top-column elementor-element elementor-element-3d951f6\" data-id=\"3d951f6\" data-element_type=\"column\" data-e-type=\"column\">\n\t\t\t<div class=\"elementor-widget-wrap elementor-element-populated\">\n\t\t\t\t\t\t<div class=\"elementor-element elementor-element-fb1c626 elementor-widget elementor-widget-text-editor\" data-id=\"fb1c626\" data-element_type=\"widget\" data-e-type=\"widget\" data-widget_type=\"text-editor.default\">\n\t\t\t\t<div class=\"elementor-widget-container\">\n\t\t\t\t\t\t\t\t\t<h6>Les pr\u00e9sentes conditions fixent les modalit\u00e9s du site internet https:\/\/uhry.orgues.com<br \/>l&rsquo;utilisateur reconna\u00eet avoir prix connaissance de ce document et accepte l&rsquo;ensemble de ces informations.<\/h6><h6><strong><span style=\"text-decoration: underline;\">Information du site internet :\u00a0<br \/><\/span><\/strong>Propri\u00e8taire du site internet :\u00a0<br \/>Facteur d&rsquo;orgues UHRY Emmanuel\u00a0<br \/>129 impasse du Merle<br \/>67390 OHNENHEIM<br \/>Num\u00e9ro de t\u00e9l\u00e9phone\u00a0 : 00 33 695 767 582<br \/>Mail : uhry.orgues@gmail.com<br \/>Num\u00e9ro de registre des m\u00e9tiers : 434 423 091 RE 670<br \/>Num\u00e9ro TVA intracommnunautaire : FR0E434423091<\/h6><h6><span style=\"text-decoration: underline;\"><strong>H\u00e9bergeur :\u00a0<br \/><\/strong><\/span>HOSTINGER International Ltd.<br \/>61 Lordou Vironos Street<br \/>LARNACA 6023<br \/>Cyprus<\/h6><h6><span style=\"text-decoration: underline;\">R\u00e9alisation :<\/span> UHRY Emmanuel<\/h6><h6><span style=\"text-decoration: underline;\">Propri\u00e9t\u00e9 intellectuelle\u00a0 :<br \/><\/span>Les images, logos, sons, logiciels et tout autre contenu du site sont rendus accessible pour visualisation.<br \/>L&rsquo;utilisation des contenus du site est strictement employ\u00e9e dans un cadre priv\u00e9.<br \/>Toute utilisation contenue dans le pr\u00e9sent site doit faire l&rsquo;objet d&rsquo;une demande pr\u00e9alable aupr\u00e8s de Monsieur UHRY Emmanuel.<br \/>Tout exploitation non autoris\u00e9e du site ou l&rsquo;un des \u00e9l\u00e9ments qu&rsquo;il contient sera consid\u00e9r\u00e9e comme constitutive d&rsquo;une contrefa\u00e7on et poursuivie conform\u00e9ment aux dispositions des\u00a0 articles L 352-2 du code de propri\u00e9t\u00e9 intellectuelle.<br \/><span style=\"text-decoration: underline;\">Confidentialit\u00e9 et gestion des donn\u00e9es :<br \/><\/span>Aucune information personnelle n&rsquo;est collect\u00e9e, par cons\u00e9quent le site n&rsquo;est pas d\u00e9cl\u00e9 \u00e0 la CNIL.<\/h6><h6><span style=\"text-decoration: underline;\">Cookies :<br \/><\/span>\u00a0<br \/>Ce site utilise les cookies suivants :<\/h6><h6>cookies strictement n\u00e9cessaires<br \/>cookies de performances<br \/>cookies de fonctionnalit\u00e9<\/h6><h6>Ils sont n\u00e9cessaires pour optimiser la visite sur ce site.<br \/>Ce site n&rsquo;utilise pas de cookies d&rsquo;audience.<\/h6>\t\t\t\t\t\t\t\t<\/div>\n\t\t\t\t<\/div>\n\t\t\t\t\t<\/div>\n\t\t<\/div>\n\t\t\t\t\t<\/div>\n\t\t<\/section>\n\t\t\t\t<\/div>\n\t\t","protected":false},"excerpt":{"rendered":"<p>mentions l\u00e9gales et donn\u00e9es personnelles Les pr\u00e9sentes conditions fixent les modalit\u00e9s du site internet https:\/\/uhry.orgues.com l&rsquo;utilisateur reconna\u00eet avoir prix connaissance de ce document et accepte l&rsquo;ensemble de ces informations. Information du site internet :&nbsp; Propri\u00e8taire du site internet :&nbsp; Facteur d&rsquo;orgues UHRY Emmanuel&nbsp; 129 impasse du Merle 67390 OHNENHEIM Num\u00e9ro de t\u00e9l\u00e9phone&nbsp; : 00 33 [&hellip;]<\/p>\n","protected":false},"author":1,"featured_media":0,"parent":0,"menu_order":0,"comment_status":"closed","ping_status":"closed","template":"","meta":{"site-sidebar-layout":"no-sidebar","site-content-layout":"page-builder","ast-site-content-layout":"default","site-content-style":"default","site-sidebar-style":"default","ast-global-header-display":"","ast-banner-title-visibility":"","ast-main-header-display":"","ast-hfb-above-header-display":"","ast-hfb-below-header-display":"","ast-hfb-mobile-header-display":"","site-post-title":"disabled","ast-breadcrumbs-content":"","ast-featured-img":"disabled","footer-sml-layout":"","ast-disable-related-posts":"","theme-transparent-header-meta":"","adv-header-id-meta":"","stick-header-meta":"","header-above-stick-meta":"","header-main-stick-meta":"","header-below-stick-meta":"","astra-migrate-meta-layouts":"default","ast-page-background-enabled":"default","ast-page-background-meta":{"desktop":{"background-color":"","background-image":"","background-repeat":"repeat","background-position":"center center","background-size":"auto","background-attachment":"scroll","background-type":"","background-media":"","overlay-type":"","overlay-color":"","overlay-opacity":"","overlay-gradient":""},"tablet":{"background-color":"","background-image":"","background-repeat":"repeat","background-position":"center center","background-size":"auto","background-attachment":"scroll","background-type":"","background-media":"","overlay-type":"","overlay-color":"","overlay-opacity":"","overlay-gradient":""},"mobile":{"background-color":"","background-image":"","background-repeat":"repeat","background-position":"center center","background-size":"auto","background-attachment":"scroll","background-type":"","background-media":"","overlay-type":"","overlay-color":"","overlay-opacity":"","overlay-gradient":""}},"ast-content-background-meta":{"desktop":{"background-color":"var(--ast-global-color-5)","background-image":"","background-repeat":"repeat","background-position":"center center","background-size":"auto","background-attachment":"scroll","background-type":"","background-media":"","overlay-type":"","overlay-color":"","overlay-opacity":"","overlay-gradient":""},"tablet":{"background-color":"var(--ast-global-color-5)","background-image":"","background-repeat":"repeat","background-position":"center center","background-size":"auto","background-attachment":"scroll","background-type":"","background-media":"","overlay-type":"","overlay-color":"","overlay-opacity":"","overlay-gradient":""},"mobile":{"background-color":"var(--ast-global-color-5)","background-image":"","background-repeat":"repeat","background-position":"center center","background-size":"auto","background-attachment":"scroll","background-type":"","background-media":"","overlay-type":"","overlay-color":"","overlay-opacity":"","overlay-gradient":""}},"footnotes":""},"class_list":["post-2127","page","type-page","status-publish","hentry"],"aioseo_notices":[],"_links":{"self":[{"href":"https:\/\/uhryorgues.com\/index.php\/wp-json\/wp\/v2\/pages\/2127","targetHints":{"allow":["GET"]}}],"collection":[{"href":"https:\/\/uhryorgues.com\/index.php\/wp-json\/wp\/v2\/pages"}],"about":[{"href":"https:\/\/uhryorgues.com\/index.php\/wp-json\/wp\/v2\/types\/page"}],"author":[{"embeddable":true,"href":"https:\/\/uhryorgues.com\/index.php\/wp-json\/wp\/v2\/users\/1"}],"replies":[{"embeddable":true,"href":"https:\/\/uhryorgues.com\/index.php\/wp-json\/wp\/v2\/comments?post=2127"}],"version-history":[{"count":32,"href":"https:\/\/uhryorgues.com\/index.php\/wp-json\/wp\/v2\/pages\/2127\/revisions"}],"predecessor-version":[{"id":2163,"href":"https:\/\/uhryorgues.com\/index.php\/wp-json\/wp\/v2\/pages\/2127\/revisions\/2163"}],"wp:attachment":[{"href":"https:\/\/uhryorgues.com\/index.php\/wp-json\/wp\/v2\/media?parent=2127"}],"curies":[{"name":"wp","href":"https:\/\/api.w.org\/{rel}","templated":true}]}}