{"id":1684,"date":"2023-03-05T15:22:27","date_gmt":"2023-03-05T15:22:27","guid":{"rendered":"https:\/\/uhryorgues.com\/?page_id=1684"},"modified":"2023-04-07T13:42:46","modified_gmt":"2023-04-07T13:42:46","slug":"composition-eberbach-les-woerth","status":"publish","type":"page","link":"https:\/\/uhryorgues.com\/index.php\/composition-eberbach-les-woerth\/","title":{"rendered":"COMPOSITION EBERBACH LES WOERTH"},"content":{"rendered":"\t\t<div data-elementor-type=\"wp-page\" data-elementor-id=\"1684\" class=\"elementor elementor-1684\">\n\t\t\t\t\t\t<section class=\"elementor-section elementor-top-section elementor-element elementor-element-2c686d2 elementor-section-boxed elementor-section-height-default elementor-section-height-default\" data-id=\"2c686d2\" data-element_type=\"section\" data-e-type=\"section\" data-settings=\"{&quot;background_background&quot;:&quot;classic&quot;}\">\n\t\t\t\t\t\t\t<div class=\"elementor-background-overlay\"><\/div>\n\t\t\t\t\t\t\t<div class=\"elementor-container elementor-column-gap-default\">\n\t\t\t\t\t<div class=\"elementor-column elementor-col-100 elementor-top-column elementor-element elementor-element-86ff90c\" data-id=\"86ff90c\" data-element_type=\"column\" data-e-type=\"column\">\n\t\t\t<div class=\"elementor-widget-wrap elementor-element-populated\">\n\t\t\t\t\t\t<div class=\"elementor-element elementor-element-f4f806b elementor-widget elementor-widget-heading\" data-id=\"f4f806b\" data-element_type=\"widget\" data-e-type=\"widget\" data-widget_type=\"heading.default\">\n\t\t\t\t<div class=\"elementor-widget-container\">\n\t\t\t\t\t<h1 class=\"elementor-heading-title elementor-size-default\">EBERBACH LES WOERTH<\/h1>\t\t\t\t<\/div>\n\t\t\t\t<\/div>\n\t\t\t\t\t<\/div>\n\t\t<\/div>\n\t\t\t\t\t<\/div>\n\t\t<\/section>\n\t\t\t\t<section class=\"elementor-section elementor-top-section elementor-element elementor-element-b2c3546 elementor-section-boxed elementor-section-height-default elementor-section-height-default\" data-id=\"b2c3546\" data-element_type=\"section\" data-e-type=\"section\">\n\t\t\t\t\t\t<div class=\"elementor-container elementor-column-gap-default\">\n\t\t\t\t\t<div class=\"elementor-column elementor-col-100 elementor-top-column elementor-element elementor-element-07d6578\" data-id=\"07d6578\" data-element_type=\"column\" data-e-type=\"column\">\n\t\t\t<div class=\"elementor-widget-wrap elementor-element-populated\">\n\t\t\t\t\t\t<div class=\"elementor-element elementor-element-d5573ac elementor-widget elementor-widget-heading\" data-id=\"d5573ac\" data-element_type=\"widget\" data-e-type=\"widget\" data-widget_type=\"heading.default\">\n\t\t\t\t<div class=\"elementor-widget-container\">\n\t\t\t\t\t<h6 class=\"elementor-heading-title elementor-size-default\"><span style=\"color: var(--ast-global-color-2);font-size: 2.125rem;background-color: var(--ast-global-color-4)\">RELEVAGE DE L'ORGUE DE L'\u00c9GLISE CATHOLIQUE <\/span><br><span style=\"color: var(--ast-global-color-2);font-size: 2.125rem;background-color: var(--ast-global-color-4)\">SAINT WENDELIN<\/span><br>Facteur d'orgues : Louis Blessig en 1958 <br>2 claviers, p\u00e9dalier, 13 registres<br>Transmission \u00e9lectrique<br>Relevage effectu\u00e9 en 2008<br><\/h6>\t\t\t\t<\/div>\n\t\t\t\t<\/div>\n\t\t\t\t\t<\/div>\n\t\t<\/div>\n\t\t\t\t\t<\/div>\n\t\t<\/section>\n\t\t\t\t<section class=\"elementor-section elementor-top-section elementor-element elementor-element-defb940 elementor-section-boxed elementor-section-height-default elementor-section-height-default\" data-id=\"defb940\" data-element_type=\"section\" data-e-type=\"section\">\n\t\t\t\t\t\t<div class=\"elementor-container elementor-column-gap-default\">\n\t\t\t\t\t<div class=\"elementor-column elementor-col-25 elementor-top-column elementor-element elementor-element-fd392e5\" data-id=\"fd392e5\" data-element_type=\"column\" data-e-type=\"column\">\n\t\t\t<div class=\"elementor-widget-wrap elementor-element-populated\">\n\t\t\t\t\t\t<div class=\"elementor-element elementor-element-642a3c8 elementor-widget elementor-widget-text-editor\" data-id=\"642a3c8\" data-element_type=\"widget\" data-e-type=\"widget\" data-widget_type=\"text-editor.default\">\n\t\t\t\t<div class=\"elementor-widget-container\">\n\t\t\t\t\t\t\t\t\t<h6 style=\"text-align: left;\">I &#8211; Grand-Orgue<br \/>56 notes C-g<\/h6><h6>Bourdon 8&prime;<br \/>Montre 8&prime;<br \/>Prestant 4&prime;<br \/>Plein-jeu 3 rgs<\/h6>\t\t\t\t\t\t\t\t<\/div>\n\t\t\t\t<\/div>\n\t\t\t\t\t<\/div>\n\t\t<\/div>\n\t\t\t\t<div class=\"elementor-column elementor-col-25 elementor-top-column elementor-element elementor-element-bcf63a4\" data-id=\"bcf63a4\" data-element_type=\"column\" data-e-type=\"column\">\n\t\t\t<div class=\"elementor-widget-wrap elementor-element-populated\">\n\t\t\t\t\t\t<div class=\"elementor-element elementor-element-1ae97f8 elementor-widget elementor-widget-text-editor\" data-id=\"1ae97f8\" data-element_type=\"widget\" data-e-type=\"widget\" data-widget_type=\"text-editor.default\">\n\t\t\t\t<div class=\"elementor-widget-container\">\n\t\t\t\t\t\t\t\t\t<h6 style=\"font-style: normal; text-align: left;\">II &#8211; R\u00e9cit expressif<br \/>56 notes C-g<\/h6><h6>Cor de nuit 8&prime;<br \/>Fl\u00fbte 8&prime;<br \/>Fl\u00fbte 4&prime;<br \/>Quarte de Nasard<br \/>Sesquialtera 2rgs<br \/>Trompette 8&prime;<\/h6>\t\t\t\t\t\t\t\t<\/div>\n\t\t\t\t<\/div>\n\t\t\t\t\t<\/div>\n\t\t<\/div>\n\t\t\t\t<div class=\"elementor-column elementor-col-25 elementor-top-column elementor-element elementor-element-6978399\" data-id=\"6978399\" data-element_type=\"column\" data-e-type=\"column\">\n\t\t\t<div class=\"elementor-widget-wrap elementor-element-populated\">\n\t\t\t\t\t\t<div class=\"elementor-element elementor-element-2a7ff0b elementor-widget elementor-widget-text-editor\" data-id=\"2a7ff0b\" data-element_type=\"widget\" data-e-type=\"widget\" data-widget_type=\"text-editor.default\">\n\t\t\t\t<div class=\"elementor-widget-container\">\n\t\t\t\t\t\t\t\t\t<h6 style=\"text-align: left;\">Pedale<br>30 notes C &#8211; f&rsquo;<\/h6>\n<h6>Soubasse 16&prime; *<br>Basse 8&prime; *<br>Fl\u00fbte 4&prime; *<\/h6>\n<h6><br><\/h6>\n<h6>* Jeux en extension<\/h6>\n<h6>&nbsp;<\/h6>\t\t\t\t\t\t\t\t<\/div>\n\t\t\t\t<\/div>\n\t\t\t\t\t<\/div>\n\t\t<\/div>\n\t\t\t\t<div class=\"elementor-column elementor-col-25 elementor-top-column elementor-element elementor-element-84f81f8\" data-id=\"84f81f8\" data-element_type=\"column\" data-e-type=\"column\">\n\t\t\t<div class=\"elementor-widget-wrap elementor-element-populated\">\n\t\t\t\t\t\t<div class=\"elementor-element elementor-element-890cd44 elementor-widget elementor-widget-text-editor\" data-id=\"890cd44\" data-element_type=\"widget\" data-e-type=\"widget\" data-widget_type=\"text-editor.default\">\n\t\t\t\t<div class=\"elementor-widget-container\">\n\t\t\t\t\t\t\t\t\t<h6 style=\"text-align: left;\">Accessoires<\/h6><h6>Tirasse GO\/PED<br \/>Tirasse REC\/PED<br \/>Accouplement 16&prime; REC\/GO<br \/>Accouplement 8&prime; REC\/GO<br \/>Accouplement 4&prime; REC\/GO<\/h6>\t\t\t\t\t\t\t\t<\/div>\n\t\t\t\t<\/div>\n\t\t\t\t\t<\/div>\n\t\t<\/div>\n\t\t\t\t\t<\/div>\n\t\t<\/section>\n\t\t\t\t<section class=\"elementor-section elementor-top-section elementor-element elementor-element-7bd46b6 elementor-section-boxed elementor-section-height-default elementor-section-height-default\" data-id=\"7bd46b6\" data-element_type=\"section\" data-e-type=\"section\">\n\t\t\t\t\t\t<div class=\"elementor-container elementor-column-gap-default\">\n\t\t\t\t\t<div class=\"elementor-column elementor-col-100 elementor-top-column elementor-element elementor-element-20b51e3\" data-id=\"20b51e3\" data-element_type=\"column\" data-e-type=\"column\">\n\t\t\t<div class=\"elementor-widget-wrap elementor-element-populated\">\n\t\t\t\t\t\t<div class=\"elementor-element elementor-element-3fc572c elementor-widget elementor-widget-text-editor\" data-id=\"3fc572c\" data-element_type=\"widget\" data-e-type=\"widget\" data-widget_type=\"text-editor.default\">\n\t\t\t\t<div class=\"elementor-widget-container\">\n\t\t\t\t\t\t\t\t\t<h6><b><span style=\"font-size: 11.0pt; font-family: 'Comic Sans MS';\">Relevage complet<br><\/span><\/b><b><span style=\"font-size: 11.0pt; mso-bidi-font-size: 12.0pt; font-family: 'Comic Sans MS';\">Remise en peau des soufflets<br><\/span><\/b><b><span style=\"font-size: 11.0pt; mso-bidi-font-size: 12.0pt; font-family: 'Comic Sans MS';\">Maintenance annuelle de l\u2019orgue<\/span><\/b><\/h6>\t\t\t\t\t\t\t\t<\/div>\n\t\t\t\t<\/div>\n\t\t\t\t\t<\/div>\n\t\t<\/div>\n\t\t\t\t\t<\/div>\n\t\t<\/section>\n\t\t\t\t<\/div>\n\t\t","protected":false},"excerpt":{"rendered":"<p>EBERBACH LES WOERTH RELEVAGE DE L&rsquo;ORGUE DE L&rsquo;\u00c9GLISE CATHOLIQUE SAINT WENDELINFacteur d&rsquo;orgues : Louis Blessig en 1958 2 claviers, p\u00e9dalier, 13 registresTransmission \u00e9lectriqueRelevage effectu\u00e9 en 2008 I &#8211; Grand-Orgue56 notes C-g Bourdon 8&prime;Montre 8&prime;Prestant 4&prime;Plein-jeu 3 rgs II &#8211; R\u00e9cit expressif56 notes C-g Cor de nuit 8&prime;Fl\u00fbte 8&prime;Fl\u00fbte 4&prime;Quarte de NasardSesquialtera 2rgsTrompette 8&prime; Pedale30 notes [&hellip;]<\/p>\n","protected":false},"author":1,"featured_media":0,"parent":0,"menu_order":0,"comment_status":"closed","ping_status":"closed","template":"","meta":{"site-sidebar-layout":"no-sidebar","site-content-layout":"page-builder","ast-site-content-layout":"default","site-content-style":"default","site-sidebar-style":"default","ast-global-header-display":"","ast-banner-title-visibility":"","ast-main-header-display":"","ast-hfb-above-header-display":"","ast-hfb-below-header-display":"","ast-hfb-mobile-header-display":"","site-post-title":"disabled","ast-breadcrumbs-content":"","ast-featured-img":"disabled","footer-sml-layout":"","ast-disable-related-posts":"","theme-transparent-header-meta":"","adv-header-id-meta":"","stick-header-meta":"","header-above-stick-meta":"","header-main-stick-meta":"","header-below-stick-meta":"","astra-migrate-meta-layouts":"default","ast-page-background-enabled":"default","ast-page-background-meta":{"desktop":{"background-color":"","background-image":"","background-repeat":"repeat","background-position":"center center","background-size":"auto","background-attachment":"scroll","background-type":"","background-media":"","overlay-type":"","overlay-color":"","overlay-opacity":"","overlay-gradient":""},"tablet":{"background-color":"","background-image":"","background-repeat":"repeat","background-position":"center center","background-size":"auto","background-attachment":"scroll","background-type":"","background-media":"","overlay-type":"","overlay-color":"","overlay-opacity":"","overlay-gradient":""},"mobile":{"background-color":"","background-image":"","background-repeat":"repeat","background-position":"center center","background-size":"auto","background-attachment":"scroll","background-type":"","background-media":"","overlay-type":"","overlay-color":"","overlay-opacity":"","overlay-gradient":""}},"ast-content-background-meta":{"desktop":{"background-color":"var(--ast-global-color-5)","background-image":"","background-repeat":"repeat","background-position":"center center","background-size":"auto","background-attachment":"scroll","background-type":"","background-media":"","overlay-type":"","overlay-color":"","overlay-opacity":"","overlay-gradient":""},"tablet":{"background-color":"var(--ast-global-color-5)","background-image":"","background-repeat":"repeat","background-position":"center center","background-size":"auto","background-attachment":"scroll","background-type":"","background-media":"","overlay-type":"","overlay-color":"","overlay-opacity":"","overlay-gradient":""},"mobile":{"background-color":"var(--ast-global-color-5)","background-image":"","background-repeat":"repeat","background-position":"center center","background-size":"auto","background-attachment":"scroll","background-type":"","background-media":"","overlay-type":"","overlay-color":"","overlay-opacity":"","overlay-gradient":""}},"footnotes":""},"class_list":["post-1684","page","type-page","status-publish","hentry"],"aioseo_notices":[],"_links":{"self":[{"href":"https:\/\/uhryorgues.com\/index.php\/wp-json\/wp\/v2\/pages\/1684","targetHints":{"allow":["GET"]}}],"collection":[{"href":"https:\/\/uhryorgues.com\/index.php\/wp-json\/wp\/v2\/pages"}],"about":[{"href":"https:\/\/uhryorgues.com\/index.php\/wp-json\/wp\/v2\/types\/page"}],"author":[{"embeddable":true,"href":"https:\/\/uhryorgues.com\/index.php\/wp-json\/wp\/v2\/users\/1"}],"replies":[{"embeddable":true,"href":"https:\/\/uhryorgues.com\/index.php\/wp-json\/wp\/v2\/comments?post=1684"}],"version-history":[{"count":19,"href":"https:\/\/uhryorgues.com\/index.php\/wp-json\/wp\/v2\/pages\/1684\/revisions"}],"predecessor-version":[{"id":2210,"href":"https:\/\/uhryorgues.com\/index.php\/wp-json\/wp\/v2\/pages\/1684\/revisions\/2210"}],"wp:attachment":[{"href":"https:\/\/uhryorgues.com\/index.php\/wp-json\/wp\/v2\/media?parent=1684"}],"curies":[{"name":"wp","href":"https:\/\/api.w.org\/{rel}","templated":true}]}}