{"id":1669,"date":"2023-03-05T15:16:43","date_gmt":"2023-03-05T15:16:43","guid":{"rendered":"https:\/\/uhryorgues.com\/?page_id=1669"},"modified":"2023-04-12T14:43:28","modified_gmt":"2023-04-12T14:43:28","slug":"composition-cocheren","status":"publish","type":"page","link":"https:\/\/uhryorgues.com\/index.php\/composition-cocheren\/","title":{"rendered":"COMPOSITION COCHEREN"},"content":{"rendered":"\t\t<div data-elementor-type=\"wp-page\" data-elementor-id=\"1669\" class=\"elementor elementor-1669\">\n\t\t\t\t\t\t<section class=\"elementor-section elementor-top-section elementor-element elementor-element-2b5f995 elementor-section-boxed elementor-section-height-default elementor-section-height-default\" data-id=\"2b5f995\" data-element_type=\"section\" data-e-type=\"section\" data-settings=\"{&quot;background_background&quot;:&quot;classic&quot;}\">\n\t\t\t\t\t\t\t<div class=\"elementor-background-overlay\"><\/div>\n\t\t\t\t\t\t\t<div class=\"elementor-container elementor-column-gap-default\">\n\t\t\t\t\t<div class=\"elementor-column elementor-col-100 elementor-top-column elementor-element elementor-element-693e210\" data-id=\"693e210\" data-element_type=\"column\" data-e-type=\"column\">\n\t\t\t<div class=\"elementor-widget-wrap elementor-element-populated\">\n\t\t\t\t\t\t<div class=\"elementor-element elementor-element-8e82cf9 elementor-widget elementor-widget-heading\" data-id=\"8e82cf9\" data-element_type=\"widget\" data-e-type=\"widget\" data-widget_type=\"heading.default\">\n\t\t\t\t<div class=\"elementor-widget-container\">\n\t\t\t\t\t<h1 class=\"elementor-heading-title elementor-size-default\">COCHEREN<\/h1>\t\t\t\t<\/div>\n\t\t\t\t<\/div>\n\t\t\t\t\t<\/div>\n\t\t<\/div>\n\t\t\t\t\t<\/div>\n\t\t<\/section>\n\t\t\t\t<section class=\"elementor-section elementor-top-section elementor-element elementor-element-d396e62 elementor-section-boxed elementor-section-height-default elementor-section-height-default\" data-id=\"d396e62\" data-element_type=\"section\" data-e-type=\"section\">\n\t\t\t\t\t\t<div class=\"elementor-container elementor-column-gap-default\">\n\t\t\t\t\t<div class=\"elementor-column elementor-col-100 elementor-top-column elementor-element elementor-element-3d8e4d4\" data-id=\"3d8e4d4\" data-element_type=\"column\" data-e-type=\"column\">\n\t\t\t<div class=\"elementor-widget-wrap elementor-element-populated\">\n\t\t\t\t\t\t<div class=\"elementor-element elementor-element-96b7e0f elementor-widget elementor-widget-heading\" data-id=\"96b7e0f\" data-element_type=\"widget\" data-e-type=\"widget\" data-widget_type=\"heading.default\">\n\t\t\t\t<div class=\"elementor-widget-container\">\n\t\t\t\t\t<h6 class=\"elementor-heading-title elementor-size-default\"><span style=\"color: var(--ast-global-color-2);font-size: 2.125rem;background-color: var(--ast-global-color-4)\">RELEVAGE DE L'ORGUE DE L'\u00c9GLISE CATHOLIQUE         DE LA TRINITE<\/span><br>Facteur d'orgues : Vesrchneider 1859<br>Facteur d'orgues : Blanarsch 1930<br>Transmission pneumatique tubulaire<br>2 claviers, p\u00e9dalier, 25 registres<br>Relevage effectu\u00e9 de 2011 \u00e0 2013<br><\/h6>\t\t\t\t<\/div>\n\t\t\t\t<\/div>\n\t\t\t\t\t<\/div>\n\t\t<\/div>\n\t\t\t\t\t<\/div>\n\t\t<\/section>\n\t\t\t\t<section class=\"elementor-section elementor-top-section elementor-element elementor-element-d0ec3f9 elementor-section-boxed elementor-section-height-default elementor-section-height-default\" data-id=\"d0ec3f9\" data-element_type=\"section\" data-e-type=\"section\">\n\t\t\t\t\t\t<div class=\"elementor-container elementor-column-gap-default\">\n\t\t\t\t\t<div class=\"elementor-column elementor-col-25 elementor-top-column elementor-element elementor-element-038a02b\" data-id=\"038a02b\" data-element_type=\"column\" data-e-type=\"column\">\n\t\t\t<div class=\"elementor-widget-wrap elementor-element-populated\">\n\t\t\t\t\t\t<div class=\"elementor-element elementor-element-3c26f3d elementor-widget elementor-widget-text-editor\" data-id=\"3c26f3d\" data-element_type=\"widget\" data-e-type=\"widget\" data-widget_type=\"text-editor.default\">\n\t\t\t\t<div class=\"elementor-widget-container\">\n\t\t\t\t\t\t\t\t\t<h6 style=\"text-align: left;\">I &#8211; Grand-Orgue<br \/>56 notes C-g<\/h6><h6>Montre 8&prime;<br \/>Prestant 4&prime;<br \/>Doublette 2&prime;<br \/>Bourdon 16&prime;<br \/>Bourdon 8&prime;<br \/>Fl\u00fbte bouch\u00e9e 8&prime;<br \/>Fl\u00fbte 4&prime;<br \/>Gambe 8&prime;<br \/>Plein &#8211; jeu 3 rgs<\/h6><h6>\u00a0<\/h6>\t\t\t\t\t\t\t\t<\/div>\n\t\t\t\t<\/div>\n\t\t\t\t\t<\/div>\n\t\t<\/div>\n\t\t\t\t<div class=\"elementor-column elementor-col-25 elementor-top-column elementor-element elementor-element-482864e\" data-id=\"482864e\" data-element_type=\"column\" data-e-type=\"column\">\n\t\t\t<div class=\"elementor-widget-wrap elementor-element-populated\">\n\t\t\t\t\t\t<div class=\"elementor-element elementor-element-be3d859 elementor-widget elementor-widget-text-editor\" data-id=\"be3d859\" data-element_type=\"widget\" data-e-type=\"widget\" data-widget_type=\"text-editor.default\">\n\t\t\t\t<div class=\"elementor-widget-container\">\n\t\t\t\t\t\t\t\t\t<h6 style=\"font-style: normal; text-align: left;\">II &#8211; R\u00e9cit Expressif\u00a0<br \/>68 notes C-g<\/h6><h6 style=\"font-style: normal; text-align: left;\">Montre violon 8&prime;<br \/>Fl\u00fbte harmonique 8&prime;<br \/>Fl\u00fbte 4&prime;<br \/>Fl\u00fbte 2&prime;<br \/>Quintatoen 8&prime;<br \/>Salicional 8&prime;<br \/>Voix C\u00e9leste 8&prime;<br \/>Nasard 2 2\/3&prime;<br \/>Trompette 8&prime;<br \/>Hautbois 8&prime;<br \/>Clairon 4&prime;<\/h6><h6>\u00a0<\/h6>\t\t\t\t\t\t\t\t<\/div>\n\t\t\t\t<\/div>\n\t\t\t\t\t<\/div>\n\t\t<\/div>\n\t\t\t\t<div class=\"elementor-column elementor-col-25 elementor-top-column elementor-element elementor-element-32179f8\" data-id=\"32179f8\" data-element_type=\"column\" data-e-type=\"column\">\n\t\t\t<div class=\"elementor-widget-wrap elementor-element-populated\">\n\t\t\t\t\t\t<div class=\"elementor-element elementor-element-7c34c3e elementor-widget elementor-widget-text-editor\" data-id=\"7c34c3e\" data-element_type=\"widget\" data-e-type=\"widget\" data-widget_type=\"text-editor.default\">\n\t\t\t\t<div class=\"elementor-widget-container\">\n\t\t\t\t\t\t\t\t\t<h6 style=\"text-align: left;\">Pedale<br \/>30 notes C &#8211; f&rsquo;<\/h6><h6>Contrebasse 16&prime;<br \/>Soubasse 16&prime;<br \/>Fl\u00fbte basse 8&prime;<br \/>Hohlfloete 4&prime;<br \/>Bombarde 16&prime;<\/h6><h6>\u00a0<\/h6>\t\t\t\t\t\t\t\t<\/div>\n\t\t\t\t<\/div>\n\t\t\t\t\t<\/div>\n\t\t<\/div>\n\t\t\t\t<div class=\"elementor-column elementor-col-25 elementor-top-column elementor-element elementor-element-0bbc608\" data-id=\"0bbc608\" data-element_type=\"column\" data-e-type=\"column\">\n\t\t\t<div class=\"elementor-widget-wrap elementor-element-populated\">\n\t\t\t\t\t\t<div class=\"elementor-element elementor-element-99c23bd elementor-widget elementor-widget-text-editor\" data-id=\"99c23bd\" data-element_type=\"widget\" data-e-type=\"widget\" data-widget_type=\"text-editor.default\">\n\t\t\t\t<div class=\"elementor-widget-container\">\n\t\t\t\t\t\t\t\t\t<h6 style=\"text-align: left;\">Accessoires<\/h6><h6>Accouplement II\/I 16&prime;<br \/>Accouplement II\/I 8&prime;<br \/>Accouplement II\/I 4&prime;<br \/>Tirasse I<br \/>Tirasse II<br \/>5 combinaisons fixes<br \/>1 combinaison libre<\/h6><h6><br \/>Tr\u00e9molo<\/h6><p>\u00a0<\/p><h6>\u00a0<\/h6>\t\t\t\t\t\t\t\t<\/div>\n\t\t\t\t<\/div>\n\t\t\t\t\t<\/div>\n\t\t<\/div>\n\t\t\t\t\t<\/div>\n\t\t<\/section>\n\t\t\t\t<section class=\"elementor-section elementor-top-section elementor-element elementor-element-79075ef elementor-section-boxed elementor-section-height-default elementor-section-height-default\" data-id=\"79075ef\" data-element_type=\"section\" data-e-type=\"section\">\n\t\t\t\t\t\t<div class=\"elementor-container elementor-column-gap-default\">\n\t\t\t\t\t<div class=\"elementor-column elementor-col-100 elementor-top-column elementor-element elementor-element-b3e1caa\" data-id=\"b3e1caa\" data-element_type=\"column\" data-e-type=\"column\">\n\t\t\t<div class=\"elementor-widget-wrap elementor-element-populated\">\n\t\t\t\t\t\t<div class=\"elementor-element elementor-element-b35a441 elementor-widget elementor-widget-text-editor\" data-id=\"b35a441\" data-element_type=\"widget\" data-e-type=\"widget\" data-widget_type=\"text-editor.default\">\n\t\t\t\t<div class=\"elementor-widget-container\">\n\t\t\t\t\t\t\t\t\t<h6><b><span style=\"font-size: 11.0pt; font-family: 'Comic Sans MS';\">Relevage complet<br \/><\/span><\/b><b><span style=\"font-size: 11.0pt; mso-bidi-font-size: 12.0pt; font-family: 'Comic Sans MS';\">Repeaussage complet du soufflet, pose d&rsquo;un nouveau ventilateur<br \/><\/span><\/b><b><span style=\"font-size: 11.0pt; mso-bidi-font-size: 12.0pt; font-family: 'Comic Sans MS';\">Fabrication en copie conforme d&rsquo;une nouvelle Bombarde 16&prime;\u00a0<br \/><\/span><\/b><b><span style=\"font-size: 11.0pt; mso-bidi-font-size: 12.0pt; font-family: 'Comic Sans MS';\">Maintenance annuelle de l\u2019orgue<\/span><\/b><\/h6>\t\t\t\t\t\t\t\t<\/div>\n\t\t\t\t<\/div>\n\t\t\t\t\t<\/div>\n\t\t<\/div>\n\t\t\t\t\t<\/div>\n\t\t<\/section>\n\t\t\t\t<section class=\"elementor-section elementor-top-section elementor-element elementor-element-cb286c9 elementor-section-boxed elementor-section-height-default elementor-section-height-default\" data-id=\"cb286c9\" data-element_type=\"section\" data-e-type=\"section\">\n\t\t\t\t\t\t<div class=\"elementor-container elementor-column-gap-default\">\n\t\t\t\t\t<div class=\"elementor-column elementor-col-100 elementor-top-column elementor-element elementor-element-07f1b5e\" data-id=\"07f1b5e\" data-element_type=\"column\" data-e-type=\"column\">\n\t\t\t<div class=\"elementor-widget-wrap elementor-element-populated\">\n\t\t\t\t\t\t<div class=\"elementor-element elementor-element-122c1c3 elementor-arrows-position-inside elementor-pagination-position-outside elementor-widget elementor-widget-image-carousel\" data-id=\"122c1c3\" data-element_type=\"widget\" data-e-type=\"widget\" data-settings=\"{&quot;slides_to_show&quot;:&quot;2&quot;,&quot;autoplay_speed&quot;:2000,&quot;speed&quot;:1500,&quot;navigation&quot;:&quot;both&quot;,&quot;autoplay&quot;:&quot;yes&quot;,&quot;pause_on_hover&quot;:&quot;yes&quot;,&quot;pause_on_interaction&quot;:&quot;yes&quot;,&quot;infinite&quot;:&quot;yes&quot;}\" data-widget_type=\"image-carousel.default\">\n\t\t\t\t<div class=\"elementor-widget-container\">\n\t\t\t\t\t\t\t<div class=\"elementor-image-carousel-wrapper swiper\" role=\"region\" aria-roledescription=\"carousel\" aria-label=\"Carrousel d\u2019images\" dir=\"ltr\">\n\t\t\t<div class=\"elementor-image-carousel swiper-wrapper\" aria-live=\"off\">\n\t\t\t\t\t\t\t\t<div class=\"swiper-slide\" role=\"group\" aria-roledescription=\"slide\" aria-label=\"1 sur 12\"><a data-elementor-open-lightbox=\"yes\" data-elementor-lightbox-slideshow=\"122c1c3\" data-elementor-lightbox-title=\"DSCF0077\" data-elementor-lightbox-description=\"COCHEREN\" data-e-action-hash=\"#elementor-action%3Aaction%3Dlightbox%26settings%3DeyJpZCI6MTY1NywidXJsIjoiaHR0cHM6XC9cL3Vocnlvcmd1ZXMuY29tXC93cC1jb250ZW50XC91cGxvYWRzXC8yMDIzXC8wM1wvRFNDRjAwNzctc2NhbGVkLmpwZyIsInNsaWRlc2hvdyI6IjEyMmMxYzMifQ%3D%3D\" href=\"https:\/\/uhryorgues.com\/wp-content\/uploads\/2023\/03\/DSCF0077-scaled.jpg\"><figure class=\"swiper-slide-inner\"><img decoding=\"async\" class=\"swiper-slide-image\" src=\"https:\/\/uhryorgues.com\/wp-content\/uploads\/2023\/03\/DSCF0077-300x225.jpg\" alt=\"DSCF0077\" \/><\/figure><\/a><\/div><div class=\"swiper-slide\" role=\"group\" aria-roledescription=\"slide\" aria-label=\"2 sur 12\"><a data-elementor-open-lightbox=\"yes\" data-elementor-lightbox-slideshow=\"122c1c3\" data-elementor-lightbox-title=\"DSCF0055\" data-elementor-lightbox-description=\"COCHEREN\" data-e-action-hash=\"#elementor-action%3Aaction%3Dlightbox%26settings%3DeyJpZCI6MTY1NiwidXJsIjoiaHR0cHM6XC9cL3Vocnlvcmd1ZXMuY29tXC93cC1jb250ZW50XC91cGxvYWRzXC8yMDIzXC8wM1wvRFNDRjAwNTUtc2NhbGVkLmpwZyIsInNsaWRlc2hvdyI6IjEyMmMxYzMifQ%3D%3D\" href=\"https:\/\/uhryorgues.com\/wp-content\/uploads\/2023\/03\/DSCF0055-scaled.jpg\"><figure class=\"swiper-slide-inner\"><img decoding=\"async\" class=\"swiper-slide-image\" src=\"https:\/\/uhryorgues.com\/wp-content\/uploads\/2023\/03\/DSCF0055-300x225.jpg\" alt=\"DSCF0055\" \/><\/figure><\/a><\/div><div class=\"swiper-slide\" role=\"group\" aria-roledescription=\"slide\" aria-label=\"3 sur 12\"><a data-elementor-open-lightbox=\"yes\" data-elementor-lightbox-slideshow=\"122c1c3\" data-elementor-lightbox-title=\"DSCF0044\" data-elementor-lightbox-description=\"COCHEREN\" data-e-action-hash=\"#elementor-action%3Aaction%3Dlightbox%26settings%3DeyJpZCI6MTY1MywidXJsIjoiaHR0cHM6XC9cL3Vocnlvcmd1ZXMuY29tXC93cC1jb250ZW50XC91cGxvYWRzXC8yMDIzXC8wM1wvRFNDRjAwNDQtc2NhbGVkLmpwZyIsInNsaWRlc2hvdyI6IjEyMmMxYzMifQ%3D%3D\" href=\"https:\/\/uhryorgues.com\/wp-content\/uploads\/2023\/03\/DSCF0044-scaled.jpg\"><figure class=\"swiper-slide-inner\"><img decoding=\"async\" class=\"swiper-slide-image\" src=\"https:\/\/uhryorgues.com\/wp-content\/uploads\/2023\/03\/DSCF0044-300x225.jpg\" alt=\"DSCF0044\" \/><\/figure><\/a><\/div><div class=\"swiper-slide\" role=\"group\" aria-roledescription=\"slide\" aria-label=\"4 sur 12\"><a data-elementor-open-lightbox=\"yes\" data-elementor-lightbox-slideshow=\"122c1c3\" data-elementor-lightbox-title=\"DCF 1.0\" data-elementor-lightbox-description=\"COCHEREN\" data-e-action-hash=\"#elementor-action%3Aaction%3Dlightbox%26settings%3DeyJpZCI6MTY0OCwidXJsIjoiaHR0cHM6XC9cL3Vocnlvcmd1ZXMuY29tXC93cC1jb250ZW50XC91cGxvYWRzXC8yMDIzXC8wM1wvQ29waWUtZGUtUElDVDc0MTIuanBnIiwic2xpZGVzaG93IjoiMTIyYzFjMyJ9\" href=\"https:\/\/uhryorgues.com\/wp-content\/uploads\/2023\/03\/Copie-de-PICT7412.jpg\"><figure class=\"swiper-slide-inner\"><img decoding=\"async\" class=\"swiper-slide-image\" src=\"https:\/\/uhryorgues.com\/wp-content\/uploads\/2023\/03\/Copie-de-PICT7412-225x300.jpg\" alt=\"DCF 1.0\" \/><\/figure><\/a><\/div><div class=\"swiper-slide\" role=\"group\" aria-roledescription=\"slide\" aria-label=\"5 sur 12\"><a data-elementor-open-lightbox=\"yes\" data-elementor-lightbox-slideshow=\"122c1c3\" data-elementor-lightbox-title=\"DCF 1.0\" data-elementor-lightbox-description=\"COCHEREN\" data-e-action-hash=\"#elementor-action%3Aaction%3Dlightbox%26settings%3DeyJpZCI6MTY0NywidXJsIjoiaHR0cHM6XC9cL3Vocnlvcmd1ZXMuY29tXC93cC1jb250ZW50XC91cGxvYWRzXC8yMDIzXC8wM1wvUElDVDcwNzYuanBnIiwic2xpZGVzaG93IjoiMTIyYzFjMyJ9\" href=\"https:\/\/uhryorgues.com\/wp-content\/uploads\/2023\/03\/PICT7076.jpg\"><figure class=\"swiper-slide-inner\"><img decoding=\"async\" class=\"swiper-slide-image\" src=\"https:\/\/uhryorgues.com\/wp-content\/uploads\/2023\/03\/PICT7076-300x225.jpg\" alt=\"DCF 1.0\" \/><\/figure><\/a><\/div><div class=\"swiper-slide\" role=\"group\" aria-roledescription=\"slide\" aria-label=\"6 sur 12\"><a data-elementor-open-lightbox=\"yes\" data-elementor-lightbox-slideshow=\"122c1c3\" data-elementor-lightbox-title=\"DCF 1.0\" data-elementor-lightbox-description=\"COCHEREN\" data-e-action-hash=\"#elementor-action%3Aaction%3Dlightbox%26settings%3DeyJpZCI6MTY0NCwidXJsIjoiaHR0cHM6XC9cL3Vocnlvcmd1ZXMuY29tXC93cC1jb250ZW50XC91cGxvYWRzXC8yMDIzXC8wM1wvUElDVDcxNTYuanBnIiwic2xpZGVzaG93IjoiMTIyYzFjMyJ9\" href=\"https:\/\/uhryorgues.com\/wp-content\/uploads\/2023\/03\/PICT7156.jpg\"><figure class=\"swiper-slide-inner\"><img decoding=\"async\" class=\"swiper-slide-image\" src=\"https:\/\/uhryorgues.com\/wp-content\/uploads\/2023\/03\/PICT7156-225x300.jpg\" alt=\"DCF 1.0\" \/><\/figure><\/a><\/div><div class=\"swiper-slide\" role=\"group\" aria-roledescription=\"slide\" aria-label=\"7 sur 12\"><a data-elementor-open-lightbox=\"yes\" data-elementor-lightbox-slideshow=\"122c1c3\" data-elementor-lightbox-title=\"DSCF0053\" data-elementor-lightbox-description=\"COCHEREN\" data-e-action-hash=\"#elementor-action%3Aaction%3Dlightbox%26settings%3DeyJpZCI6MTY1NSwidXJsIjoiaHR0cHM6XC9cL3Vocnlvcmd1ZXMuY29tXC93cC1jb250ZW50XC91cGxvYWRzXC8yMDIzXC8wM1wvRFNDRjAwNTMtc2NhbGVkLmpwZyIsInNsaWRlc2hvdyI6IjEyMmMxYzMifQ%3D%3D\" href=\"https:\/\/uhryorgues.com\/wp-content\/uploads\/2023\/03\/DSCF0053-scaled.jpg\"><figure class=\"swiper-slide-inner\"><img decoding=\"async\" class=\"swiper-slide-image\" src=\"https:\/\/uhryorgues.com\/wp-content\/uploads\/2023\/03\/DSCF0053-300x225.jpg\" alt=\"DSCF0053\" \/><\/figure><\/a><\/div><div class=\"swiper-slide\" role=\"group\" aria-roledescription=\"slide\" aria-label=\"8 sur 12\"><a data-elementor-open-lightbox=\"yes\" data-elementor-lightbox-slideshow=\"122c1c3\" data-elementor-lightbox-title=\"DCF 1.0\" data-elementor-lightbox-description=\"COCHEREN\" data-e-action-hash=\"#elementor-action%3Aaction%3Dlightbox%26settings%3DeyJpZCI6MTY0NiwidXJsIjoiaHR0cHM6XC9cL3Vocnlvcmd1ZXMuY29tXC93cC1jb250ZW50XC91cGxvYWRzXC8yMDIzXC8wM1wvUElDVDczMDUuanBnIiwic2xpZGVzaG93IjoiMTIyYzFjMyJ9\" href=\"https:\/\/uhryorgues.com\/wp-content\/uploads\/2023\/03\/PICT7305.jpg\"><figure class=\"swiper-slide-inner\"><img decoding=\"async\" class=\"swiper-slide-image\" src=\"https:\/\/uhryorgues.com\/wp-content\/uploads\/2023\/03\/PICT7305-225x300.jpg\" alt=\"DCF 1.0\" \/><\/figure><\/a><\/div><div class=\"swiper-slide\" role=\"group\" aria-roledescription=\"slide\" aria-label=\"9 sur 12\"><a data-elementor-open-lightbox=\"yes\" data-elementor-lightbox-slideshow=\"122c1c3\" data-elementor-lightbox-title=\"DSCF0048\" data-elementor-lightbox-description=\"COCHEREN\" data-e-action-hash=\"#elementor-action%3Aaction%3Dlightbox%26settings%3DeyJpZCI6MTY1NCwidXJsIjoiaHR0cHM6XC9cL3Vocnlvcmd1ZXMuY29tXC93cC1jb250ZW50XC91cGxvYWRzXC8yMDIzXC8wM1wvRFNDRjAwNDgtc2NhbGVkLmpwZyIsInNsaWRlc2hvdyI6IjEyMmMxYzMifQ%3D%3D\" href=\"https:\/\/uhryorgues.com\/wp-content\/uploads\/2023\/03\/DSCF0048-scaled.jpg\"><figure class=\"swiper-slide-inner\"><img decoding=\"async\" class=\"swiper-slide-image\" src=\"https:\/\/uhryorgues.com\/wp-content\/uploads\/2023\/03\/DSCF0048-225x300.jpg\" alt=\"DSCF0048\" \/><\/figure><\/a><\/div><div class=\"swiper-slide\" role=\"group\" aria-roledescription=\"slide\" aria-label=\"10 sur 12\"><a data-elementor-open-lightbox=\"yes\" data-elementor-lightbox-slideshow=\"122c1c3\" data-elementor-lightbox-title=\"DSCF0026\" data-elementor-lightbox-description=\"COCHEREN\" data-e-action-hash=\"#elementor-action%3Aaction%3Dlightbox%26settings%3DeyJpZCI6MTY1MiwidXJsIjoiaHR0cHM6XC9cL3Vocnlvcmd1ZXMuY29tXC93cC1jb250ZW50XC91cGxvYWRzXC8yMDIzXC8wM1wvRFNDRjAwMjYtc2NhbGVkLmpwZyIsInNsaWRlc2hvdyI6IjEyMmMxYzMifQ%3D%3D\" href=\"https:\/\/uhryorgues.com\/wp-content\/uploads\/2023\/03\/DSCF0026-scaled.jpg\"><figure class=\"swiper-slide-inner\"><img decoding=\"async\" class=\"swiper-slide-image\" src=\"https:\/\/uhryorgues.com\/wp-content\/uploads\/2023\/03\/DSCF0026-300x225.jpg\" alt=\"DSCF0026\" \/><\/figure><\/a><\/div><div class=\"swiper-slide\" role=\"group\" aria-roledescription=\"slide\" aria-label=\"11 sur 12\"><a data-elementor-open-lightbox=\"yes\" data-elementor-lightbox-slideshow=\"122c1c3\" data-elementor-lightbox-title=\"DSCF0025\" data-elementor-lightbox-description=\"COCHEREN\" data-e-action-hash=\"#elementor-action%3Aaction%3Dlightbox%26settings%3DeyJpZCI6MTY1MSwidXJsIjoiaHR0cHM6XC9cL3Vocnlvcmd1ZXMuY29tXC93cC1jb250ZW50XC91cGxvYWRzXC8yMDIzXC8wM1wvRFNDRjAwMjUtc2NhbGVkLmpwZyIsInNsaWRlc2hvdyI6IjEyMmMxYzMifQ%3D%3D\" href=\"https:\/\/uhryorgues.com\/wp-content\/uploads\/2023\/03\/DSCF0025-scaled.jpg\"><figure class=\"swiper-slide-inner\"><img decoding=\"async\" class=\"swiper-slide-image\" src=\"https:\/\/uhryorgues.com\/wp-content\/uploads\/2023\/03\/DSCF0025-225x300.jpg\" alt=\"DSCF0025\" \/><\/figure><\/a><\/div><div class=\"swiper-slide\" role=\"group\" aria-roledescription=\"slide\" aria-label=\"12 sur 12\"><a data-elementor-open-lightbox=\"yes\" data-elementor-lightbox-slideshow=\"122c1c3\" data-elementor-lightbox-title=\"DCF 1.0\" data-elementor-lightbox-description=\"COCHEREN\" data-e-action-hash=\"#elementor-action%3Aaction%3Dlightbox%26settings%3DeyJpZCI6MTY0NSwidXJsIjoiaHR0cHM6XC9cL3Vocnlvcmd1ZXMuY29tXC93cC1jb250ZW50XC91cGxvYWRzXC8yMDIzXC8wM1wvUElDVDcxNzYuanBnIiwic2xpZGVzaG93IjoiMTIyYzFjMyJ9\" href=\"https:\/\/uhryorgues.com\/wp-content\/uploads\/2023\/03\/PICT7176.jpg\"><figure class=\"swiper-slide-inner\"><img decoding=\"async\" class=\"swiper-slide-image\" src=\"https:\/\/uhryorgues.com\/wp-content\/uploads\/2023\/03\/PICT7176-300x225.jpg\" alt=\"DCF 1.0\" \/><\/figure><\/a><\/div>\t\t\t<\/div>\n\t\t\t\t\t\t\t\t\t\t\t\t<div class=\"elementor-swiper-button elementor-swiper-button-prev\" role=\"button\" tabindex=\"0\">\n\t\t\t\t\t\t<i aria-hidden=\"true\" class=\"eicon-chevron-left\"><\/i>\t\t\t\t\t<\/div>\n\t\t\t\t\t<div class=\"elementor-swiper-button elementor-swiper-button-next\" role=\"button\" tabindex=\"0\">\n\t\t\t\t\t\t<i aria-hidden=\"true\" class=\"eicon-chevron-right\"><\/i>\t\t\t\t\t<\/div>\n\t\t\t\t\n\t\t\t\t\t\t\t\t\t<div class=\"swiper-pagination\"><\/div>\n\t\t\t\t\t\t\t\t\t<\/div>\n\t\t\t\t\t\t<\/div>\n\t\t\t\t<\/div>\n\t\t\t\t\t<\/div>\n\t\t<\/div>\n\t\t\t\t\t<\/div>\n\t\t<\/section>\n\t\t\t\t<\/div>\n\t\t","protected":false},"excerpt":{"rendered":"<p>COCHEREN RELEVAGE DE L&rsquo;ORGUE DE L&rsquo;\u00c9GLISE CATHOLIQUE DE LA TRINITEFacteur d&rsquo;orgues : Vesrchneider 1859Facteur d&rsquo;orgues : Blanarsch 1930Transmission pneumatique tubulaire2 claviers, p\u00e9dalier, 25 registresRelevage effectu\u00e9 de 2011 \u00e0 2013 I &#8211; Grand-Orgue56 notes C-g Montre 8&prime;Prestant 4&prime;Doublette 2&prime;Bourdon 16&prime;Bourdon 8&prime;Fl\u00fbte bouch\u00e9e 8&prime;Fl\u00fbte 4&prime;Gambe 8&prime;Plein &#8211; jeu 3 rgs \u00a0 II &#8211; R\u00e9cit Expressif\u00a068 notes C-g [&hellip;]<\/p>\n","protected":false},"author":1,"featured_media":0,"parent":0,"menu_order":0,"comment_status":"closed","ping_status":"closed","template":"","meta":{"site-sidebar-layout":"no-sidebar","site-content-layout":"page-builder","ast-site-content-layout":"default","site-content-style":"default","site-sidebar-style":"default","ast-global-header-display":"","ast-banner-title-visibility":"","ast-main-header-display":"","ast-hfb-above-header-display":"","ast-hfb-below-header-display":"","ast-hfb-mobile-header-display":"","site-post-title":"disabled","ast-breadcrumbs-content":"","ast-featured-img":"disabled","footer-sml-layout":"","ast-disable-related-posts":"","theme-transparent-header-meta":"","adv-header-id-meta":"","stick-header-meta":"","header-above-stick-meta":"","header-main-stick-meta":"","header-below-stick-meta":"","astra-migrate-meta-layouts":"default","ast-page-background-enabled":"default","ast-page-background-meta":{"desktop":{"background-color":"","background-image":"","background-repeat":"repeat","background-position":"center center","background-size":"auto","background-attachment":"scroll","background-type":"","background-media":"","overlay-type":"","overlay-color":"","overlay-opacity":"","overlay-gradient":""},"tablet":{"background-color":"","background-image":"","background-repeat":"repeat","background-position":"center center","background-size":"auto","background-attachment":"scroll","background-type":"","background-media":"","overlay-type":"","overlay-color":"","overlay-opacity":"","overlay-gradient":""},"mobile":{"background-color":"","background-image":"","background-repeat":"repeat","background-position":"center center","background-size":"auto","background-attachment":"scroll","background-type":"","background-media":"","overlay-type":"","overlay-color":"","overlay-opacity":"","overlay-gradient":""}},"ast-content-background-meta":{"desktop":{"background-color":"var(--ast-global-color-5)","background-image":"","background-repeat":"repeat","background-position":"center center","background-size":"auto","background-attachment":"scroll","background-type":"","background-media":"","overlay-type":"","overlay-color":"","overlay-opacity":"","overlay-gradient":""},"tablet":{"background-color":"var(--ast-global-color-5)","background-image":"","background-repeat":"repeat","background-position":"center center","background-size":"auto","background-attachment":"scroll","background-type":"","background-media":"","overlay-type":"","overlay-color":"","overlay-opacity":"","overlay-gradient":""},"mobile":{"background-color":"var(--ast-global-color-5)","background-image":"","background-repeat":"repeat","background-position":"center center","background-size":"auto","background-attachment":"scroll","background-type":"","background-media":"","overlay-type":"","overlay-color":"","overlay-opacity":"","overlay-gradient":""}},"footnotes":""},"class_list":["post-1669","page","type-page","status-publish","hentry"],"aioseo_notices":[],"_links":{"self":[{"href":"https:\/\/uhryorgues.com\/index.php\/wp-json\/wp\/v2\/pages\/1669","targetHints":{"allow":["GET"]}}],"collection":[{"href":"https:\/\/uhryorgues.com\/index.php\/wp-json\/wp\/v2\/pages"}],"about":[{"href":"https:\/\/uhryorgues.com\/index.php\/wp-json\/wp\/v2\/types\/page"}],"author":[{"embeddable":true,"href":"https:\/\/uhryorgues.com\/index.php\/wp-json\/wp\/v2\/users\/1"}],"replies":[{"embeddable":true,"href":"https:\/\/uhryorgues.com\/index.php\/wp-json\/wp\/v2\/comments?post=1669"}],"version-history":[{"count":31,"href":"https:\/\/uhryorgues.com\/index.php\/wp-json\/wp\/v2\/pages\/1669\/revisions"}],"predecessor-version":[{"id":2314,"href":"https:\/\/uhryorgues.com\/index.php\/wp-json\/wp\/v2\/pages\/1669\/revisions\/2314"}],"wp:attachment":[{"href":"https:\/\/uhryorgues.com\/index.php\/wp-json\/wp\/v2\/media?parent=1669"}],"curies":[{"name":"wp","href":"https:\/\/api.w.org\/{rel}","templated":true}]}}