{"id":1563,"date":"2023-03-03T15:45:19","date_gmt":"2023-03-03T15:45:19","guid":{"rendered":"https:\/\/uhryorgues.com\/?page_id=1563"},"modified":"2023-03-03T17:24:09","modified_gmt":"2023-03-03T17:24:09","slug":"composition-vaihingen-enz","status":"publish","type":"page","link":"https:\/\/uhryorgues.com\/index.php\/composition-vaihingen-enz\/","title":{"rendered":"COMPOSITION VAIHINGEN ENZ"},"content":{"rendered":"\t\t<div data-elementor-type=\"wp-page\" data-elementor-id=\"1563\" class=\"elementor elementor-1563\">\n\t\t\t\t\t\t<section class=\"elementor-section elementor-top-section elementor-element elementor-element-9e6ee16 elementor-section-boxed elementor-section-height-default elementor-section-height-default\" data-id=\"9e6ee16\" data-element_type=\"section\" data-e-type=\"section\" data-settings=\"{&quot;background_background&quot;:&quot;classic&quot;}\">\n\t\t\t\t\t\t\t<div class=\"elementor-background-overlay\"><\/div>\n\t\t\t\t\t\t\t<div class=\"elementor-container elementor-column-gap-default\">\n\t\t\t\t\t<div class=\"elementor-column elementor-col-100 elementor-top-column elementor-element elementor-element-264f895\" data-id=\"264f895\" data-element_type=\"column\" data-e-type=\"column\">\n\t\t\t<div class=\"elementor-widget-wrap elementor-element-populated\">\n\t\t\t\t\t\t<div class=\"elementor-element elementor-element-c1c676f elementor-widget elementor-widget-heading\" data-id=\"c1c676f\" data-element_type=\"widget\" data-e-type=\"widget\" data-widget_type=\"heading.default\">\n\t\t\t\t<div class=\"elementor-widget-container\">\n\t\t\t\t\t<h1 class=\"elementor-heading-title elementor-size-default\">VAIHINGEN \/ ENZ<\/h1>\t\t\t\t<\/div>\n\t\t\t\t<\/div>\n\t\t\t\t\t<\/div>\n\t\t<\/div>\n\t\t\t\t\t<\/div>\n\t\t<\/section>\n\t\t\t\t<section class=\"elementor-section elementor-top-section elementor-element elementor-element-ea3467f elementor-section-boxed elementor-section-height-default elementor-section-height-default\" data-id=\"ea3467f\" data-element_type=\"section\" data-e-type=\"section\">\n\t\t\t\t\t\t<div class=\"elementor-container elementor-column-gap-default\">\n\t\t\t\t\t<div class=\"elementor-column elementor-col-100 elementor-top-column elementor-element elementor-element-8943a16\" data-id=\"8943a16\" data-element_type=\"column\" data-e-type=\"column\">\n\t\t\t<div class=\"elementor-widget-wrap elementor-element-populated\">\n\t\t\t\t\t\t<div class=\"elementor-element elementor-element-d1b6c36 elementor-widget elementor-widget-heading\" data-id=\"d1b6c36\" data-element_type=\"widget\" data-e-type=\"widget\" data-widget_type=\"heading.default\">\n\t\t\t\t<div class=\"elementor-widget-container\">\n\t\t\t\t\t<h6 class=\"elementor-heading-title elementor-size-default\"><span style=\"color: var(--ast-global-color-2);font-size: 2.125rem;background-color: var(--ast-global-color-4)\">ORGUE DE L'\u00c9GLISE SAINT ANTONIUS<\/span><br>Facteur d'orgues : Oberlinger <br>Facteur d'orgues : Fischer + kr\u00e4mer reconstruction en 1978<br>3 claviers, p\u00e9dalier, 20 registres<br>Traction m\u00e9canique des notes et des jeux<br>\n<p style=\"margin-bottom:0cm;line-height:normal\"><span style=\"background-color: var(--ast-global-color-4);color: var(--ast-global-color-2);font-size: 0.9375rem;font-style: inherit;font-weight: inherit\"><\/span><br><span style=\"color: var(--ast-global-color-2);font-size: 0.9375rem;font-style: inherit;background-color: var(--ast-global-color-4)\"><\/span><\/p><\/h6>\t\t\t\t<\/div>\n\t\t\t\t<\/div>\n\t\t\t\t\t<\/div>\n\t\t<\/div>\n\t\t\t\t\t<\/div>\n\t\t<\/section>\n\t\t\t\t<section class=\"elementor-section elementor-top-section elementor-element elementor-element-de71345 elementor-section-boxed elementor-section-height-default elementor-section-height-default\" data-id=\"de71345\" data-element_type=\"section\" data-e-type=\"section\">\n\t\t\t\t\t\t<div class=\"elementor-container elementor-column-gap-default\">\n\t\t\t\t\t<div class=\"elementor-column elementor-col-20 elementor-top-column elementor-element elementor-element-b0401e9\" data-id=\"b0401e9\" data-element_type=\"column\" data-e-type=\"column\">\n\t\t\t<div class=\"elementor-widget-wrap elementor-element-populated\">\n\t\t\t\t\t\t<div class=\"elementor-element elementor-element-85b7b9d elementor-widget elementor-widget-text-editor\" data-id=\"85b7b9d\" data-element_type=\"widget\" data-e-type=\"widget\" data-widget_type=\"text-editor.default\">\n\t\t\t\t<div class=\"elementor-widget-container\">\n\t\t\t\t\t\t\t\t\t<h6 style=\"text-align: left;\">I &#8211; Manual Ruckpositiv<br \/>56 notes C-g<\/h6><h6>Spitzdeckt 8&prime;<br \/>Blockfl\u00f6te 4&prime;<br \/>Principal 2&prime;<br \/>Oct\u00e4vlein 1&prime;<br \/>Sesquialter 2 f.<br \/>Regal 8&prime;<\/h6><h6>\u00a0<\/h6>\t\t\t\t\t\t\t\t<\/div>\n\t\t\t\t<\/div>\n\t\t\t\t\t<\/div>\n\t\t<\/div>\n\t\t\t\t<div class=\"elementor-column elementor-col-20 elementor-top-column elementor-element elementor-element-d5516fc\" data-id=\"d5516fc\" data-element_type=\"column\" data-e-type=\"column\">\n\t\t\t<div class=\"elementor-widget-wrap elementor-element-populated\">\n\t\t\t\t\t\t<div class=\"elementor-element elementor-element-b491f1c elementor-widget elementor-widget-text-editor\" data-id=\"b491f1c\" data-element_type=\"widget\" data-e-type=\"widget\" data-widget_type=\"text-editor.default\">\n\t\t\t\t<div class=\"elementor-widget-container\">\n\t\t\t\t\t\t\t\t\t<h6 style=\"font-style: normal; text-align: left;\">II &#8211; Manual Hauptwerk<br \/>56 notes C-g<\/h6><h6>Principal 4&prime;<br \/>Rohrfl\u00f6te 8&prime;<br \/>Quintat\u00f6n 4&prime;<br \/>Gemshorn 2&prime;<br \/>Mixtur 3-4 f.<\/h6><p>\u00a0<\/p><h6>\u00a0<\/h6>\t\t\t\t\t\t\t\t<\/div>\n\t\t\t\t<\/div>\n\t\t\t\t\t<\/div>\n\t\t<\/div>\n\t\t\t\t<div class=\"elementor-column elementor-col-20 elementor-top-column elementor-element elementor-element-646abc0\" data-id=\"646abc0\" data-element_type=\"column\" data-e-type=\"column\">\n\t\t\t<div class=\"elementor-widget-wrap elementor-element-populated\">\n\t\t\t\t\t\t<div class=\"elementor-element elementor-element-4e0782b elementor-widget elementor-widget-text-editor\" data-id=\"4e0782b\" data-element_type=\"widget\" data-e-type=\"widget\" data-widget_type=\"text-editor.default\">\n\t\t\t\t<div class=\"elementor-widget-container\">\n\t\t\t\t\t\t\t\t\t<h6 style=\"font-style: normal; text-align: left;\">III &#8211; Manual Oberwerk<br \/>56 notes C-g<\/h6><h6>Gedeckt 8&prime;<br \/>Weidenpfeife 8&prime;<br \/>Gedecktfl\u00f6te 4&prime;<br \/>Octave 2&prime;<br \/>Quinte 1 1\/3&prime;<br \/>Cymbel 3 f.<\/h6><p>\u00a0<\/p><h6>\u00a0<\/h6>\t\t\t\t\t\t\t\t<\/div>\n\t\t\t\t<\/div>\n\t\t\t\t\t<\/div>\n\t\t<\/div>\n\t\t\t\t<div class=\"elementor-column elementor-col-20 elementor-top-column elementor-element elementor-element-8697e9f\" data-id=\"8697e9f\" data-element_type=\"column\" data-e-type=\"column\">\n\t\t\t<div class=\"elementor-widget-wrap elementor-element-populated\">\n\t\t\t\t\t\t<div class=\"elementor-element elementor-element-d57540b elementor-widget elementor-widget-text-editor\" data-id=\"d57540b\" data-element_type=\"widget\" data-e-type=\"widget\" data-widget_type=\"text-editor.default\">\n\t\t\t\t<div class=\"elementor-widget-container\">\n\t\t\t\t\t\t\t\t\t<h6 style=\"text-align: left;\">Pedal<br \/>30 notes C-f&rsquo;<\/h6><h6>Subbass 16&prime;<br \/>Gemshorn 8&prime;<br \/>Choralbass 4&prime;<\/h6><p>\u00a0<\/p>\t\t\t\t\t\t\t\t<\/div>\n\t\t\t\t<\/div>\n\t\t\t\t\t<\/div>\n\t\t<\/div>\n\t\t\t\t<div class=\"elementor-column elementor-col-20 elementor-top-column elementor-element elementor-element-4366b55\" data-id=\"4366b55\" data-element_type=\"column\" data-e-type=\"column\">\n\t\t\t<div class=\"elementor-widget-wrap elementor-element-populated\">\n\t\t\t\t\t\t<div class=\"elementor-element elementor-element-b192caf elementor-widget elementor-widget-text-editor\" data-id=\"b192caf\" data-element_type=\"widget\" data-e-type=\"widget\" data-widget_type=\"text-editor.default\">\n\t\t\t\t<div class=\"elementor-widget-container\">\n\t\t\t\t\t\t\t\t\t<h6 style=\"text-align: left;\">Accessoires<br><br><\/h6><h6 style=\"text-align: left;\">Koppel III\/II<br>Koppel I\/II<br>Pedalkoppel I\/P<br>Pedalkoppel II\/P<br>Pedalkoppel III\/P<\/h6>\n\n<h6>&nbsp;<\/h6>\n<h6>&nbsp;<\/h6>\t\t\t\t\t\t\t\t<\/div>\n\t\t\t\t<\/div>\n\t\t\t\t\t<\/div>\n\t\t<\/div>\n\t\t\t\t\t<\/div>\n\t\t<\/section>\n\t\t\t\t<section class=\"elementor-section elementor-top-section elementor-element elementor-element-f49df8e elementor-section-boxed elementor-section-height-default elementor-section-height-default\" data-id=\"f49df8e\" data-element_type=\"section\" data-e-type=\"section\">\n\t\t\t\t\t\t<div class=\"elementor-container elementor-column-gap-default\">\n\t\t\t\t\t<div class=\"elementor-column elementor-col-100 elementor-top-column elementor-element elementor-element-fa69467\" data-id=\"fa69467\" data-element_type=\"column\" data-e-type=\"column\">\n\t\t\t<div class=\"elementor-widget-wrap elementor-element-populated\">\n\t\t\t\t\t\t<div class=\"elementor-element elementor-element-fd6c8be elementor-widget elementor-widget-text-editor\" data-id=\"fd6c8be\" data-element_type=\"widget\" data-e-type=\"widget\" data-widget_type=\"text-editor.default\">\n\t\t\t\t<div class=\"elementor-widget-container\">\n\t\t\t\t\t\t\t\t\t<h6><b><span style=\"font-size: 11.0pt; mso-bidi-font-size: 12.0pt; font-family: 'Comic Sans MS';\">Maintenance annuelle de l\u2019orgue<\/span><\/b><\/h6>\t\t\t\t\t\t\t\t<\/div>\n\t\t\t\t<\/div>\n\t\t\t\t\t<\/div>\n\t\t<\/div>\n\t\t\t\t\t<\/div>\n\t\t<\/section>\n\t\t\t\t<section class=\"elementor-section elementor-top-section elementor-element elementor-element-c222f7a elementor-section-boxed elementor-section-height-default elementor-section-height-default\" data-id=\"c222f7a\" data-element_type=\"section\" data-e-type=\"section\">\n\t\t\t\t\t\t<div class=\"elementor-container elementor-column-gap-default\">\n\t\t\t\t\t<div class=\"elementor-column elementor-col-100 elementor-top-column elementor-element elementor-element-9dba3d6\" data-id=\"9dba3d6\" data-element_type=\"column\" data-e-type=\"column\">\n\t\t\t<div class=\"elementor-widget-wrap\">\n\t\t\t\t\t\t\t<\/div>\n\t\t<\/div>\n\t\t\t\t\t<\/div>\n\t\t<\/section>\n\t\t\t\t<section class=\"elementor-section elementor-top-section elementor-element elementor-element-d0b6f1d elementor-section-boxed elementor-section-height-default elementor-section-height-default\" data-id=\"d0b6f1d\" data-element_type=\"section\" data-e-type=\"section\">\n\t\t\t\t\t\t<div class=\"elementor-container elementor-column-gap-default\">\n\t\t\t\t\t<div class=\"elementor-column elementor-col-100 elementor-top-column elementor-element elementor-element-5fb419f\" data-id=\"5fb419f\" data-element_type=\"column\" data-e-type=\"column\">\n\t\t\t<div class=\"elementor-widget-wrap elementor-element-populated\">\n\t\t\t\t\t\t<div class=\"elementor-element elementor-element-6b3fee5 elementor-widget elementor-widget-image\" data-id=\"6b3fee5\" data-element_type=\"widget\" data-e-type=\"widget\" data-widget_type=\"image.default\">\n\t\t\t\t<div class=\"elementor-widget-container\">\n\t\t\t\t\t\t\t\t\t\t\t\t\t\t\t<img fetchpriority=\"high\" decoding=\"async\" width=\"800\" height=\"533\" src=\"https:\/\/uhryorgues.com\/wp-content\/uploads\/2023\/03\/Vaihingen-enz.jpg\" class=\"attachment-large size-large wp-image-1559\" alt=\"\" srcset=\"https:\/\/uhryorgues.com\/wp-content\/uploads\/2023\/03\/Vaihingen-enz.jpg 800w, https:\/\/uhryorgues.com\/wp-content\/uploads\/2023\/03\/Vaihingen-enz-300x200.jpg 300w, https:\/\/uhryorgues.com\/wp-content\/uploads\/2023\/03\/Vaihingen-enz-768x512.jpg 768w\" sizes=\"(max-width: 800px) 100vw, 800px\" \/>\t\t\t\t\t\t\t\t\t\t\t\t\t\t\t<\/div>\n\t\t\t\t<\/div>\n\t\t\t\t\t<\/div>\n\t\t<\/div>\n\t\t\t\t\t<\/div>\n\t\t<\/section>\n\t\t\t\t<\/div>\n\t\t","protected":false},"excerpt":{"rendered":"<p>VAIHINGEN \/ ENZ ORGUE DE L&rsquo;\u00c9GLISE SAINT ANTONIUSFacteur d&rsquo;orgues : Oberlinger Facteur d&rsquo;orgues : Fischer + kr\u00e4mer reconstruction en 19783 claviers, p\u00e9dalier, 20 registresTraction m\u00e9canique des notes et des jeux I &#8211; Manual Ruckpositiv56 notes C-g Spitzdeckt 8&prime;Blockfl\u00f6te 4&prime;Principal 2&prime;Oct\u00e4vlein 1&prime;Sesquialter 2 f.Regal 8&prime; \u00a0 II &#8211; Manual Hauptwerk56 notes C-g Principal 4&prime;Rohrfl\u00f6te 8&prime;Quintat\u00f6n 4&prime;Gemshorn [&hellip;]<\/p>\n","protected":false},"author":1,"featured_media":0,"parent":0,"menu_order":0,"comment_status":"closed","ping_status":"closed","template":"","meta":{"site-sidebar-layout":"no-sidebar","site-content-layout":"page-builder","ast-site-content-layout":"default","site-content-style":"default","site-sidebar-style":"default","ast-global-header-display":"","ast-banner-title-visibility":"","ast-main-header-display":"","ast-hfb-above-header-display":"","ast-hfb-below-header-display":"","ast-hfb-mobile-header-display":"","site-post-title":"disabled","ast-breadcrumbs-content":"","ast-featured-img":"disabled","footer-sml-layout":"","ast-disable-related-posts":"","theme-transparent-header-meta":"","adv-header-id-meta":"","stick-header-meta":"","header-above-stick-meta":"","header-main-stick-meta":"","header-below-stick-meta":"","astra-migrate-meta-layouts":"default","ast-page-background-enabled":"default","ast-page-background-meta":{"desktop":{"background-color":"","background-image":"","background-repeat":"repeat","background-position":"center center","background-size":"auto","background-attachment":"scroll","background-type":"","background-media":"","overlay-type":"","overlay-color":"","overlay-opacity":"","overlay-gradient":""},"tablet":{"background-color":"","background-image":"","background-repeat":"repeat","background-position":"center center","background-size":"auto","background-attachment":"scroll","background-type":"","background-media":"","overlay-type":"","overlay-color":"","overlay-opacity":"","overlay-gradient":""},"mobile":{"background-color":"","background-image":"","background-repeat":"repeat","background-position":"center center","background-size":"auto","background-attachment":"scroll","background-type":"","background-media":"","overlay-type":"","overlay-color":"","overlay-opacity":"","overlay-gradient":""}},"ast-content-background-meta":{"desktop":{"background-color":"var(--ast-global-color-5)","background-image":"","background-repeat":"repeat","background-position":"center center","background-size":"auto","background-attachment":"scroll","background-type":"","background-media":"","overlay-type":"","overlay-color":"","overlay-opacity":"","overlay-gradient":""},"tablet":{"background-color":"var(--ast-global-color-5)","background-image":"","background-repeat":"repeat","background-position":"center center","background-size":"auto","background-attachment":"scroll","background-type":"","background-media":"","overlay-type":"","overlay-color":"","overlay-opacity":"","overlay-gradient":""},"mobile":{"background-color":"var(--ast-global-color-5)","background-image":"","background-repeat":"repeat","background-position":"center center","background-size":"auto","background-attachment":"scroll","background-type":"","background-media":"","overlay-type":"","overlay-color":"","overlay-opacity":"","overlay-gradient":""}},"footnotes":""},"class_list":["post-1563","page","type-page","status-publish","hentry"],"aioseo_notices":[],"_links":{"self":[{"href":"https:\/\/uhryorgues.com\/index.php\/wp-json\/wp\/v2\/pages\/1563","targetHints":{"allow":["GET"]}}],"collection":[{"href":"https:\/\/uhryorgues.com\/index.php\/wp-json\/wp\/v2\/pages"}],"about":[{"href":"https:\/\/uhryorgues.com\/index.php\/wp-json\/wp\/v2\/types\/page"}],"author":[{"embeddable":true,"href":"https:\/\/uhryorgues.com\/index.php\/wp-json\/wp\/v2\/users\/1"}],"replies":[{"embeddable":true,"href":"https:\/\/uhryorgues.com\/index.php\/wp-json\/wp\/v2\/comments?post=1563"}],"version-history":[{"count":25,"href":"https:\/\/uhryorgues.com\/index.php\/wp-json\/wp\/v2\/pages\/1563\/revisions"}],"predecessor-version":[{"id":1642,"href":"https:\/\/uhryorgues.com\/index.php\/wp-json\/wp\/v2\/pages\/1563\/revisions\/1642"}],"wp:attachment":[{"href":"https:\/\/uhryorgues.com\/index.php\/wp-json\/wp\/v2\/media?parent=1563"}],"curies":[{"name":"wp","href":"https:\/\/api.w.org\/{rel}","templated":true}]}}