{"id":1544,"date":"2023-03-03T14:40:54","date_gmt":"2023-03-03T14:40:54","guid":{"rendered":"https:\/\/uhryorgues.com\/?page_id=1544"},"modified":"2023-04-07T15:20:42","modified_gmt":"2023-04-07T15:20:42","slug":"composition-neoapostolique-freiburg-im-breisgau","status":"publish","type":"page","link":"https:\/\/uhryorgues.com\/index.php\/composition-neoapostolique-freiburg-im-breisgau\/","title":{"rendered":"COMPOSITION NEOAPOSTOLIQUE FREIBURG IM BREISGAU"},"content":{"rendered":"\t\t<div data-elementor-type=\"wp-page\" data-elementor-id=\"1544\" class=\"elementor elementor-1544\">\n\t\t\t\t\t\t<section class=\"elementor-section elementor-top-section elementor-element elementor-element-ad9c530 elementor-section-boxed elementor-section-height-default elementor-section-height-default\" data-id=\"ad9c530\" data-element_type=\"section\" data-e-type=\"section\" data-settings=\"{&quot;background_background&quot;:&quot;classic&quot;}\">\n\t\t\t\t\t\t\t<div class=\"elementor-background-overlay\"><\/div>\n\t\t\t\t\t\t\t<div class=\"elementor-container elementor-column-gap-default\">\n\t\t\t\t\t<div class=\"elementor-column elementor-col-100 elementor-top-column elementor-element elementor-element-d7d1ab0\" data-id=\"d7d1ab0\" data-element_type=\"column\" data-e-type=\"column\">\n\t\t\t<div class=\"elementor-widget-wrap elementor-element-populated\">\n\t\t\t\t\t\t<div class=\"elementor-element elementor-element-07ad36f elementor-widget elementor-widget-heading\" data-id=\"07ad36f\" data-element_type=\"widget\" data-e-type=\"widget\" data-widget_type=\"heading.default\">\n\t\t\t\t<div class=\"elementor-widget-container\">\n\t\t\t\t\t<h1 class=\"elementor-heading-title elementor-size-default\">FREIBURG IN BREISGAU <\/h1>\t\t\t\t<\/div>\n\t\t\t\t<\/div>\n\t\t\t\t\t<\/div>\n\t\t<\/div>\n\t\t\t\t\t<\/div>\n\t\t<\/section>\n\t\t\t\t<section class=\"elementor-section elementor-top-section elementor-element elementor-element-e3f2d77 elementor-section-boxed elementor-section-height-default elementor-section-height-default\" data-id=\"e3f2d77\" data-element_type=\"section\" data-e-type=\"section\">\n\t\t\t\t\t\t<div class=\"elementor-container elementor-column-gap-default\">\n\t\t\t\t\t<div class=\"elementor-column elementor-col-100 elementor-top-column elementor-element elementor-element-02d3a57\" data-id=\"02d3a57\" data-element_type=\"column\" data-e-type=\"column\">\n\t\t\t<div class=\"elementor-widget-wrap elementor-element-populated\">\n\t\t\t\t\t\t<div class=\"elementor-element elementor-element-6448f10 elementor-widget elementor-widget-heading\" data-id=\"6448f10\" data-element_type=\"widget\" data-e-type=\"widget\" data-widget_type=\"heading.default\">\n\t\t\t\t<div class=\"elementor-widget-container\">\n\t\t\t\t\t<h6 class=\"elementor-heading-title elementor-size-default\"><span style=\"color: var(--ast-global-color-2);font-size: 2.125rem;background-color: var(--ast-global-color-4)\">ORGUE DE L'\u00c9GLISE NEOAPOSTOLIQUE<\/span><br>Facteur d'orgues : Fischer + kr\u00e4mer 2010<br>3 claviers, p\u00e9dalier, 23 registres<br>Traction m\u00e9canique des notes et des jeux<p style=\"margin-bottom:0cm;line-height:normal\"><span lang=\"DE\">&nbsp;&nbsp;&nbsp;&nbsp;&nbsp;&nbsp;&nbsp;&nbsp;&nbsp;&nbsp;&nbsp;&nbsp;&nbsp;&nbsp;&nbsp;&nbsp;&nbsp;&nbsp;&nbsp;&nbsp;&nbsp;&nbsp;&nbsp;&nbsp;&nbsp;&nbsp;&nbsp;&nbsp;&nbsp;&nbsp;&nbsp;&nbsp;&nbsp;&nbsp;&nbsp;&nbsp;&nbsp;&nbsp;&nbsp;&nbsp;&nbsp;&nbsp;&nbsp;&nbsp;&nbsp;&nbsp;&nbsp;&nbsp;&nbsp;&nbsp;&nbsp;&nbsp;&nbsp;&nbsp;&nbsp;&nbsp;&nbsp;&nbsp;&nbsp;&nbsp;\n&nbsp;&nbsp;&nbsp;&nbsp;&nbsp;&nbsp;&nbsp;&nbsp;&nbsp;&nbsp;&nbsp;&nbsp;&nbsp;&nbsp;&nbsp;&nbsp;&nbsp;<\/span><span>&nbsp;&nbsp;&nbsp;&nbsp;&nbsp;&nbsp;&nbsp;&nbsp;&nbsp;&nbsp;&nbsp;&nbsp;&nbsp;&nbsp;&nbsp;&nbsp;&nbsp;&nbsp;&nbsp;&nbsp;&nbsp;&nbsp;&nbsp;&nbsp;&nbsp;&nbsp;&nbsp;&nbsp;&nbsp;&nbsp;&nbsp;&nbsp;&nbsp;&nbsp;&nbsp;&nbsp;&nbsp;&nbsp;&nbsp;&nbsp;&nbsp;&nbsp;&nbsp;&nbsp;&nbsp;&nbsp;&nbsp;&nbsp;&nbsp;&nbsp;&nbsp;&nbsp;&nbsp;&nbsp;&nbsp;<\/span><span style=\"color: var(--ast-global-color-2);font-size: 0.9375rem;font-style: inherit;background-color: var(--ast-global-color-4)\"><\/span><\/p><\/h6>\t\t\t\t<\/div>\n\t\t\t\t<\/div>\n\t\t\t\t\t<\/div>\n\t\t<\/div>\n\t\t\t\t\t<\/div>\n\t\t<\/section>\n\t\t\t\t<section class=\"elementor-section elementor-top-section elementor-element elementor-element-bd6bf43 elementor-section-boxed elementor-section-height-default elementor-section-height-default\" data-id=\"bd6bf43\" data-element_type=\"section\" data-e-type=\"section\">\n\t\t\t\t\t\t<div class=\"elementor-container elementor-column-gap-default\">\n\t\t\t\t\t<div class=\"elementor-column elementor-col-20 elementor-top-column elementor-element elementor-element-831e07f\" data-id=\"831e07f\" data-element_type=\"column\" data-e-type=\"column\">\n\t\t\t<div class=\"elementor-widget-wrap elementor-element-populated\">\n\t\t\t\t\t\t<div class=\"elementor-element elementor-element-87fa837 elementor-widget elementor-widget-text-editor\" data-id=\"87fa837\" data-element_type=\"widget\" data-e-type=\"widget\" data-widget_type=\"text-editor.default\">\n\t\t\t\t<div class=\"elementor-widget-container\">\n\t\t\t\t\t\t\t\t\t<h6 style=\"text-align: left;\">I &#8211; Grand-Jeu<br \/>56 notes C-g<\/h6><h6>Bourdon 16&prime;<br \/>Fl\u00fbte 8&prime;<br \/>Fl\u00fbte 4&prime;<br \/>Cornet 3 f. 2 2\/3&prime;<br \/>Basson 16&prime;<\/h6>\t\t\t\t\t\t\t\t<\/div>\n\t\t\t\t<\/div>\n\t\t\t\t\t<\/div>\n\t\t<\/div>\n\t\t\t\t<div class=\"elementor-column elementor-col-20 elementor-top-column elementor-element elementor-element-0bb3061\" data-id=\"0bb3061\" data-element_type=\"column\" data-e-type=\"column\">\n\t\t\t<div class=\"elementor-widget-wrap elementor-element-populated\">\n\t\t\t\t\t\t<div class=\"elementor-element elementor-element-8ea79e0 elementor-widget elementor-widget-text-editor\" data-id=\"8ea79e0\" data-element_type=\"widget\" data-e-type=\"widget\" data-widget_type=\"text-editor.default\">\n\t\t\t\t<div class=\"elementor-widget-container\">\n\t\t\t\t\t\t\t\t\t<h6 style=\"font-style: normal; text-align: left;\">II &#8211; Grand-Orgue<br \/>56 notes C-g<\/h6><h6>Montre 8&prime;<br \/>Gamba 8&prime;<br \/>Fl\u00fbte \u00e0 chemin\u00e9e 8&prime;<br \/>Prestant 4&prime;<br \/>Fl\u00fbte harmonique 4&prime;<br \/>Doublette 2&prime;<br \/>Mixture 4 f. 1 1\/3&prime;<br \/>Trompette 8&prime;<\/h6>\t\t\t\t\t\t\t\t<\/div>\n\t\t\t\t<\/div>\n\t\t\t\t\t<\/div>\n\t\t<\/div>\n\t\t\t\t<div class=\"elementor-column elementor-col-20 elementor-top-column elementor-element elementor-element-af4e985\" data-id=\"af4e985\" data-element_type=\"column\" data-e-type=\"column\">\n\t\t\t<div class=\"elementor-widget-wrap elementor-element-populated\">\n\t\t\t\t\t\t<div class=\"elementor-element elementor-element-f19039a elementor-widget elementor-widget-text-editor\" data-id=\"f19039a\" data-element_type=\"widget\" data-e-type=\"widget\" data-widget_type=\"text-editor.default\">\n\t\t\t\t<div class=\"elementor-widget-container\">\n\t\t\t\t\t\t\t\t\t<h6 style=\"text-align: left;\">III &#8211; Schwellwerk<br \/>56 notes C-g<\/h6><h6 style=\"text-align: left;\">Bourdon 8&prime;<br \/>Salicional 8&prime;<br \/>Fugara 8&prime;<br \/>Nasard 2 2\/3&prime;<br \/>Quarte de Nasard 2&prime;<br \/>Tierce 1 3\/5&prime;<br \/>Larigot 1 1\/3&prime;<br \/>Cymbale 3 f. 1&prime;<br \/>Cromorne 8&prime;<\/h6><h6 style=\"text-align: left;\">\u00a0<\/h6>\t\t\t\t\t\t\t\t<\/div>\n\t\t\t\t<\/div>\n\t\t\t\t\t<\/div>\n\t\t<\/div>\n\t\t\t\t<div class=\"elementor-column elementor-col-20 elementor-top-column elementor-element elementor-element-9fb30d8\" data-id=\"9fb30d8\" data-element_type=\"column\" data-e-type=\"column\">\n\t\t\t<div class=\"elementor-widget-wrap elementor-element-populated\">\n\t\t\t\t\t\t<div class=\"elementor-element elementor-element-b1108bb elementor-widget elementor-widget-text-editor\" data-id=\"b1108bb\" data-element_type=\"widget\" data-e-type=\"widget\" data-widget_type=\"text-editor.default\">\n\t\t\t\t<div class=\"elementor-widget-container\">\n\t\t\t\t\t\t\t\t\t<h6 style=\"text-align: left;\">Pedal<br \/>30 notes C &#8211; f&rsquo;<\/h6><h6>Bourdon 16&prime; *<br \/>Fl\u00fbte 8&prime; *<br \/>Fl\u00fbte 4&prime; *\u00a0<br \/>Basson 16&prime; *<br \/>Trompette 8&prime;<\/h6><h6>\u00a0<\/h6>\t\t\t\t\t\t\t\t<\/div>\n\t\t\t\t<\/div>\n\t\t\t\t\t<\/div>\n\t\t<\/div>\n\t\t\t\t<div class=\"elementor-column elementor-col-20 elementor-top-column elementor-element elementor-element-1b28ad9\" data-id=\"1b28ad9\" data-element_type=\"column\" data-e-type=\"column\">\n\t\t\t<div class=\"elementor-widget-wrap elementor-element-populated\">\n\t\t\t\t\t\t<div class=\"elementor-element elementor-element-836c64d elementor-widget elementor-widget-text-editor\" data-id=\"836c64d\" data-element_type=\"widget\" data-e-type=\"widget\" data-widget_type=\"text-editor.default\">\n\t\t\t\t<div class=\"elementor-widget-container\">\n\t\t\t\t\t\t\t\t\t<h6 style=\"text-align: left;\">Accessoires<\/h6><p>\u00a0<\/p><h6 style=\"text-align: left;\">Koppel I\/II<br \/>Koppel III\/II<br \/>Pedalkoppel I\/P<br \/>Pedalkoppel II\/P<br \/>Pedalkoppel III\/P<\/h6><h6 style=\"text-align: left;\"><br \/>Tr\u00e9molo III<\/h6><p>\u00a0<\/p><h6 style=\"text-align: left;\">\u00a0<\/h6>\t\t\t\t\t\t\t\t<\/div>\n\t\t\t\t<\/div>\n\t\t\t\t\t<\/div>\n\t\t<\/div>\n\t\t\t\t\t<\/div>\n\t\t<\/section>\n\t\t\t\t<section class=\"elementor-section elementor-top-section elementor-element elementor-element-7c76e63 elementor-section-boxed elementor-section-height-default elementor-section-height-default\" data-id=\"7c76e63\" data-element_type=\"section\" data-e-type=\"section\">\n\t\t\t\t\t\t<div class=\"elementor-container elementor-column-gap-default\">\n\t\t\t\t\t<div class=\"elementor-column elementor-col-100 elementor-top-column elementor-element elementor-element-6684839\" data-id=\"6684839\" data-element_type=\"column\" data-e-type=\"column\">\n\t\t\t<div class=\"elementor-widget-wrap elementor-element-populated\">\n\t\t\t\t\t\t<div class=\"elementor-element elementor-element-1e863b2 elementor-widget elementor-widget-text-editor\" data-id=\"1e863b2\" data-element_type=\"widget\" data-e-type=\"widget\" data-widget_type=\"text-editor.default\">\n\t\t\t\t<div class=\"elementor-widget-container\">\n\t\t\t\t\t\t\t\t\t<h6><b><span style=\"font-size: 11.0pt; mso-bidi-font-size: 12.0pt; font-family: 'Comic Sans MS';\">* jeux communs avec Grand-Jeu<\/span><\/b><\/h6>\t\t\t\t\t\t\t\t<\/div>\n\t\t\t\t<\/div>\n\t\t\t\t\t<\/div>\n\t\t<\/div>\n\t\t\t\t\t<\/div>\n\t\t<\/section>\n\t\t\t\t<section class=\"elementor-section elementor-top-section elementor-element elementor-element-e8a6523 elementor-section-boxed elementor-section-height-default elementor-section-height-default\" data-id=\"e8a6523\" data-element_type=\"section\" data-e-type=\"section\">\n\t\t\t\t\t\t<div class=\"elementor-container elementor-column-gap-default\">\n\t\t\t\t\t<div class=\"elementor-column elementor-col-100 elementor-top-column elementor-element elementor-element-14c490f\" data-id=\"14c490f\" data-element_type=\"column\" data-e-type=\"column\">\n\t\t\t<div class=\"elementor-widget-wrap elementor-element-populated\">\n\t\t\t\t\t\t<div class=\"elementor-element elementor-element-ed00a7a elementor-widget elementor-widget-text-editor\" data-id=\"ed00a7a\" data-element_type=\"widget\" data-e-type=\"widget\" data-widget_type=\"text-editor.default\">\n\t\t\t\t<div class=\"elementor-widget-container\">\n\t\t\t\t\t\t\t\t\t<h6><b>Maintenance de l\u2019orgue<\/b><\/h6>\t\t\t\t\t\t\t\t<\/div>\n\t\t\t\t<\/div>\n\t\t\t\t\t<\/div>\n\t\t<\/div>\n\t\t\t\t\t<\/div>\n\t\t<\/section>\n\t\t\t\t<section class=\"elementor-section elementor-top-section elementor-element elementor-element-c0104df elementor-section-boxed elementor-section-height-default elementor-section-height-default\" data-id=\"c0104df\" data-element_type=\"section\" data-e-type=\"section\">\n\t\t\t\t\t\t<div class=\"elementor-container elementor-column-gap-default\">\n\t\t\t\t\t<div class=\"elementor-column elementor-col-100 elementor-top-column elementor-element elementor-element-0cca964\" data-id=\"0cca964\" data-element_type=\"column\" data-e-type=\"column\">\n\t\t\t<div class=\"elementor-widget-wrap elementor-element-populated\">\n\t\t\t\t\t\t<div class=\"elementor-element elementor-element-3d0bf41 elementor-widget elementor-widget-image\" data-id=\"3d0bf41\" data-element_type=\"widget\" data-e-type=\"widget\" data-widget_type=\"image.default\">\n\t\t\t\t<div class=\"elementor-widget-container\">\n\t\t\t\t\t\t\t\t\t\t\t\t\t\t\t<img fetchpriority=\"high\" decoding=\"async\" width=\"639\" height=\"1024\" src=\"https:\/\/uhryorgues.com\/wp-content\/uploads\/2023\/02\/NAK-Fribourg-1-639x1024.jpg\" class=\"attachment-large size-large wp-image-754\" alt=\"\" srcset=\"https:\/\/uhryorgues.com\/wp-content\/uploads\/2023\/02\/NAK-Fribourg-1-639x1024.jpg 639w, https:\/\/uhryorgues.com\/wp-content\/uploads\/2023\/02\/NAK-Fribourg-1-187x300.jpg 187w, https:\/\/uhryorgues.com\/wp-content\/uploads\/2023\/02\/NAK-Fribourg-1.jpg 685w\" sizes=\"(max-width: 639px) 100vw, 639px\" \/>\t\t\t\t\t\t\t\t\t\t\t\t\t\t\t<\/div>\n\t\t\t\t<\/div>\n\t\t\t\t\t<\/div>\n\t\t<\/div>\n\t\t\t\t\t<\/div>\n\t\t<\/section>\n\t\t\t\t<section class=\"elementor-section elementor-top-section elementor-element elementor-element-98742c9 elementor-section-boxed elementor-section-height-default elementor-section-height-default\" data-id=\"98742c9\" data-element_type=\"section\" data-e-type=\"section\">\n\t\t\t\t\t\t<div class=\"elementor-container elementor-column-gap-default\">\n\t\t\t\t\t<div class=\"elementor-column elementor-col-100 elementor-top-column elementor-element elementor-element-7c23ece\" data-id=\"7c23ece\" data-element_type=\"column\" data-e-type=\"column\">\n\t\t\t<div class=\"elementor-widget-wrap elementor-element-populated\">\n\t\t\t\t\t\t<div class=\"elementor-element elementor-element-0af35e3 elementor-widget elementor-widget-heading\" data-id=\"0af35e3\" data-element_type=\"widget\" data-e-type=\"widget\" data-widget_type=\"heading.default\">\n\t\t\t\t<div class=\"elementor-widget-container\">\n\t\t\t\t\t<h3 class=\"elementor-heading-title elementor-size-default\">Pr\u00e9paration  de l'orgue pour le concert de <br>Nico Maurice SCHUMANN le 26 mars 2023<\/h3>\t\t\t\t<\/div>\n\t\t\t\t<\/div>\n\t\t\t\t\t<\/div>\n\t\t<\/div>\n\t\t\t\t\t<\/div>\n\t\t<\/section>\n\t\t\t\t<section class=\"elementor-section elementor-top-section elementor-element elementor-element-40ab94b elementor-section-boxed elementor-section-height-default elementor-section-height-default\" data-id=\"40ab94b\" data-element_type=\"section\" data-e-type=\"section\">\n\t\t\t\t\t\t<div class=\"elementor-container elementor-column-gap-default\">\n\t\t\t\t\t<div class=\"elementor-column elementor-col-33 elementor-top-column elementor-element elementor-element-d4dcc32\" data-id=\"d4dcc32\" data-element_type=\"column\" data-e-type=\"column\">\n\t\t\t<div class=\"elementor-widget-wrap elementor-element-populated\">\n\t\t\t\t\t\t<div class=\"elementor-element elementor-element-6e84778 elementor-widget elementor-widget-image\" data-id=\"6e84778\" data-element_type=\"widget\" data-e-type=\"widget\" data-widget_type=\"image.default\">\n\t\t\t\t<div class=\"elementor-widget-container\">\n\t\t\t\t\t\t\t\t\t\t\t\t\t\t\t<img decoding=\"async\" width=\"768\" height=\"1024\" src=\"https:\/\/uhryorgues.com\/wp-content\/uploads\/2023\/04\/20230317_150706-768x1024.jpg\" class=\"attachment-large size-large wp-image-2257\" alt=\"\" srcset=\"https:\/\/uhryorgues.com\/wp-content\/uploads\/2023\/04\/20230317_150706-768x1024.jpg 768w, https:\/\/uhryorgues.com\/wp-content\/uploads\/2023\/04\/20230317_150706-225x300.jpg 225w, https:\/\/uhryorgues.com\/wp-content\/uploads\/2023\/04\/20230317_150706-1152x1536.jpg 1152w, https:\/\/uhryorgues.com\/wp-content\/uploads\/2023\/04\/20230317_150706-1536x2048.jpg 1536w, https:\/\/uhryorgues.com\/wp-content\/uploads\/2023\/04\/20230317_150706-scaled.jpg 1920w\" sizes=\"(max-width: 768px) 100vw, 768px\" \/>\t\t\t\t\t\t\t\t\t\t\t\t\t\t\t<\/div>\n\t\t\t\t<\/div>\n\t\t\t\t<div class=\"elementor-element elementor-element-a1a0c83 elementor-widget elementor-widget-heading\" data-id=\"a1a0c83\" data-element_type=\"widget\" data-e-type=\"widget\" data-widget_type=\"heading.default\">\n\t\t\t\t<div class=\"elementor-widget-container\">\n\t\t\t\t\t<h5 class=\"elementor-heading-title elementor-size-default\">Accord de l'orgue avec mon Orgamat<\/h5>\t\t\t\t<\/div>\n\t\t\t\t<\/div>\n\t\t\t\t\t<\/div>\n\t\t<\/div>\n\t\t\t\t<div class=\"elementor-column elementor-col-33 elementor-top-column elementor-element elementor-element-c63e09a\" data-id=\"c63e09a\" data-element_type=\"column\" data-e-type=\"column\">\n\t\t\t<div class=\"elementor-widget-wrap elementor-element-populated\">\n\t\t\t\t\t\t<div class=\"elementor-element elementor-element-d1de593 elementor-widget elementor-widget-image\" data-id=\"d1de593\" data-element_type=\"widget\" data-e-type=\"widget\" data-widget_type=\"image.default\">\n\t\t\t\t<div class=\"elementor-widget-container\">\n\t\t\t\t\t\t\t\t\t\t\t\t\t\t\t<img decoding=\"async\" width=\"1024\" height=\"745\" src=\"https:\/\/uhryorgues.com\/wp-content\/uploads\/2023\/04\/1-1024x745.jpg\" class=\"attachment-large size-large wp-image-2258\" alt=\"\" srcset=\"https:\/\/uhryorgues.com\/wp-content\/uploads\/2023\/04\/1-1024x745.jpg 1024w, https:\/\/uhryorgues.com\/wp-content\/uploads\/2023\/04\/1-300x218.jpg 300w, https:\/\/uhryorgues.com\/wp-content\/uploads\/2023\/04\/1-768x559.jpg 768w, https:\/\/uhryorgues.com\/wp-content\/uploads\/2023\/04\/1-1536x1117.jpg 1536w, https:\/\/uhryorgues.com\/wp-content\/uploads\/2023\/04\/1-2048x1489.jpg 2048w\" sizes=\"(max-width: 1024px) 100vw, 1024px\" \/>\t\t\t\t\t\t\t\t\t\t\t\t\t\t\t<\/div>\n\t\t\t\t<\/div>\n\t\t\t\t<div class=\"elementor-element elementor-element-2fc70f7 elementor-widget elementor-widget-heading\" data-id=\"2fc70f7\" data-element_type=\"widget\" data-e-type=\"widget\" data-widget_type=\"heading.default\">\n\t\t\t\t<div class=\"elementor-widget-container\">\n\t\t\t\t\t<h2 class=\"elementor-heading-title elementor-size-default\">Programme<\/h2>\t\t\t\t<\/div>\n\t\t\t\t<\/div>\n\t\t\t\t\t<\/div>\n\t\t<\/div>\n\t\t\t\t<div class=\"elementor-column elementor-col-33 elementor-top-column elementor-element elementor-element-5513f79\" data-id=\"5513f79\" data-element_type=\"column\" data-e-type=\"column\">\n\t\t\t<div class=\"elementor-widget-wrap elementor-element-populated\">\n\t\t\t\t\t\t<div class=\"elementor-element elementor-element-920860a elementor-widget elementor-widget-image\" data-id=\"920860a\" data-element_type=\"widget\" data-e-type=\"widget\" data-widget_type=\"image.default\">\n\t\t\t\t<div class=\"elementor-widget-container\">\n\t\t\t\t\t\t\t\t\t\t\t\t\t\t\t<img loading=\"lazy\" decoding=\"async\" width=\"1024\" height=\"745\" src=\"https:\/\/uhryorgues.com\/wp-content\/uploads\/2023\/04\/2-1024x745.jpg\" class=\"attachment-large size-large wp-image-2260\" alt=\"\" srcset=\"https:\/\/uhryorgues.com\/wp-content\/uploads\/2023\/04\/2-1024x745.jpg 1024w, https:\/\/uhryorgues.com\/wp-content\/uploads\/2023\/04\/2-300x218.jpg 300w, https:\/\/uhryorgues.com\/wp-content\/uploads\/2023\/04\/2-768x559.jpg 768w, https:\/\/uhryorgues.com\/wp-content\/uploads\/2023\/04\/2-1536x1117.jpg 1536w, https:\/\/uhryorgues.com\/wp-content\/uploads\/2023\/04\/2-2048x1489.jpg 2048w\" sizes=\"(max-width: 1024px) 100vw, 1024px\" \/>\t\t\t\t\t\t\t\t\t\t\t\t\t\t\t<\/div>\n\t\t\t\t<\/div>\n\t\t\t\t<div class=\"elementor-element elementor-element-fbf2fcb elementor-widget elementor-widget-heading\" data-id=\"fbf2fcb\" data-element_type=\"widget\" data-e-type=\"widget\" data-widget_type=\"heading.default\">\n\t\t\t\t<div class=\"elementor-widget-container\">\n\t\t\t\t\t<h2 class=\"elementor-heading-title elementor-size-default\">du concert<\/h2>\t\t\t\t<\/div>\n\t\t\t\t<\/div>\n\t\t\t\t\t<\/div>\n\t\t<\/div>\n\t\t\t\t\t<\/div>\n\t\t<\/section>\n\t\t\t\t<\/div>\n\t\t","protected":false},"excerpt":{"rendered":"<p>FREIBURG IN BREISGAU ORGUE DE L&rsquo;\u00c9GLISE NEOAPOSTOLIQUEFacteur d&rsquo;orgues : Fischer + kr\u00e4mer 20103 claviers, p\u00e9dalier, 23 registresTraction m\u00e9canique des notes et des jeux &nbsp;&nbsp;&nbsp;&nbsp;&nbsp;&nbsp;&nbsp;&nbsp;&nbsp;&nbsp;&nbsp;&nbsp;&nbsp;&nbsp;&nbsp;&nbsp;&nbsp;&nbsp;&nbsp;&nbsp;&nbsp;&nbsp;&nbsp;&nbsp;&nbsp;&nbsp;&nbsp;&nbsp;&nbsp;&nbsp;&nbsp;&nbsp;&nbsp;&nbsp;&nbsp;&nbsp;&nbsp;&nbsp;&nbsp;&nbsp;&nbsp;&nbsp;&nbsp;&nbsp;&nbsp;&nbsp;&nbsp;&nbsp;&nbsp;&nbsp;&nbsp;&nbsp;&nbsp;&nbsp;&nbsp;&nbsp;&nbsp;&nbsp;&nbsp;&nbsp; &nbsp;&nbsp;&nbsp;&nbsp;&nbsp;&nbsp;&nbsp;&nbsp;&nbsp;&nbsp;&nbsp;&nbsp;&nbsp;&nbsp;&nbsp;&nbsp;&nbsp;&nbsp;&nbsp;&nbsp;&nbsp;&nbsp;&nbsp;&nbsp;&nbsp;&nbsp;&nbsp;&nbsp;&nbsp;&nbsp;&nbsp;&nbsp;&nbsp;&nbsp;&nbsp;&nbsp;&nbsp;&nbsp;&nbsp;&nbsp;&nbsp;&nbsp;&nbsp;&nbsp;&nbsp;&nbsp;&nbsp;&nbsp;&nbsp;&nbsp;&nbsp;&nbsp;&nbsp;&nbsp;&nbsp;&nbsp;&nbsp;&nbsp;&nbsp;&nbsp;&nbsp;&nbsp;&nbsp;&nbsp;&nbsp;&nbsp;&nbsp;&nbsp;&nbsp;&nbsp;&nbsp;&nbsp; I &#8211; Grand-Jeu56 notes C-g Bourdon 16&prime;Fl\u00fbte 8&prime;Fl\u00fbte 4&prime;Cornet 3 f. 2 2\/3&prime;Basson 16&prime; II &#8211; Grand-Orgue56 notes C-g Montre 8&prime;Gamba 8&prime;Fl\u00fbte \u00e0 chemin\u00e9e 8&prime;Prestant 4&prime;Fl\u00fbte harmonique 4&prime;Doublette 2&prime;Mixture 4 [&hellip;]<\/p>\n","protected":false},"author":1,"featured_media":0,"parent":0,"menu_order":0,"comment_status":"closed","ping_status":"closed","template":"","meta":{"site-sidebar-layout":"no-sidebar","site-content-layout":"page-builder","ast-site-content-layout":"default","site-content-style":"default","site-sidebar-style":"default","ast-global-header-display":"","ast-banner-title-visibility":"","ast-main-header-display":"","ast-hfb-above-header-display":"","ast-hfb-below-header-display":"","ast-hfb-mobile-header-display":"","site-post-title":"disabled","ast-breadcrumbs-content":"","ast-featured-img":"disabled","footer-sml-layout":"","ast-disable-related-posts":"","theme-transparent-header-meta":"","adv-header-id-meta":"","stick-header-meta":"","header-above-stick-meta":"","header-main-stick-meta":"","header-below-stick-meta":"","astra-migrate-meta-layouts":"default","ast-page-background-enabled":"default","ast-page-background-meta":{"desktop":{"background-color":"","background-image":"","background-repeat":"repeat","background-position":"center center","background-size":"auto","background-attachment":"scroll","background-type":"","background-media":"","overlay-type":"","overlay-color":"","overlay-opacity":"","overlay-gradient":""},"tablet":{"background-color":"","background-image":"","background-repeat":"repeat","background-position":"center center","background-size":"auto","background-attachment":"scroll","background-type":"","background-media":"","overlay-type":"","overlay-color":"","overlay-opacity":"","overlay-gradient":""},"mobile":{"background-color":"","background-image":"","background-repeat":"repeat","background-position":"center center","background-size":"auto","background-attachment":"scroll","background-type":"","background-media":"","overlay-type":"","overlay-color":"","overlay-opacity":"","overlay-gradient":""}},"ast-content-background-meta":{"desktop":{"background-color":"var(--ast-global-color-5)","background-image":"","background-repeat":"repeat","background-position":"center center","background-size":"auto","background-attachment":"scroll","background-type":"","background-media":"","overlay-type":"","overlay-color":"","overlay-opacity":"","overlay-gradient":""},"tablet":{"background-color":"var(--ast-global-color-5)","background-image":"","background-repeat":"repeat","background-position":"center center","background-size":"auto","background-attachment":"scroll","background-type":"","background-media":"","overlay-type":"","overlay-color":"","overlay-opacity":"","overlay-gradient":""},"mobile":{"background-color":"var(--ast-global-color-5)","background-image":"","background-repeat":"repeat","background-position":"center center","background-size":"auto","background-attachment":"scroll","background-type":"","background-media":"","overlay-type":"","overlay-color":"","overlay-opacity":"","overlay-gradient":""}},"footnotes":""},"class_list":["post-1544","page","type-page","status-publish","hentry"],"aioseo_notices":[],"_links":{"self":[{"href":"https:\/\/uhryorgues.com\/index.php\/wp-json\/wp\/v2\/pages\/1544","targetHints":{"allow":["GET"]}}],"collection":[{"href":"https:\/\/uhryorgues.com\/index.php\/wp-json\/wp\/v2\/pages"}],"about":[{"href":"https:\/\/uhryorgues.com\/index.php\/wp-json\/wp\/v2\/types\/page"}],"author":[{"embeddable":true,"href":"https:\/\/uhryorgues.com\/index.php\/wp-json\/wp\/v2\/users\/1"}],"replies":[{"embeddable":true,"href":"https:\/\/uhryorgues.com\/index.php\/wp-json\/wp\/v2\/comments?post=1544"}],"version-history":[{"count":73,"href":"https:\/\/uhryorgues.com\/index.php\/wp-json\/wp\/v2\/pages\/1544\/revisions"}],"predecessor-version":[{"id":2303,"href":"https:\/\/uhryorgues.com\/index.php\/wp-json\/wp\/v2\/pages\/1544\/revisions\/2303"}],"wp:attachment":[{"href":"https:\/\/uhryorgues.com\/index.php\/wp-json\/wp\/v2\/media?parent=1544"}],"curies":[{"name":"wp","href":"https:\/\/api.w.org\/{rel}","templated":true}]}}