{"id":1382,"date":"2023-03-01T15:10:42","date_gmt":"2023-03-01T15:10:42","guid":{"rendered":"https:\/\/uhryorgues.com\/?page_id=1382"},"modified":"2023-03-01T18:40:39","modified_gmt":"2023-03-01T18:40:39","slug":"composition-freiburg-im-breisgau","status":"publish","type":"page","link":"https:\/\/uhryorgues.com\/index.php\/composition-freiburg-im-breisgau\/","title":{"rendered":"COMPOSITION FREIBURG IM BREISGAU"},"content":{"rendered":"\t\t<div data-elementor-type=\"wp-page\" data-elementor-id=\"1382\" class=\"elementor elementor-1382\">\n\t\t\t\t\t\t<section class=\"elementor-section elementor-top-section elementor-element elementor-element-7648faf elementor-section-boxed elementor-section-height-default elementor-section-height-default\" data-id=\"7648faf\" data-element_type=\"section\" data-e-type=\"section\" data-settings=\"{&quot;background_background&quot;:&quot;classic&quot;}\">\n\t\t\t\t\t\t\t<div class=\"elementor-background-overlay\"><\/div>\n\t\t\t\t\t\t\t<div class=\"elementor-container elementor-column-gap-default\">\n\t\t\t\t\t<div class=\"elementor-column elementor-col-100 elementor-top-column elementor-element elementor-element-0617fd2\" data-id=\"0617fd2\" data-element_type=\"column\" data-e-type=\"column\">\n\t\t\t<div class=\"elementor-widget-wrap elementor-element-populated\">\n\t\t\t\t\t\t<div class=\"elementor-element elementor-element-d762054 elementor-widget elementor-widget-heading\" data-id=\"d762054\" data-element_type=\"widget\" data-e-type=\"widget\" data-widget_type=\"heading.default\">\n\t\t\t\t<div class=\"elementor-widget-container\">\n\t\t\t\t\t<h1 class=\"elementor-heading-title elementor-size-default\">FREIBURG <\/h1>\t\t\t\t<\/div>\n\t\t\t\t<\/div>\n\t\t\t\t\t<\/div>\n\t\t<\/div>\n\t\t\t\t\t<\/div>\n\t\t<\/section>\n\t\t\t\t<section class=\"elementor-section elementor-top-section elementor-element elementor-element-059ddb7 elementor-section-boxed elementor-section-height-default elementor-section-height-default\" data-id=\"059ddb7\" data-element_type=\"section\" data-e-type=\"section\">\n\t\t\t\t\t\t<div class=\"elementor-container elementor-column-gap-default\">\n\t\t\t\t\t<div class=\"elementor-column elementor-col-100 elementor-top-column elementor-element elementor-element-2ca1408\" data-id=\"2ca1408\" data-element_type=\"column\" data-e-type=\"column\">\n\t\t\t<div class=\"elementor-widget-wrap elementor-element-populated\">\n\t\t\t\t\t\t<div class=\"elementor-element elementor-element-9ab4d36 elementor-widget elementor-widget-heading\" data-id=\"9ab4d36\" data-element_type=\"widget\" data-e-type=\"widget\" data-widget_type=\"heading.default\">\n\t\t\t\t<div class=\"elementor-widget-container\">\n\t\t\t\t\t<h6 class=\"elementor-heading-title elementor-size-default\"><span style=\"color: var(--ast-global-color-2);font-size: 2.125rem;background-color: var(--ast-global-color-4)\">ORGUE DE L'\u00c9GLISE SAINT ANDREAS<\/span><br>Facteur d'orgues : Fischer + kr\u00e4mer 1976<br>2 claviers, p\u00e9dalier,  27 registres<br>Traction m\u00e9canique des notes<br>Traction \u00e9lectrique des jeux<br>Combinaisons fixes et libres<br>\n\n<p style=\"margin-bottom:0cm;line-height:normal\"><br><\/p><p style=\"margin-bottom:0cm;line-height:normal\"><br><\/p><\/h6>\t\t\t\t<\/div>\n\t\t\t\t<\/div>\n\t\t\t\t\t<\/div>\n\t\t<\/div>\n\t\t\t\t\t<\/div>\n\t\t<\/section>\n\t\t\t\t<section class=\"elementor-section elementor-top-section elementor-element elementor-element-e7678b8 elementor-section-boxed elementor-section-height-default elementor-section-height-default\" data-id=\"e7678b8\" data-element_type=\"section\" data-e-type=\"section\">\n\t\t\t\t\t\t<div class=\"elementor-container elementor-column-gap-default\">\n\t\t\t\t\t<div class=\"elementor-column elementor-col-25 elementor-top-column elementor-element elementor-element-843d880\" data-id=\"843d880\" data-element_type=\"column\" data-e-type=\"column\">\n\t\t\t<div class=\"elementor-widget-wrap elementor-element-populated\">\n\t\t\t\t\t\t<div class=\"elementor-element elementor-element-27aa868 elementor-widget elementor-widget-text-editor\" data-id=\"27aa868\" data-element_type=\"widget\" data-e-type=\"widget\" data-widget_type=\"text-editor.default\">\n\t\t\t\t<div class=\"elementor-widget-container\">\n\t\t\t\t\t\t\t\t\t<h6 style=\"text-align: left;\">I &#8211; Hauptwerk<br \/>56 notes C-g<\/h6><h6>Pommer 16&prime;<br \/>Principal 8&prime;<br \/>Rohrgedeckt 8&prime;<br \/>Oktave 4&prime;<br \/>Blockfl\u00f6te 4&prime;<br \/>Nazard 2 2\/3&prime;<br \/>Superoktav 2&prime;<br \/>Terz 1 3\/5&prime;<br \/>Mixture 4 f. 1 1\/3&prime;<br \/>Trompete 8&prime;<\/h6>\t\t\t\t\t\t\t\t<\/div>\n\t\t\t\t<\/div>\n\t\t\t\t\t<\/div>\n\t\t<\/div>\n\t\t\t\t<div class=\"elementor-column elementor-col-25 elementor-top-column elementor-element elementor-element-8fd97e5\" data-id=\"8fd97e5\" data-element_type=\"column\" data-e-type=\"column\">\n\t\t\t<div class=\"elementor-widget-wrap elementor-element-populated\">\n\t\t\t\t\t\t<div class=\"elementor-element elementor-element-8e61644 elementor-widget elementor-widget-text-editor\" data-id=\"8e61644\" data-element_type=\"widget\" data-e-type=\"widget\" data-widget_type=\"text-editor.default\">\n\t\t\t\t<div class=\"elementor-widget-container\">\n\t\t\t\t\t\t\t\t\t<h6 style=\"text-align: left;\">II &#8211; Schwellwerk<br \/>56 notes C-g<\/h6><h6>Holzgedeckt 8&prime;<br \/>Voix coelestis 8&prime;<br \/>Principal 4&prime;<br \/>Rohrfl\u00f6te 4&prime;<br \/>Waldfl\u00f6te 2&prime;<br \/>Larigot 1 1\/3&prime;<br \/>Sesquialter 2 2\/3&prime;<br \/>Scharff 4f. 1&prime;<br \/>Dulcian 8&prime;<br \/>Hautbois 4&prime;<\/h6><h6>\u00a0<\/h6>\t\t\t\t\t\t\t\t<\/div>\n\t\t\t\t<\/div>\n\t\t\t\t\t<\/div>\n\t\t<\/div>\n\t\t\t\t<div class=\"elementor-column elementor-col-25 elementor-top-column elementor-element elementor-element-9dd2653\" data-id=\"9dd2653\" data-element_type=\"column\" data-e-type=\"column\">\n\t\t\t<div class=\"elementor-widget-wrap elementor-element-populated\">\n\t\t\t\t\t\t<div class=\"elementor-element elementor-element-ef4891f elementor-widget elementor-widget-text-editor\" data-id=\"ef4891f\" data-element_type=\"widget\" data-e-type=\"widget\" data-widget_type=\"text-editor.default\">\n\t\t\t\t<div class=\"elementor-widget-container\">\n\t\t\t\t\t\t\t\t\t<h6 style=\"text-align: left;\">Pedal<br>30 notes<\/h6>\n<h6>Subass 16&prime;<br>Oktavbass 8&prime;<br>Gedeckt 8&prime;<br>Holzfl\u00f6te 4&prime;<br>Rauschpfeife 2 2\/3&prime;<br>Fagott 16&prime;<br>Trompete 8&prime;<\/h6>\n\n\n\n\n\n\n<h6>&nbsp;<\/h6>\t\t\t\t\t\t\t\t<\/div>\n\t\t\t\t<\/div>\n\t\t\t\t\t<\/div>\n\t\t<\/div>\n\t\t\t\t<div class=\"elementor-column elementor-col-25 elementor-top-column elementor-element elementor-element-142f14c\" data-id=\"142f14c\" data-element_type=\"column\" data-e-type=\"column\">\n\t\t\t<div class=\"elementor-widget-wrap elementor-element-populated\">\n\t\t\t\t\t\t<div class=\"elementor-element elementor-element-bf617a8 elementor-widget elementor-widget-text-editor\" data-id=\"bf617a8\" data-element_type=\"widget\" data-e-type=\"widget\" data-widget_type=\"text-editor.default\">\n\t\t\t\t<div class=\"elementor-widget-container\">\n\t\t\t\t\t\t\t\t\t<h6 style=\"text-align: left;\">Accessoires<\/h6>\n<h6>Koppel II\/I<br>Pedalkoppel I\/P<br>Pedalkoppel II\/P<br>2 combinaisons libres<\/h6>\n<h6>&nbsp;<\/h6>\n<h6>Tr\u00e9molo II<\/h6>\n<h6>&nbsp;<\/h6>\t\t\t\t\t\t\t\t<\/div>\n\t\t\t\t<\/div>\n\t\t\t\t\t<\/div>\n\t\t<\/div>\n\t\t\t\t\t<\/div>\n\t\t<\/section>\n\t\t\t\t<section class=\"elementor-section elementor-top-section elementor-element elementor-element-4deb503 elementor-section-boxed elementor-section-height-default elementor-section-height-default\" data-id=\"4deb503\" data-element_type=\"section\" data-e-type=\"section\">\n\t\t\t\t\t\t<div class=\"elementor-container elementor-column-gap-default\">\n\t\t\t\t\t<div class=\"elementor-column elementor-col-100 elementor-top-column elementor-element elementor-element-60b21d8\" data-id=\"60b21d8\" data-element_type=\"column\" data-e-type=\"column\">\n\t\t\t<div class=\"elementor-widget-wrap elementor-element-populated\">\n\t\t\t\t\t\t<div class=\"elementor-element elementor-element-22c3c41 elementor-widget elementor-widget-text-editor\" data-id=\"22c3c41\" data-element_type=\"widget\" data-e-type=\"widget\" data-widget_type=\"text-editor.default\">\n\t\t\t\t<div class=\"elementor-widget-container\">\n\t\t\t\t\t\t\t\t\t<h6><b><span style=\"font-size: 11.0pt; mso-bidi-font-size: 12.0pt; font-family: 'Comic Sans MS';\"><br \/><\/span><\/b><b><span style=\"font-size: 11.0pt; mso-bidi-font-size: 12.0pt; font-family: 'Comic Sans MS';\">Maintenance annuelle de l\u2019orgue<\/span><\/b><\/h6>\t\t\t\t\t\t\t\t<\/div>\n\t\t\t\t<\/div>\n\t\t\t\t\t<\/div>\n\t\t<\/div>\n\t\t\t\t\t<\/div>\n\t\t<\/section>\n\t\t\t\t<section class=\"elementor-section elementor-top-section elementor-element elementor-element-00baa15 elementor-section-boxed elementor-section-height-default elementor-section-height-default\" data-id=\"00baa15\" data-element_type=\"section\" data-e-type=\"section\">\n\t\t\t\t\t\t<div class=\"elementor-container elementor-column-gap-default\">\n\t\t\t\t\t<div class=\"elementor-column elementor-col-100 elementor-top-column elementor-element elementor-element-8043741\" data-id=\"8043741\" data-element_type=\"column\" data-e-type=\"column\">\n\t\t\t<div class=\"elementor-widget-wrap elementor-element-populated\">\n\t\t\t\t\t\t<div class=\"elementor-element elementor-element-fbbadcf elementor-widget elementor-widget-image\" data-id=\"fbbadcf\" data-element_type=\"widget\" data-e-type=\"widget\" data-widget_type=\"image.default\">\n\t\t\t\t<div class=\"elementor-widget-container\">\n\t\t\t\t\t\t\t\t\t\t\t\t\t\t\t<img fetchpriority=\"high\" decoding=\"async\" width=\"576\" height=\"1024\" src=\"https:\/\/uhryorgues.com\/wp-content\/uploads\/2023\/03\/Buffet-ST-Andreas-Fribourg-576x1024.jpg\" class=\"attachment-large size-large wp-image-1390\" alt=\"\" srcset=\"https:\/\/uhryorgues.com\/wp-content\/uploads\/2023\/03\/Buffet-ST-Andreas-Fribourg-576x1024.jpg 576w, https:\/\/uhryorgues.com\/wp-content\/uploads\/2023\/03\/Buffet-ST-Andreas-Fribourg-169x300.jpg 169w, https:\/\/uhryorgues.com\/wp-content\/uploads\/2023\/03\/Buffet-ST-Andreas-Fribourg-768x1366.jpg 768w, https:\/\/uhryorgues.com\/wp-content\/uploads\/2023\/03\/Buffet-ST-Andreas-Fribourg-864x1536.jpg 864w, https:\/\/uhryorgues.com\/wp-content\/uploads\/2023\/03\/Buffet-ST-Andreas-Fribourg-1152x2048.jpg 1152w, https:\/\/uhryorgues.com\/wp-content\/uploads\/2023\/03\/Buffet-ST-Andreas-Fribourg-scaled.jpg 1440w\" sizes=\"(max-width: 576px) 100vw, 576px\" \/>\t\t\t\t\t\t\t\t\t\t\t\t\t\t\t<\/div>\n\t\t\t\t<\/div>\n\t\t\t\t\t<\/div>\n\t\t<\/div>\n\t\t\t\t\t<\/div>\n\t\t<\/section>\n\t\t\t\t<\/div>\n\t\t","protected":false},"excerpt":{"rendered":"<p>FREIBURG ORGUE DE L&rsquo;\u00c9GLISE SAINT ANDREASFacteur d&rsquo;orgues : Fischer + kr\u00e4mer 19762 claviers, p\u00e9dalier, 27 registresTraction m\u00e9canique des notesTraction \u00e9lectrique des jeuxCombinaisons fixes et libres I &#8211; Hauptwerk56 notes C-g Pommer 16&prime;Principal 8&prime;Rohrgedeckt 8&prime;Oktave 4&prime;Blockfl\u00f6te 4&prime;Nazard 2 2\/3&prime;Superoktav 2&prime;Terz 1 3\/5&prime;Mixture 4 f. 1 1\/3&prime;Trompete 8&prime; II &#8211; Schwellwerk56 notes C-g Holzgedeckt 8&prime;Voix coelestis 8&prime;Principal [&hellip;]<\/p>\n","protected":false},"author":1,"featured_media":0,"parent":0,"menu_order":0,"comment_status":"closed","ping_status":"closed","template":"","meta":{"site-sidebar-layout":"no-sidebar","site-content-layout":"page-builder","ast-site-content-layout":"default","site-content-style":"default","site-sidebar-style":"default","ast-global-header-display":"","ast-banner-title-visibility":"","ast-main-header-display":"","ast-hfb-above-header-display":"","ast-hfb-below-header-display":"","ast-hfb-mobile-header-display":"","site-post-title":"disabled","ast-breadcrumbs-content":"","ast-featured-img":"disabled","footer-sml-layout":"","ast-disable-related-posts":"","theme-transparent-header-meta":"","adv-header-id-meta":"","stick-header-meta":"","header-above-stick-meta":"","header-main-stick-meta":"","header-below-stick-meta":"","astra-migrate-meta-layouts":"default","ast-page-background-enabled":"default","ast-page-background-meta":{"desktop":{"background-color":"","background-image":"","background-repeat":"repeat","background-position":"center center","background-size":"auto","background-attachment":"scroll","background-type":"","background-media":"","overlay-type":"","overlay-color":"","overlay-opacity":"","overlay-gradient":""},"tablet":{"background-color":"","background-image":"","background-repeat":"repeat","background-position":"center center","background-size":"auto","background-attachment":"scroll","background-type":"","background-media":"","overlay-type":"","overlay-color":"","overlay-opacity":"","overlay-gradient":""},"mobile":{"background-color":"","background-image":"","background-repeat":"repeat","background-position":"center center","background-size":"auto","background-attachment":"scroll","background-type":"","background-media":"","overlay-type":"","overlay-color":"","overlay-opacity":"","overlay-gradient":""}},"ast-content-background-meta":{"desktop":{"background-color":"var(--ast-global-color-5)","background-image":"","background-repeat":"repeat","background-position":"center center","background-size":"auto","background-attachment":"scroll","background-type":"","background-media":"","overlay-type":"","overlay-color":"","overlay-opacity":"","overlay-gradient":""},"tablet":{"background-color":"var(--ast-global-color-5)","background-image":"","background-repeat":"repeat","background-position":"center center","background-size":"auto","background-attachment":"scroll","background-type":"","background-media":"","overlay-type":"","overlay-color":"","overlay-opacity":"","overlay-gradient":""},"mobile":{"background-color":"var(--ast-global-color-5)","background-image":"","background-repeat":"repeat","background-position":"center center","background-size":"auto","background-attachment":"scroll","background-type":"","background-media":"","overlay-type":"","overlay-color":"","overlay-opacity":"","overlay-gradient":""}},"footnotes":""},"class_list":["post-1382","page","type-page","status-publish","hentry"],"aioseo_notices":[],"_links":{"self":[{"href":"https:\/\/uhryorgues.com\/index.php\/wp-json\/wp\/v2\/pages\/1382","targetHints":{"allow":["GET"]}}],"collection":[{"href":"https:\/\/uhryorgues.com\/index.php\/wp-json\/wp\/v2\/pages"}],"about":[{"href":"https:\/\/uhryorgues.com\/index.php\/wp-json\/wp\/v2\/types\/page"}],"author":[{"embeddable":true,"href":"https:\/\/uhryorgues.com\/index.php\/wp-json\/wp\/v2\/users\/1"}],"replies":[{"embeddable":true,"href":"https:\/\/uhryorgues.com\/index.php\/wp-json\/wp\/v2\/comments?post=1382"}],"version-history":[{"count":10,"href":"https:\/\/uhryorgues.com\/index.php\/wp-json\/wp\/v2\/pages\/1382\/revisions"}],"predecessor-version":[{"id":1464,"href":"https:\/\/uhryorgues.com\/index.php\/wp-json\/wp\/v2\/pages\/1382\/revisions\/1464"}],"wp:attachment":[{"href":"https:\/\/uhryorgues.com\/index.php\/wp-json\/wp\/v2\/media?parent=1382"}],"curies":[{"name":"wp","href":"https:\/\/api.w.org\/{rel}","templated":true}]}}